{"id":6018,"date":"2024-11-25T10:19:54","date_gmt":"2024-11-25T10:19:54","guid":{"rendered":"https:\/\/lifevac.lt\/produktai\/lifevac-sienas-stiprinajuma-komplekts\/"},"modified":"2024-11-25T10:19:54","modified_gmt":"2024-11-25T10:19:54","slug":"lifevac-sienas-stiprinajuma-komplekts","status":"publish","type":"product","link":"https:\/\/lifevac.lt\/lv\/produktiem\/lifevac-sienas-stiprinajuma-komplekts\/","title":{"rendered":"LifeVac sienas stiprin\u0101juma komplekts"},"content":{"rendered":"<h2>LifeVac &#8211; dz\u012bv\u012bbu gl\u0101bjo\u0161a ier\u012bce pret aizr\u012b\u0161anos<\/h2>\n<h2>Kas ir LifeVac sienas stiprin\u0101juma komplekts?<\/h2>\n<p><img loading=\"lazy\" decoding=\"async\" class=\"wp-image-3442 size-medium alignleft\" src=\"https:\/\/lifevac.lt\/wp-content\/uploads\/2024\/11\/pro-fRd3bv7T-scaled-e1732537038585-160x300.jpeg\" alt=\"\" width=\"160\" height=\"300\" srcset=\"https:\/\/lifevac.lt\/wp-content\/uploads\/2024\/11\/pro-fRd3bv7T-scaled-e1732537038585-160x300.jpeg 160w, https:\/\/lifevac.lt\/wp-content\/uploads\/2024\/11\/pro-fRd3bv7T-scaled-e1732537038585-548x1024.jpeg 548w, https:\/\/lifevac.lt\/wp-content\/uploads\/2024\/11\/pro-fRd3bv7T-scaled-e1732537038585-768x1436.jpeg 768w, https:\/\/lifevac.lt\/wp-content\/uploads\/2024\/11\/pro-fRd3bv7T-scaled-e1732537038585-821x1536.jpeg 821w, https:\/\/lifevac.lt\/wp-content\/uploads\/2024\/11\/pro-fRd3bv7T-scaled-e1732537038585-1095x2048.jpeg 1095w, https:\/\/lifevac.lt\/wp-content\/uploads\/2024\/11\/pro-fRd3bv7T-scaled-e1732537038585-600x1122.jpeg 600w, https:\/\/lifevac.lt\/wp-content\/uploads\/2024\/11\/pro-fRd3bv7T-scaled-e1732537038585.jpeg 1369w\" sizes=\"auto, (max-width: 160px) 100vw, 160px\" \/>LifeVac sienas komplekts ir m\u016bsdien\u012bgs, uzticams un dz\u012bv\u012bbu gl\u0101bjo\u0161s risin\u0101jums, kas paredz\u0113ts \u0101trai un efekt\u012bvai rea\u0123\u0113\u0161anai aizr\u012b\u0161an\u0101s gad\u012bjumos sabiedrisk\u0101s viet\u0101s, skol\u0101s, vesel\u012bbas apr\u016bpes iest\u0101d\u0113s un darbaviet\u0101s. \u0160is komplekts ir \u012bpa\u0161i izstr\u0101d\u0101ts, lai j\u016bs var\u0113tu r\u012bkoties \u0101tri, kad svar\u012bga ir katra sekunde. <\/p>\n<p>Praktisk\u0101 pie sienas piestiprin\u0101t\u0101 uzglab\u0101\u0161anas papl\u0101te nodro\u0161ina, ka LifeVac ir vienm\u0113r viegli redzams un pieejams. Tas ir ide\u0101ls risin\u0101jums \u0101trai piek\u013cuvei gan birojos, gan darba viet\u0101s, kur var rasties aizr\u012b\u0161an\u0101s risks. <\/p>\n<h2>Komplekta sast\u0101vs<\/h2>\n<p><img loading=\"lazy\" decoding=\"async\" class=\"size-medium wp-image-3443 alignright\" src=\"https:\/\/lifevac.lt\/wp-content\/uploads\/2024\/11\/MC2-300x225.png\" alt=\"\" width=\"300\" height=\"225\" srcset=\"https:\/\/lifevac.lt\/wp-content\/uploads\/2024\/11\/MC2-300x225.png 300w, https:\/\/lifevac.lt\/wp-content\/uploads\/2024\/11\/MC2.png 329w\" sizes=\"auto, (max-width: 300px) 100vw, 300px\" \/>LifeVac sienas mont\u0101\u017eas komplekts ir r\u016bp\u012bgi izstr\u0101d\u0101ts, lai nodro\u0161in\u0101tu maksim\u0101lu dro\u0161\u012bbu da\u017e\u0101d\u0101s iest\u0101d\u0113s vai skol\u0101s. Komplekt\u0101 ietilpst vair\u0101kas svar\u012bgas sast\u0101vda\u013cas. <\/p>\n<p>Pirmk\u0101rt, ier\u012bce LifeVac, kas ir galven\u0101 visas paketes sast\u0101vda\u013ca. Tas ir efekt\u012bvs r\u012bks, lai \u0101tri un dro\u0161i nov\u0113rstu aizr\u012b\u0161anos gan pieaugu\u0161ajiem, gan b\u0113rniem. <\/p>\n<p>Blakus ier\u012bcei ir piecas da\u017e\u0101du izm\u0113ru maskas. Komplekt\u0101 ir b\u0113rna maska, maza, vid\u0113ja, liela un izm\u0113\u0123in\u0101juma maska, kas nodro\u0161ina piem\u0113rotu piegul\u0113\u0161anu da\u017e\u0101da vecuma un izm\u0113ra cilv\u0113kiem. Katra maska ir izstr\u0101d\u0101ta t\u0101, lai optimiz\u0113tu s\u016bk\u0161anas efektivit\u0101ti un nodro\u0161in\u0101tu komfortu kr\u012bzes laik\u0101.  <\/p>\n<p>Komplekt\u0101 ir pie sienas stiprin\u0101ms paliktnis, kas \u013cauj \u0113rti uzglab\u0101t LifeVac ier\u012bci un maskas. \u0160\u012b papl\u0101te ir izgatavota no iztur\u012bgiem materi\u0101liem, lai nodro\u0161in\u0101tu ilgsto\u0161u lieto\u0161anu un \u0113rtu piek\u013cuvi kritisk\u0101 br\u012bd\u012b. Uzst\u0101dot \u0161o komplektu, ir svar\u012bgi r\u016bp\u012bgi iev\u0113rot nor\u0101d\u012bjumus. Komplekt\u0101 ir vair\u0101ku veidu tapas un skr\u016bves, kas pal\u012bdz stingri piestiprin\u0101t paliktni pie sienas. Pareizi piestiprin\u0101ts pie sienas, LifeVac komplekts nodro\u0161in\u0101s \u0101tru piek\u013cuvi LifeVac ier\u012bcei un mask\u0101m, \u012bpa\u0161i situ\u0101cij\u0101s, kad laiks ir kritiski svar\u012bgs.    <\/p>\n<section id=\"shopify-section-template--16653711769820__16617174305670894b\" class=\"shopify-section section\">\n<div class=\"color-background-1 gradient\">\n<div class=\"video-section isolate page-width section-template--16653711769820__16617174305670894b-padding\">\n<div class=\"title-wrapper title-wrapper--no-top-margin\">\n<p><span style=\"color: #0000ff\"><strong><em><a style=\"color: #0000ff\" href=\"https:\/\/lifevac.lt\/sekmes-istorijos\/\">Lasiet st\u0101stus par to, k\u0101 LifeVac ir gl\u0101bis dz\u012bv\u012bbas.<\/a><\/em><\/strong><\/span><\/p>\n<\/div>\n<\/div>\n<\/div>\n<\/section>\n<h2>Kas ir LifeVac?<\/h2>\n<h2 style=\"font-style: normal\"><img loading=\"lazy\" decoding=\"async\" class=\"alignright wp-image-2953 size-medium\" src=\"https:\/\/lifevac.lt\/wp-content\/uploads\/2024\/11\/LifeVac02.png-189x300.png\" alt=\"\" width=\"189\" height=\"300\" srcset=\"https:\/\/lifevac.lt\/wp-content\/uploads\/2024\/11\/LifeVac02.png-189x300.png 189w, https:\/\/lifevac.lt\/wp-content\/uploads\/2024\/11\/LifeVac02.png.png 427w\" sizes=\"auto, (max-width: 189px) 100vw, 189px\" \/><\/h2>\n<p>LifeVac ir inovat\u012bva, patent\u0113ta ier\u012bce, kas izstr\u0101d\u0101ta, lai gl\u0101btu aizr\u012bto\u0161os cilv\u0113kus. T\u0101 darbojas p\u0113c vienk\u0101r\u0161a, bet efekt\u012bva principa, radot vakuumu, kas izvelk sve\u0161\u0137erme\u0146us no elpce\u013ciem. Ier\u012bce ir \u012bpa\u0161i noder\u012bga \u0101rk\u0101rtas situ\u0101cij\u0101s, kad elpo\u0161ana ir blo\u0137\u0113ta un \u0101tra iejauk\u0161an\u0101s var gl\u0101bt dz\u012bv\u012bbu.  <\/p>\n<p>Izmantojot LifeVac, ier\u012bci vispirms ievieto pacienta mut\u0113. Tiek rad\u012bts vakuums, kas ievelk priek\u0161metu. Pateicoties \u0161\u0101dam darb\u012bbas meh\u0101nismam, LifeVac var lietot visu vecumu cilv\u0113ki &#8211; gan b\u0113rni, gan pieaugu\u0161ie. \u012apa\u0161i svar\u012bgi ir tas, ka ier\u012bce ir viegli lietojama, t\u0101p\u0113c pat cilv\u0113ki bez medic\u012bnisk\u0101s izgl\u012bt\u012bbas var \u0101tri un efekt\u012bvi rea\u0123\u0113t aizr\u012b\u0161an\u0101s gad\u012bjumos.   <\/p>\n<p>Ier\u012bcei ir \u012bpa\u0161s vienvirziena v\u0101rsts, kas <strong>nov\u0113r\u0161 sekund\u0101ru aspir\u0101ciju, nodro\u0161inot, ka ier\u012bce p\u0113c sve\u0161\u0137erme\u0146a ekstrakcijas nesavaino pacientu<\/strong>. LifeVac ir \u0113rts, jo tas ir kompakts un p\u0101rn\u0113s\u0101jams, t\u0101p\u0113c to var p\u0101rn\u0113s\u0101t m\u0101j\u0101s un transportl\u012bdzek\u013cos. Ilgtermi\u0146a p\u0113t\u012bjumi liecina, ka LifeVac ir \u013coti efekt\u012bvs, un t\u0101 lieto\u0161ana var iev\u0113rojami palielin\u0101t izdz\u012bvo\u0161anas ilgumu aizr\u012b\u0161an\u0101s gad\u012bjumos, \u0146emot v\u0113r\u0101 \u0101tru reakciju. <\/p>\n<p>\u0160\u012bs ier\u012bces priek\u0161roc\u012bbas ir ac\u012bmredzamas, jo \u012bpa\u0161i \u0101rk\u0101rtas situ\u0101cij\u0101s. LifeVac sniedz \u0101tru pal\u012bdz\u012bbu aizr\u012b\u0161an\u0101s gad\u012bjum\u0101, un tam vajadz\u0113tu b\u016bt vis\u0101s m\u0101j\u0101s un sabiedrisk\u0101s viet\u0101s, kur var notikt \u0161\u0101das nelaimes. <\/p>\n<h2 style=\"text-align: center\">K\u0101 darbojas LifeVac?<\/h2>\n<p>Ja standarta reanim\u0101cijas protokoli nedarbojas, LifeVac gl\u0101bj dz\u012bv\u012bbas.<\/p>\n<p><img loading=\"lazy\" decoding=\"async\" class=\"wp-image-3424 size-full aligncenter\" src=\"https:\/\/lifevac.lt\/wp-content\/uploads\/2024\/11\/uzdek-spausk-trauk.jpg\" alt=\"\" width=\"1316\" height=\"814\" srcset=\"https:\/\/lifevac.lt\/wp-content\/uploads\/2024\/11\/uzdek-spausk-trauk.jpg 1316w, https:\/\/lifevac.lt\/wp-content\/uploads\/2024\/11\/uzdek-spausk-trauk-300x186.jpg 300w, https:\/\/lifevac.lt\/wp-content\/uploads\/2024\/11\/uzdek-spausk-trauk-1024x633.jpg 1024w, https:\/\/lifevac.lt\/wp-content\/uploads\/2024\/11\/uzdek-spausk-trauk-768x475.jpg 768w, https:\/\/lifevac.lt\/wp-content\/uploads\/2024\/11\/uzdek-spausk-trauk-600x371.jpg 600w\" sizes=\"auto, (max-width: 1316px) 100vw, 1316px\" \/><\/p>\n<ol>\n<li>Lai izmantotu LifeVac, uzlieciet masku cietu\u0161ajam uz mutes un deguna. Ar maz\u0101k domin\u0113jo\u0161o roku stingri turiet masku viet\u0101, p\u0101rliecinoties, ka cietu\u0161\u0101 galva ir atliekta atpaka\u013c. <\/li>\n<li>Ar domin\u0113jo\u0161o roku turiet LifeVac rokturi un nospiediet, lai rad\u012btu vakuumu. Nav noz\u012bmes, cik sp\u0113c\u012bgi nospie\u017eat, jo gaiss vienk\u0101r\u0161i izpl\u016bst caur v\u0101rstu, kas nov\u0113r\u0161 gaisa iek\u013c\u016b\u0161anu aizr\u012bto\u0161\u0101 cilv\u0113ka elpce\u013cos. <\/li>\n<li>Tad p\u0113k\u0161\u0146i pavelciet rokturi uz aug\u0161u. Barjera tiks izvilkta no cietu\u0161\u0101 r\u012bkles. Ies\u016bk\u0161anas laiks ir minim\u0101ls, t\u0101p\u0113c LifeVac ir dro\u0161s un efekt\u012bvs. Ja aizsprostojums netiek no\u0146emts uzreiz, atk\u0101rtojiet l\u012bdz piec\u0101m reiz\u0113m.   <\/li>\n<\/ol>\n<div class=\"ast-oembed-container \" style=\"height: 100%;\"><iframe loading=\"lazy\" title=\"How LifeVac Works\" width=\"500\" height=\"281\" src=\"https:\/\/www.youtube.com\/embed\/_Z_SN6D4rqE?feature=oembed\" frameborder=\"0\" allow=\"accelerometer; autoplay; clipboard-write; encrypted-media; gyroscope; picture-in-picture; web-share\" referrerpolicy=\"strict-origin-when-cross-origin\" allowfullscreen><\/iframe><\/div>\n","protected":false},"excerpt":{"rendered":"<p>LifeVac pie sienas stiprin\u0101mais komplekts ir m\u016bsdien\u012bgs, dz\u012bv\u012bbu gl\u0101bjo\u0161s risin\u0101jums sabiedriskaj\u0101m telp\u0101m, skol\u0101m, vesel\u012bbas apr\u016bpes iest\u0101d\u0113m, tirdzniec\u012bbas centriem un darbaviet\u0101m. \u0160is komplekts nodro\u0161ina \u0101tru un \u0113rtu piek\u013cuvi ier\u012bcei koplieto\u0161anas telp\u0101s. Vis\u0101m komplekt\u0101 iek\u013cautaj\u0101m mask\u0101m ir kr\u0101su un teksta identifikators, kas \u013cauj viegli noteikt, kura maska ir vispiem\u0113rot\u0101k\u0101 cietu\u0161ajam. Pasarg\u0101jiet sevi, kol\u0113\u0123us un klientus. Esiet gatavi r\u012bkoties, kad svar\u012bga ir katra sekunde.    <\/p>\n<p><img loading=\"lazy\" decoding=\"async\" class=\"aligncenter wp-image-4088 size-full\" src=\"https:\/\/lifevac.lt\/wp-content\/uploads\/2024\/11\/CE-ISO-UKAS-BRITAIN.png\" alt=\"\" width=\"552\" height=\"143\" srcset=\"https:\/\/lifevac.lt\/wp-content\/uploads\/2024\/11\/CE-ISO-UKAS-BRITAIN.png 552w, https:\/\/lifevac.lt\/wp-content\/uploads\/2024\/11\/CE-ISO-UKAS-BRITAIN-300x78.png 300w\" sizes=\"auto, (max-width: 552px) 100vw, 552px\" \/><\/p>\n<p>Komplekt\u0101:<\/p>\n<ul>\n<li>LifeVac elpce\u013cu atbr\u012bvo\u0161anas ier\u012bce<\/li>\n<li>1 x b\u0113rnu maska<\/li>\n<li>1 x S izm\u0113ra maska &#8211; maziem pieaugu\u0161ajiem vai b\u0113rniem<\/li>\n<li>1 x M izm\u0113ra maska &#8211; maziem pieaugu\u0161ajiem vai b\u0113rniem<\/li>\n<li>1 x maska L izm\u0113rs pieaugu\u0161ajiem<\/li>\n<li>1 x testa maska<\/li>\n<li>1 x lietot\u0101ja rokasgr\u0101mata<\/li>\n<li>1 x uzl\u012bme uz loga\/durv\u012bm &#8211; lai inform\u0113tu, ka jums ir LifeVac.<\/li>\n<li>1 x pie sienas stiprin\u0101ms paliktnis<\/li>\n<\/ul>\n","protected":false},"featured_media":6019,"comment_status":"closed","ping_status":"closed","template":"","meta":{"_uag_custom_page_level_css":"","_monsterinsights_skip_tracking":false,"_monsterinsights_sitenote_active":false,"_monsterinsights_sitenote_note":"","_monsterinsights_sitenote_category":0,"site-sidebar-layout":"default","site-content-layout":"","ast-site-content-layout":"default","site-content-style":"default","site-sidebar-style":"default","ast-global-header-display":"","ast-banner-title-visibility":"","ast-main-header-display":"","ast-hfb-above-header-display":"","ast-hfb-below-header-display":"","ast-hfb-mobile-header-display":"","site-post-title":"","ast-breadcrumbs-content":"","ast-featured-img":"","footer-sml-layout":"","ast-disable-related-posts":"","theme-transparent-header-meta":"default","adv-header-id-meta":"","stick-header-meta":"","header-above-stick-meta":"","header-main-stick-meta":"","header-below-stick-meta":"","astra-migrate-meta-layouts":"default","ast-page-background-enabled":"default","ast-page-background-meta":{"desktop":{"background-color":"","background-image":"","background-repeat":"repeat","background-position":"center center","background-size":"auto","background-attachment":"scroll","background-type":"","background-media":"","overlay-type":"","overlay-color":"","overlay-opacity":"","overlay-gradient":""},"tablet":{"background-color":"","background-image":"","background-repeat":"repeat","background-position":"center center","background-size":"auto","background-attachment":"scroll","background-type":"","background-media":"","overlay-type":"","overlay-color":"","overlay-opacity":"","overlay-gradient":""},"mobile":{"background-color":"","background-image":"","background-repeat":"repeat","background-position":"center center","background-size":"auto","background-attachment":"scroll","background-type":"","background-media":"","overlay-type":"","overlay-color":"","overlay-opacity":"","overlay-gradient":""}},"ast-content-background-meta":{"desktop":{"background-color":"var(--ast-global-color-5)","background-image":"","background-repeat":"repeat","background-position":"center center","background-size":"auto","background-attachment":"scroll","background-type":"","background-media":"","overlay-type":"","overlay-color":"","overlay-opacity":"","overlay-gradient":""},"tablet":{"background-color":"var(--ast-global-color-5)","background-image":"","background-repeat":"repeat","background-position":"center center","background-size":"auto","background-attachment":"scroll","background-type":"","background-media":"","overlay-type":"","overlay-color":"","overlay-opacity":"","overlay-gradient":""},"mobile":{"background-color":"var(--ast-global-color-5)","background-image":"","background-repeat":"repeat","background-position":"center center","background-size":"auto","background-attachment":"scroll","background-type":"","background-media":"","overlay-type":"","overlay-color":"","overlay-opacity":"","overlay-gradient":""}}},"product_brand":[],"product_cat":[83],"product_tag":[],"class_list":{"0":"post-6018","1":"product","2":"type-product","3":"status-publish","4":"has-post-thumbnail","6":"product_cat-lifevac-komplekti","7":"desktop-align-left","8":"tablet-align-left","9":"mobile-align-left","11":"first","12":"instock","13":"featured","14":"taxable","15":"shipping-taxable","16":"purchasable","17":"product-type-simple"},"aioseo_notices":[],"uagb_featured_image_src":{"full":["https:\/\/lifevac.lt\/wp-content\/uploads\/2024\/11\/LifeVac-sieninis-montavimo-rinkinys-LV08.jpg",2500,2500,false],"thumbnail":["https:\/\/lifevac.lt\/wp-content\/uploads\/2024\/11\/LifeVac-sieninis-montavimo-rinkinys-LV08-150x150.jpg",150,150,true],"medium":["https:\/\/lifevac.lt\/wp-content\/uploads\/2024\/11\/LifeVac-sieninis-montavimo-rinkinys-LV08-300x300.jpg",300,300,true],"medium_large":["https:\/\/lifevac.lt\/wp-content\/uploads\/2024\/11\/LifeVac-sieninis-montavimo-rinkinys-LV08-768x768.jpg",768,768,true],"large":["https:\/\/lifevac.lt\/wp-content\/uploads\/2024\/11\/LifeVac-sieninis-montavimo-rinkinys-LV08-1024x1024.jpg",1024,1024,true],"1536x1536":["https:\/\/lifevac.lt\/wp-content\/uploads\/2024\/11\/LifeVac-sieninis-montavimo-rinkinys-LV08-1536x1536.jpg",1536,1536,true],"2048x2048":["https:\/\/lifevac.lt\/wp-content\/uploads\/2024\/11\/LifeVac-sieninis-montavimo-rinkinys-LV08-2048x2048.jpg",2048,2048,true],"woocommerce_thumbnail":["https:\/\/lifevac.lt\/wp-content\/uploads\/2024\/11\/LifeVac-sieninis-montavimo-rinkinys-LV08-300x300.jpg",300,300,true],"woocommerce_single":["https:\/\/lifevac.lt\/wp-content\/uploads\/2024\/11\/LifeVac-sieninis-montavimo-rinkinys-LV08-600x600.jpg",600,600,true],"woocommerce_gallery_thumbnail":["https:\/\/lifevac.lt\/wp-content\/uploads\/2024\/11\/LifeVac-sieninis-montavimo-rinkinys-LV08-100x100.jpg",100,100,true]},"uagb_author_info":{"display_name":"sigitas@omvi.lt","author_link":"https:\/\/lifevac.lt\/lv\/blog\/author\/"},"uagb_comment_info":0,"uagb_excerpt":"LifeVac pie sienas stiprin\u0101mais komplekts ir m\u016bsdien\u012bgs, dz\u012bv\u012bbu gl\u0101bjo\u0161s risin\u0101jums sabiedriskaj\u0101m telp\u0101m, skol\u0101m, vesel\u012bbas apr\u016bpes iest\u0101d\u0113m, tirdzniec\u012bbas centriem un darbaviet\u0101m. \u0160is komplekts nodro\u0161ina \u0101tru un \u0113rtu piek\u013cuvi ier\u012bcei koplieto\u0161anas telp\u0101s. Vis\u0101m komplekt\u0101 iek\u013cautaj\u0101m mask\u0101m ir kr\u0101su un teksta identifikators, kas \u013cauj viegli noteikt, kura maska ir vispiem\u0113rot\u0101k\u0101 cietu\u0161ajam. Pasarg\u0101jiet sevi, kol\u0113\u0123us un klientus. Esiet gatavi&hellip;","_links":{"self":[{"href":"https:\/\/lifevac.lt\/lv\/wp-json\/wp\/v2\/product\/6018","targetHints":{"allow":["GET"]}}],"collection":[{"href":"https:\/\/lifevac.lt\/lv\/wp-json\/wp\/v2\/product"}],"about":[{"href":"https:\/\/lifevac.lt\/lv\/wp-json\/wp\/v2\/types\/product"}],"replies":[{"embeddable":true,"href":"https:\/\/lifevac.lt\/lv\/wp-json\/wp\/v2\/comments?post=6018"}],"wp:featuredmedia":[{"embeddable":true,"href":"https:\/\/lifevac.lt\/lv\/wp-json\/wp\/v2\/media\/6019"}],"wp:attachment":[{"href":"https:\/\/lifevac.lt\/lv\/wp-json\/wp\/v2\/media?parent=6018"}],"wp:term":[{"taxonomy":"product_brand","embeddable":true,"href":"https:\/\/lifevac.lt\/lv\/wp-json\/wp\/v2\/product_brand?post=6018"},{"taxonomy":"product_cat","embeddable":true,"href":"https:\/\/lifevac.lt\/lv\/wp-json\/wp\/v2\/product_cat?post=6018"},{"taxonomy":"product_tag","embeddable":true,"href":"https:\/\/lifevac.lt\/lv\/wp-json\/wp\/v2\/product_tag?post=6018"}],"curies":[{"name":"wp","href":"https:\/\/api.w.org\/{rel}","templated":true}]}}