{"id":5997,"date":"2024-11-25T08:45:09","date_gmt":"2024-11-25T08:45:09","guid":{"rendered":"https:\/\/lifevac.lt\/produktai\/lifevac-celojumu-komplekts\/"},"modified":"2026-03-06T12:24:05","modified_gmt":"2026-03-06T12:24:05","slug":"lifevac-celojumu-komplekts","status":"publish","type":"product","link":"https:\/\/lifevac.lt\/lv\/produktiem\/lifevac-celojumu-komplekts\/","title":{"rendered":"LifeVac ce\u013cojumu komplekts"},"content":{"rendered":"<h2>LifeVac &#8211; dz\u012bv\u012bbu gl\u0101bjo\u0161a ier\u012bce pret aizr\u012b\u0161anos<\/h2>\n<h2>LifeVac ce\u013cojumu komplekts: saturs un priek\u0161roc\u012bbas<\/h2>\n<p><img loading=\"lazy\" decoding=\"async\" class=\"alignleft wp-image-3431 size-full\" src=\"https:\/\/lifevac.lt\/wp-content\/uploads\/2024\/11\/lifevac-travelkit-05.jpeg\" alt=\"\" width=\"500\" height=\"306\" srcset=\"https:\/\/lifevac.lt\/wp-content\/uploads\/2024\/11\/lifevac-travelkit-05.jpeg 500w, https:\/\/lifevac.lt\/wp-content\/uploads\/2024\/11\/lifevac-travelkit-05-300x184.jpeg 300w\" sizes=\"auto, (max-width: 500px) 100vw, 500px\" \/><\/p>\n<p>LifeVac Travel Kit ir r\u016bp\u012bgi sagatavots komplekts, kas paredz\u0113ts, lai nodro\u0161in\u0101tu dro\u0161\u012bbu jebkur\u0101 situ\u0101cij\u0101, jo \u012bpa\u0161i ce\u013cojuma laik\u0101. Komplekt\u0101 ir iek\u013cautas vair\u0101kas svar\u012bgas sast\u0101vda\u013cas, kas ir b\u016btiskas efekt\u012bvai aizr\u012b\u0161an\u0101s reakcijai. Pirmk\u0101rt, komplekt\u0101 ietilpst tr\u012bs da\u017e\u0101da izm\u0113ra maskas, lai t\u0101s var\u0113tu lietot da\u017e\u0101da vecuma un \u0137erme\u0146a formas cilv\u0113ki. \u0160\u012b daudzpus\u012bba nodro\u0161ina maksim\u0101lu efektivit\u0101ti un dro\u0161\u012bbu, jo katrs cilv\u0113ks neatkar\u012bgi no auguma vai vecuma var sa\u0146emt nepiecie\u0161amo pal\u012bdz\u012bbu aizr\u012b\u0161an\u0101s gad\u012bjum\u0101. \u0160is risin\u0101jums \u013cauj LifeVac izmantot gan b\u0113rniem, gan pieaugu\u0161ajiem, kas ir \u012bpa\u0161i svar\u012bgi \u0101rk\u0101rtas situ\u0101cij\u0101s.    <\/p>\n<p>&nbsp;<\/p>\n<p><img loading=\"lazy\" decoding=\"async\" class=\"alignright wp-image-3430 size-medium\" src=\"https:\/\/lifevac.lt\/wp-content\/uploads\/2024\/11\/photo6-300x200.jpg\" alt=\"\" width=\"300\" height=\"200\" srcset=\"https:\/\/lifevac.lt\/wp-content\/uploads\/2024\/11\/photo6-300x200.jpg 300w, https:\/\/lifevac.lt\/wp-content\/uploads\/2024\/11\/photo6-1024x681.jpg 1024w, https:\/\/lifevac.lt\/wp-content\/uploads\/2024\/11\/photo6-768x511.jpg 768w, https:\/\/lifevac.lt\/wp-content\/uploads\/2024\/11\/photo6-1536x1022.jpg 1536w, https:\/\/lifevac.lt\/wp-content\/uploads\/2024\/11\/photo6-2048x1363.jpg 2048w, https:\/\/lifevac.lt\/wp-content\/uploads\/2024\/11\/photo6-600x399.jpg 600w\" sizes=\"auto, (max-width: 300px) 100vw, 300px\" \/>Papildus \u0161\u012bm mask\u0101m komplektam ir pievienota ar\u012b viena testa maska, kas \u013cauj lietot\u0101jam p\u0101rliecin\u0101ties, ka LifeVac izstr\u0101d\u0101jums darbojas pareizi un ir gatavs lieto\u0161anai. Testa maska, kas \u013cauj lietot\u0101jiem dro\u0161i iem\u0101c\u012bties lietot ier\u012bci bez jebk\u0101da riska. J  <span style=\"font-size: 16px\">Tas pal\u012bdz ieg\u016bt p\u0101rliec\u012bbu un prasmes, nodro\u0161inot, ka re\u0101l\u0101 situ\u0101cij\u0101 varat r\u012bkoties \u0101tri un efekt\u012bvi. Komplekt\u0101 ir ar\u012b lietot\u0101ja rokasgr\u0101mata, kur\u0101 soli pa solim sniegti nor\u0101d\u012bjumi, k\u0101 izmantot komplektu \u0101rk\u0101rtas situ\u0101cij\u0101. \u0160\u012b rokasgr\u0101mata ir svar\u012bga, lai nodro\u0161in\u0101tu, ka ikviens \u0123imenes loceklis var \u0101tri r\u012bkoties \u012bstaj\u0101 br\u012bd\u012b.  <\/span><\/p>\n<p>Komplektam ir ar\u012b logu un durvju uzl\u012bmes, kas var b\u016bt noder\u012bgas, lai inform\u0113tu citus, ka automa\u0161\u012bn\u0101 ir LifeVac komplekts. Tas var iev\u0113rojami palielin\u0101t izredzes \u0101tr\u0101k sa\u0146emt pal\u012bdz\u012bbu. <\/p>\n<p>Visbeidzot, visas \u0161\u012bs sast\u0101vda\u013cas ir \u0113rti ievietotas som\u0101, kas \u013cauj \u0113rti p\u0101rn\u0113s\u0101t un glab\u0101t komplektu visos ce\u013cojumos. Tas ir ne tikai praktiski, bet ar\u012b svar\u012bgi, lai j\u016bsu \u0123imene justos dro\u0161i, jo \u012bpa\u0161i ce\u013cojot ar b\u0113rniem, kad dro\u0161\u012bba k\u013c\u016bst par priorit\u0101ti. <\/p>\n<p><img loading=\"lazy\" decoding=\"async\" class=\"aligncenter wp-image-3432 size-full\" src=\"https:\/\/lifevac.lt\/wp-content\/uploads\/2024\/11\/a02310b1-6173-43fa-8e56-32287fd3a30e.__CR0030501250_PT0_SX1464_V1___-e1732528950149.png\" alt=\"\" width=\"1464\" height=\"419\" srcset=\"https:\/\/lifevac.lt\/wp-content\/uploads\/2024\/11\/a02310b1-6173-43fa-8e56-32287fd3a30e.__CR0030501250_PT0_SX1464_V1___-e1732528950149.png 1464w, https:\/\/lifevac.lt\/wp-content\/uploads\/2024\/11\/a02310b1-6173-43fa-8e56-32287fd3a30e.__CR0030501250_PT0_SX1464_V1___-e1732528950149-300x86.png 300w, https:\/\/lifevac.lt\/wp-content\/uploads\/2024\/11\/a02310b1-6173-43fa-8e56-32287fd3a30e.__CR0030501250_PT0_SX1464_V1___-e1732528950149-1024x293.png 1024w, https:\/\/lifevac.lt\/wp-content\/uploads\/2024\/11\/a02310b1-6173-43fa-8e56-32287fd3a30e.__CR0030501250_PT0_SX1464_V1___-e1732528950149-768x220.png 768w, https:\/\/lifevac.lt\/wp-content\/uploads\/2024\/11\/a02310b1-6173-43fa-8e56-32287fd3a30e.__CR0030501250_PT0_SX1464_V1___-e1732528950149-600x172.png 600w\" sizes=\"auto, (max-width: 1464px) 100vw, 1464px\" \/><\/p>\n<section id=\"shopify-section-template--16653711769820__16617174305670894b\" class=\"shopify-section section\">\n<div class=\"color-background-1 gradient\">\n<div class=\"video-section isolate page-width section-template--16653711769820__16617174305670894b-padding\">\n<div class=\"title-wrapper title-wrapper--no-top-margin\">\n<p><span style=\"color: #0000ff\"><strong><em><a style=\"color: #0000ff\" href=\"https:\/\/lifevac.lt\/lv\/panakumu-stasti\/\">Lasiet st\u0101stus par to, k\u0101 LifeVac ir gl\u0101bis dz\u012bv\u012bbas.<\/a><\/em><\/strong><\/span><\/p>\n<\/div>\n<\/div>\n<\/div>\n<\/section>\n<h2>Kas ir LifeVac?<\/h2>\n<h2 style=\"font-style: normal\"><img loading=\"lazy\" decoding=\"async\" class=\"alignright wp-image-2953 size-medium\" src=\"https:\/\/lifevac.lt\/wp-content\/uploads\/2024\/11\/LifeVac02.png-189x300.png\" alt=\"\" width=\"189\" height=\"300\" srcset=\"https:\/\/lifevac.lt\/wp-content\/uploads\/2024\/11\/LifeVac02.png-189x300.png 189w, https:\/\/lifevac.lt\/wp-content\/uploads\/2024\/11\/LifeVac02.png.png 427w\" sizes=\"auto, (max-width: 189px) 100vw, 189px\" \/><\/h2>\n<p>LifeVac ir inovat\u012bva, patent\u0113ta ier\u012bce, kas izstr\u0101d\u0101ta, lai gl\u0101btu aizr\u012bto\u0161os cilv\u0113kus. T\u0101 darbojas p\u0113c vienk\u0101r\u0161a, bet efekt\u012bva principa &#8211; t\u0101 rada vakuumu, kas izvelk sve\u0161\u0137erme\u0146us no elpce\u013ciem. \u0160\u012b ier\u012bce ir \u012bpa\u0161i noder\u012bga \u0101rk\u0101rtas situ\u0101cij\u0101s, kad elpo\u0161ana ir blo\u0137\u0113ta un \u0101tra iejauk\u0161an\u0101s var gl\u0101bt dz\u012bv\u012bbu.  <\/p>\n<p>Izmantojot LifeVac, ier\u012bci vispirms ievieto pacienta mut\u0113. Tiek rad\u012bts vakuums, kas ievelk priek\u0161metu. Pateicoties \u0161\u0101dam darb\u012bbas meh\u0101nismam, LifeVac var lietot visu vecumu cilv\u0113ki &#8211; gan b\u0113rni, gan pieaugu\u0161ie. \u012apa\u0161i svar\u012bgi ir tas, ka ier\u012bce ir viegli lietojama, t\u0101p\u0113c pat cilv\u0113ki bez medic\u012bnisk\u0101s izgl\u012bt\u012bbas var \u0101tri un efekt\u012bvi rea\u0123\u0113t aizr\u012b\u0161an\u0101s gad\u012bjumos.   <\/p>\n<p>Ier\u012bcei ir \u012bpa\u0161s vienvirziena v\u0101rsts, kas <strong>nov\u0113r\u0161 sekund\u0101ru aspir\u0101ciju, nodro\u0161inot, ka ier\u012bce nesavaino pacientu sve\u0161\u0137erme\u0146a iz\u0146em\u0161anas laik\u0101.<\/strong> LifeVac ir \u0113rts, jo tas ir kompakts un p\u0101rn\u0113s\u0101jams, t\u0101p\u0113c to var p\u0101rn\u0113s\u0101t m\u0101j\u0101s un transportl\u012bdzek\u013cos. Ilgtermi\u0146a p\u0113t\u012bjumi liecina, ka LifeVac ir \u013coti efekt\u012bvs, un t\u0101 lieto\u0161ana var iev\u0113rojami palielin\u0101t izdz\u012bvo\u0161anas ilgumu aizr\u012b\u0161an\u0101s gad\u012bjumos, \u0146emot v\u0113r\u0101 \u0101tru reakciju. <\/p>\n<p>\u0160\u012bs ier\u012bces priek\u0161roc\u012bbas ir ac\u012bmredzamas, jo \u012bpa\u0161i \u0101rk\u0101rtas situ\u0101cij\u0101s. LifeVac sniedz \u0101tru pal\u012bdz\u012bbu aizr\u012b\u0161an\u0101s gad\u012bjum\u0101, un tam vajadz\u0113tu b\u016bt vis\u0101s m\u0101j\u0101s un sabiedrisk\u0101s viet\u0101s, kur var notikt \u0161\u0101das nelaimes. <\/p>\n<h2 style=\"text-align: center\">K\u0101 darbojas LifeVac?<\/h2>\n<p>Ja standarta reanim\u0101cijas protokoli nedarbojas, LifeVac gl\u0101bj dz\u012bv\u012bbas.<\/p>\n<p><img loading=\"lazy\" decoding=\"async\" class=\"wp-image-3424 size-full aligncenter\" src=\"https:\/\/lifevac.lt\/wp-content\/uploads\/2024\/11\/uzdek-spausk-trauk.jpg\" alt=\"\" width=\"1316\" height=\"814\" srcset=\"https:\/\/lifevac.lt\/wp-content\/uploads\/2024\/11\/uzdek-spausk-trauk.jpg 1316w, https:\/\/lifevac.lt\/wp-content\/uploads\/2024\/11\/uzdek-spausk-trauk-300x186.jpg 300w, https:\/\/lifevac.lt\/wp-content\/uploads\/2024\/11\/uzdek-spausk-trauk-1024x633.jpg 1024w, https:\/\/lifevac.lt\/wp-content\/uploads\/2024\/11\/uzdek-spausk-trauk-768x475.jpg 768w, https:\/\/lifevac.lt\/wp-content\/uploads\/2024\/11\/uzdek-spausk-trauk-600x371.jpg 600w\" sizes=\"auto, (max-width: 1316px) 100vw, 1316px\" \/><\/p>\n<ol>\n<li>Lai izmantotu LifeVac, uzlieciet masku cietu\u0161ajam uz mutes un deguna. Ar maz\u0101k domin\u0113jo\u0161o roku stingri turiet masku viet\u0101, p\u0101rliecinoties, ka cietu\u0161\u0101 galva ir atliekta atpaka\u013c. <\/li>\n<li>Ar domin\u0113jo\u0161o roku turiet LifeVac rokturi un nospiediet, lai rad\u012btu vakuumu. Nav noz\u012bmes, cik sp\u0113c\u012bgi nospie\u017eat, jo gaiss vienk\u0101r\u0161i izpl\u016bst caur v\u0101rstu, kas nov\u0113r\u0161 gaisa iek\u013c\u016b\u0161anu aizr\u012bto\u0161\u0101 cilv\u0113ka elpce\u013cos. <\/li>\n<li>Tad p\u0113k\u0161\u0146i pavelciet rokturi uz aug\u0161u. Barjera tiks izvilkta no cietu\u0161\u0101 r\u012bkles. Ies\u016bk\u0161anas laiks ir minim\u0101ls, t\u0101p\u0113c LifeVac ir dro\u0161s un efekt\u012bvs. Ja aizsprostojums netiek no\u0146emts uzreiz, atk\u0101rtojiet l\u012bdz piec\u0101m reiz\u0113m.   <\/li>\n<\/ol>\n<div class=\"ast-oembed-container \" style=\"height: 100%;\"><iframe loading=\"lazy\" title=\"How LifeVac Works\" width=\"500\" height=\"281\" src=\"https:\/\/www.youtube.com\/embed\/_Z_SN6D4rqE?feature=oembed\" frameborder=\"0\" allow=\"accelerometer; autoplay; clipboard-write; encrypted-media; gyroscope; picture-in-picture; web-share\" referrerpolicy=\"strict-origin-when-cross-origin\" allowfullscreen><\/iframe><\/div>\n","protected":false},"excerpt":{"rendered":"<p>LifeVac ce\u013cojumu komplekts ir kompakts, p\u0101rn\u0113s\u0101jams un dz\u012bv\u012bbu gl\u0101bjo\u0161s risin\u0101jums aizr\u012b\u0161an\u0101s gad\u012bjum\u0101 ce\u013cojuma laik\u0101. Tas ir lieliski piem\u0113rots ce\u013co\u0161anai, jo to var viegli ievietot \u010demod\u0101nos, mugursom\u0101s vai automa\u0161\u012bn\u0101s, t\u0101p\u0113c tas ir ide\u0101li piem\u0113rots \u0123imen\u0113m vai ikvienam, kas v\u0113las b\u016bt mier\u012bgs ce\u013cojum\u0101. Palieciet dro\u0161\u012bb\u0101, lai kur j\u016bs dotos.  <\/p>\n<p>LifeVac ir patent\u0113ta dz\u012bv\u012bbas gl\u0101b\u0161anas ier\u012bce, kas atz\u012bta par efekt\u012bvu l\u012bdzekli, lai pal\u012bdz\u0113tu b\u0113rnam vai pieaugu\u0161ajam aizr\u012b\u0161an\u0101s gad\u012bjum\u0101. T\u0101 ir atz\u012bta par pasaul\u0113 1.<span style=\"font-size: 16px\"> ier\u012bci<\/span><span style=\"font-size: 16px;font-style: normal\">aizr\u012b\u0161an\u0101s gad\u012bjumos<\/span>. <\/p>\n<p><img loading=\"lazy\" decoding=\"async\" class=\"alignnone wp-image-4088 size-full\" src=\"https:\/\/lifevac.lt\/wp-content\/uploads\/2024\/11\/CE-ISO-UKAS-BRITAIN.png\" alt=\"\" width=\"552\" height=\"143\" srcset=\"https:\/\/lifevac.lt\/wp-content\/uploads\/2024\/11\/CE-ISO-UKAS-BRITAIN.png 552w, https:\/\/lifevac.lt\/wp-content\/uploads\/2024\/11\/CE-ISO-UKAS-BRITAIN-300x78.png 300w\" sizes=\"auto, (max-width: 552px) 100vw, 552px\" \/><\/p>\n<p>Komplekt\u0101:<\/p>\n<ul>\n<li>LifeVac elpce\u013cu atbr\u012bvo\u0161anas ier\u012bce<\/li>\n<li>1x maska L izm\u0113rs pieaugu\u0161ajiem<\/li>\n<li>1 x S izm\u0113ra maska &#8211; maziem pieaugu\u0161ajiem vai b\u0113rniem<\/li>\n<li>1 x b\u0113rnu maska<\/li>\n<li>1 x testa maska<\/li>\n<li>1 x lietot\u0101ja rokasgr\u0101mata<\/li>\n<li>1 x uzl\u012bme uz loga\/durv\u012bm &#8211; lai inform\u0113tu, ka jums ir LifeVac.<\/li>\n<li>1 x p\u0101rn\u0113s\u0101jama r\u0101v\u0113jsl\u0113dz\u0113ja aizdares ce\u013cojuma soma<\/li>\n<\/ul>\n","protected":false},"featured_media":5998,"comment_status":"closed","ping_status":"closed","template":"","meta":{"_uag_custom_page_level_css":"","_monsterinsights_skip_tracking":false,"_monsterinsights_sitenote_active":false,"_monsterinsights_sitenote_note":"","_monsterinsights_sitenote_category":0,"site-sidebar-layout":"default","site-content-layout":"","ast-site-content-layout":"default","site-content-style":"default","site-sidebar-style":"default","ast-global-header-display":"","ast-banner-title-visibility":"","ast-main-header-display":"","ast-hfb-above-header-display":"","ast-hfb-below-header-display":"","ast-hfb-mobile-header-display":"","site-post-title":"","ast-breadcrumbs-content":"","ast-featured-img":"","footer-sml-layout":"","ast-disable-related-posts":"","theme-transparent-header-meta":"default","adv-header-id-meta":"","stick-header-meta":"","header-above-stick-meta":"","header-main-stick-meta":"","header-below-stick-meta":"","astra-migrate-meta-layouts":"default","ast-page-background-enabled":"default","ast-page-background-meta":{"desktop":{"background-color":"","background-image":"","background-repeat":"repeat","background-position":"center center","background-size":"auto","background-attachment":"scroll","background-type":"","background-media":"","overlay-type":"","overlay-color":"","overlay-opacity":"","overlay-gradient":""},"tablet":{"background-color":"","background-image":"","background-repeat":"repeat","background-position":"center center","background-size":"auto","background-attachment":"scroll","background-type":"","background-media":"","overlay-type":"","overlay-color":"","overlay-opacity":"","overlay-gradient":""},"mobile":{"background-color":"","background-image":"","background-repeat":"repeat","background-position":"center center","background-size":"auto","background-attachment":"scroll","background-type":"","background-media":"","overlay-type":"","overlay-color":"","overlay-opacity":"","overlay-gradient":""}},"ast-content-background-meta":{"desktop":{"background-color":"var(--ast-global-color-5)","background-image":"","background-repeat":"repeat","background-position":"center center","background-size":"auto","background-attachment":"scroll","background-type":"","background-media":"","overlay-type":"","overlay-color":"","overlay-opacity":"","overlay-gradient":""},"tablet":{"background-color":"var(--ast-global-color-5)","background-image":"","background-repeat":"repeat","background-position":"center center","background-size":"auto","background-attachment":"scroll","background-type":"","background-media":"","overlay-type":"","overlay-color":"","overlay-opacity":"","overlay-gradient":""},"mobile":{"background-color":"var(--ast-global-color-5)","background-image":"","background-repeat":"repeat","background-position":"center center","background-size":"auto","background-attachment":"scroll","background-type":"","background-media":"","overlay-type":"","overlay-color":"","overlay-opacity":"","overlay-gradient":""}}},"product_brand":[],"product_cat":[83],"product_tag":[],"class_list":{"0":"post-5997","1":"product","2":"type-product","3":"status-publish","4":"has-post-thumbnail","6":"product_cat-lifevac-komplekti","7":"desktop-align-left","8":"tablet-align-left","9":"mobile-align-left","11":"first","12":"instock","13":"sale","14":"featured","15":"taxable","16":"shipping-taxable","17":"purchasable","18":"product-type-simple"},"aioseo_notices":[],"uagb_featured_image_src":{"full":["https:\/\/lifevac.lt\/wp-content\/uploads\/2024\/11\/LifeVac-kelioninis-rinkinys.jpg",2500,2500,false],"thumbnail":["https:\/\/lifevac.lt\/wp-content\/uploads\/2024\/11\/LifeVac-kelioninis-rinkinys-150x150.jpg",150,150,true],"medium":["https:\/\/lifevac.lt\/wp-content\/uploads\/2024\/11\/LifeVac-kelioninis-rinkinys-300x300.jpg",300,300,true],"medium_large":["https:\/\/lifevac.lt\/wp-content\/uploads\/2024\/11\/LifeVac-kelioninis-rinkinys-768x768.jpg",768,768,true],"large":["https:\/\/lifevac.lt\/wp-content\/uploads\/2024\/11\/LifeVac-kelioninis-rinkinys-1024x1024.jpg",1024,1024,true],"1536x1536":["https:\/\/lifevac.lt\/wp-content\/uploads\/2024\/11\/LifeVac-kelioninis-rinkinys-1536x1536.jpg",1536,1536,true],"2048x2048":["https:\/\/lifevac.lt\/wp-content\/uploads\/2024\/11\/LifeVac-kelioninis-rinkinys-2048x2048.jpg",2048,2048,true],"woocommerce_thumbnail":["https:\/\/lifevac.lt\/wp-content\/uploads\/2024\/11\/LifeVac-kelioninis-rinkinys-300x300.jpg",300,300,true],"woocommerce_single":["https:\/\/lifevac.lt\/wp-content\/uploads\/2024\/11\/LifeVac-kelioninis-rinkinys-600x600.jpg",600,600,true],"woocommerce_gallery_thumbnail":["https:\/\/lifevac.lt\/wp-content\/uploads\/2024\/11\/LifeVac-kelioninis-rinkinys-100x100.jpg",100,100,true]},"uagb_author_info":{"display_name":"sigitas@omvi.lt","author_link":"https:\/\/lifevac.lt\/lv\/blog\/author\/"},"uagb_comment_info":0,"uagb_excerpt":"LifeVac ce\u013cojumu komplekts ir kompakts, p\u0101rn\u0113s\u0101jams un dz\u012bv\u012bbu gl\u0101bjo\u0161s risin\u0101jums aizr\u012b\u0161an\u0101s gad\u012bjum\u0101 ce\u013cojuma laik\u0101. Tas ir lieliski piem\u0113rots ce\u013co\u0161anai, jo to var viegli ievietot \u010demod\u0101nos, mugursom\u0101s vai automa\u0161\u012bn\u0101s, t\u0101p\u0113c tas ir ide\u0101li piem\u0113rots \u0123imen\u0113m vai ikvienam, kas v\u0113las b\u016bt mier\u012bgs ce\u013cojum\u0101. Palieciet dro\u0161\u012bb\u0101, lai kur j\u016bs dotos. LifeVac ir patent\u0113ta dz\u012bv\u012bbas gl\u0101b\u0161anas ier\u012bce, kas atz\u012bta&hellip;","_links":{"self":[{"href":"https:\/\/lifevac.lt\/lv\/wp-json\/wp\/v2\/product\/5997","targetHints":{"allow":["GET"]}}],"collection":[{"href":"https:\/\/lifevac.lt\/lv\/wp-json\/wp\/v2\/product"}],"about":[{"href":"https:\/\/lifevac.lt\/lv\/wp-json\/wp\/v2\/types\/product"}],"replies":[{"embeddable":true,"href":"https:\/\/lifevac.lt\/lv\/wp-json\/wp\/v2\/comments?post=5997"}],"wp:featuredmedia":[{"embeddable":true,"href":"https:\/\/lifevac.lt\/lv\/wp-json\/wp\/v2\/media\/5998"}],"wp:attachment":[{"href":"https:\/\/lifevac.lt\/lv\/wp-json\/wp\/v2\/media?parent=5997"}],"wp:term":[{"taxonomy":"product_brand","embeddable":true,"href":"https:\/\/lifevac.lt\/lv\/wp-json\/wp\/v2\/product_brand?post=5997"},{"taxonomy":"product_cat","embeddable":true,"href":"https:\/\/lifevac.lt\/lv\/wp-json\/wp\/v2\/product_cat?post=5997"},{"taxonomy":"product_tag","embeddable":true,"href":"https:\/\/lifevac.lt\/lv\/wp-json\/wp\/v2\/product_tag?post=5997"}],"curies":[{"name":"wp","href":"https:\/\/api.w.org\/{rel}","templated":true}]}}