{"id":5992,"date":"2024-11-25T12:34:49","date_gmt":"2024-11-25T12:34:49","guid":{"rendered":"https:\/\/lifevac.lt\/produktai\/lifevac-komplekts-pirmas-palidzibas-sniedzejiem\/"},"modified":"2024-11-25T12:34:49","modified_gmt":"2024-11-25T12:34:49","slug":"lifevac-komplekts-pirmas-palidzibas-sniedzejiem","status":"publish","type":"product","link":"https:\/\/lifevac.lt\/lv\/produktiem\/lifevac-komplekts-pirmas-palidzibas-sniedzejiem\/","title":{"rendered":"LifeVac komplekts pirm\u0101s pal\u012bdz\u012bbas sniedz\u0113jiem"},"content":{"rendered":"<h2>LifeVac &#8211; dz\u012bv\u012bbu gl\u0101bjo\u0161a ier\u012bce pret aizr\u012b\u0161anos<\/h2>\n<h2>Kas ir LifeVac komplekts pirm\u0101s pal\u012bdz\u012bbas sniedz\u0113jiem?<\/h2>\n<p>LifeVac pirm\u0101s pal\u012bdz\u012bbas komplekts ir \u012bpa\u0161i izstr\u0101d\u0101ts profesion\u0101liem neatliekam\u0101s pal\u012bdz\u012bbas sniedz\u0113jiem, piem\u0113ram, policistiem, ugunsdz\u0113s\u0113jiem, neatliekam\u0101s medic\u012bnisk\u0101s pal\u012bdz\u012bbas medi\u0137iem un feld\u0161eriem. Komplekt\u0101 ietilpst inovat\u012bv\u0101 elpce\u013cu atbr\u012bvo\u0161anas ier\u012bce LifeVac, kas ir izstr\u0101d\u0101ta, lai efekt\u012bvi risin\u0101tu aizr\u012b\u0161an\u0101s situ\u0101cijas. Komplekts ir kompakts un viegli pieejams, \u013caujot \u0101tri rea\u0123\u0113t kritisk\u0101s situ\u0101cij\u0101s, kad katra sekunde var b\u016bt iz\u0161\u0137iro\u0161a.  <\/p>\n<p>LifeVac ier\u012bces darb\u012bba ir vienk\u0101r\u0161a un efekt\u012bva: t\u0101 rada negat\u012bvu spiedienu, kas izvelk \u0161\u0137\u0113r\u0161\u013cus no elpce\u013ciem. Komplekt\u0101 ir iek\u013cautas pieaugu\u0161o un b\u0113rnu maskas, lai nodro\u0161in\u0101tu, ka ier\u012bci var lietot da\u017e\u0101da vecuma pacienti. \u0160\u012bs maskas ir izgatavotas no augstas kvalit\u0101tes materi\u0101liem un nodro\u0161ina stingru un dro\u0161u piegu\u013c\u0161anu sejai, t\u0101d\u0113j\u0101di \u013caujot maksim\u0101li palielin\u0101t LifeVac efektivit\u0101ti.  <\/p>\n<section id=\"shopify-section-template--16653711769820__16617174305670894b\" class=\"shopify-section section\">\n<div class=\"color-background-1 gradient\">\n<div class=\"video-section isolate page-width section-template--16653711769820__16617174305670894b-padding\">\n<div class=\"title-wrapper title-wrapper--no-top-margin\">\n<p><span style=\"color: #0000ff\"><strong><em><a style=\"color: #0000ff\" href=\"https:\/\/lifevac.lt\/sekmes-istorijos\/\">Lasiet st\u0101stus par to, k\u0101 LifeVac ir gl\u0101bis dz\u012bv\u012bbas.<\/a><\/em><\/strong><\/span><\/p>\n<\/div>\n<\/div>\n<\/div>\n<\/section>\n<h2>Kas ir LifeVac?<\/h2>\n<h2 style=\"font-style: normal\"><img loading=\"lazy\" decoding=\"async\" class=\"alignright wp-image-2953 size-medium\" src=\"https:\/\/lifevac.lt\/wp-content\/uploads\/2024\/11\/LifeVac02.png-189x300.png\" alt=\"\" width=\"189\" height=\"300\" srcset=\"https:\/\/lifevac.lt\/wp-content\/uploads\/2024\/11\/LifeVac02.png-189x300.png 189w, https:\/\/lifevac.lt\/wp-content\/uploads\/2024\/11\/LifeVac02.png.png 427w\" sizes=\"auto, (max-width: 189px) 100vw, 189px\" \/><\/h2>\n<p>LifeVac ir inovat\u012bva, patent\u0113ta ier\u012bce, kas izstr\u0101d\u0101ta, lai gl\u0101btu aizr\u012bto\u0161os cilv\u0113kus. T\u0101 darbojas p\u0113c vienk\u0101r\u0161a, bet efekt\u012bva principa &#8211; t\u0101 rada vakuumu, kas izvelk sve\u0161\u0137erme\u0146us no elpce\u013ciem. \u0160\u012b ier\u012bce ir \u012bpa\u0161i noder\u012bga \u0101rk\u0101rtas situ\u0101cij\u0101s, kad elpo\u0161ana ir blo\u0137\u0113ta un \u0101tra iejauk\u0161an\u0101s var gl\u0101bt dz\u012bv\u012bbu.  <\/p>\n<p>Izmantojot LifeVac, ier\u012bci vispirms ievieto pacienta mut\u0113. Tiek rad\u012bts vakuums, kas ievelk priek\u0161metu. Pateicoties \u0161\u0101dam darb\u012bbas meh\u0101nismam, LifeVac var lietot visu vecumu cilv\u0113ki &#8211; gan b\u0113rni, gan pieaugu\u0161ie. \u012apa\u0161i svar\u012bgi ir tas, ka ier\u012bce ir viegli lietojama, t\u0101p\u0113c pat cilv\u0113ki bez medic\u012bnisk\u0101s izgl\u012bt\u012bbas var \u0101tri un efekt\u012bvi rea\u0123\u0113t aizr\u012b\u0161an\u0101s gad\u012bjumos.   <\/p>\n<p>Ier\u012bcei ir \u012bpa\u0161s vienvirziena v\u0101rsts, kas <strong>nov\u0113r\u0161 sekund\u0101ru aspir\u0101ciju, nodro\u0161inot, ka ier\u012bce nesavaino pacientu sve\u0161\u0137erme\u0146a iz\u0146em\u0161anas laik\u0101.<\/strong> LifeVac ir \u0113rts, jo tas ir kompakts un p\u0101rn\u0113s\u0101jams, t\u0101p\u0113c to var p\u0101rn\u0113s\u0101t m\u0101j\u0101s un transportl\u012bdzek\u013cos. Ilgtermi\u0146a p\u0113t\u012bjumi liecina, ka LifeVac ir \u013coti efekt\u012bvs, un t\u0101 lieto\u0161ana var iev\u0113rojami palielin\u0101t izdz\u012bvo\u0161anas ilgumu aizr\u012b\u0161an\u0101s gad\u012bjumos, \u0146emot v\u0113r\u0101 \u0101tru reakciju. <\/p>\n<p>\u0160\u012bs ier\u012bces priek\u0161roc\u012bbas ir ac\u012bmredzamas, jo \u012bpa\u0161i \u0101rk\u0101rtas situ\u0101cij\u0101s. LifeVac sniedz \u0101tru pal\u012bdz\u012bbu aizr\u012b\u0161an\u0101s gad\u012bjum\u0101, un tam vajadz\u0113tu b\u016bt vis\u0101s m\u0101j\u0101s un sabiedrisk\u0101s viet\u0101s, kur var notikt \u0161\u0101das nelaimes. <\/p>\n<h2 style=\"text-align: center\">K\u0101 darbojas LifeVac?<\/h2>\n<p>Ja standarta reanim\u0101cijas protokoli nedarbojas, LifeVac gl\u0101bj dz\u012bv\u012bbas.<\/p>\n<p><img loading=\"lazy\" decoding=\"async\" class=\"wp-image-3424 size-full aligncenter\" src=\"https:\/\/lifevac.lt\/wp-content\/uploads\/2024\/11\/uzdek-spausk-trauk.jpg\" alt=\"\" width=\"1316\" height=\"814\" srcset=\"https:\/\/lifevac.lt\/wp-content\/uploads\/2024\/11\/uzdek-spausk-trauk.jpg 1316w, https:\/\/lifevac.lt\/wp-content\/uploads\/2024\/11\/uzdek-spausk-trauk-300x186.jpg 300w, https:\/\/lifevac.lt\/wp-content\/uploads\/2024\/11\/uzdek-spausk-trauk-1024x633.jpg 1024w, https:\/\/lifevac.lt\/wp-content\/uploads\/2024\/11\/uzdek-spausk-trauk-768x475.jpg 768w, https:\/\/lifevac.lt\/wp-content\/uploads\/2024\/11\/uzdek-spausk-trauk-600x371.jpg 600w\" sizes=\"auto, (max-width: 1316px) 100vw, 1316px\" \/><\/p>\n<ol>\n<li>Lai izmantotu LifeVac, uzlieciet masku cietu\u0161ajam uz mutes un deguna. Ar maz\u0101k domin\u0113jo\u0161o roku stingri turiet masku viet\u0101, p\u0101rliecinoties, ka cietu\u0161\u0101 galva ir atliekta atpaka\u013c. <\/li>\n<li>Ar domin\u0113jo\u0161o roku turiet LifeVac rokturi un nospiediet, lai rad\u012btu vakuumu. Nav noz\u012bmes, cik sp\u0113c\u012bgi nospie\u017eat, jo gaiss vienk\u0101r\u0161i izpl\u016bst caur v\u0101rstu, kas nov\u0113r\u0161 gaisa iek\u013c\u016b\u0161anu aizr\u012bto\u0161\u0101 cilv\u0113ka elpce\u013cos. <\/li>\n<li>Tad p\u0113k\u0161\u0146i pavelciet rokturi uz aug\u0161u. Barjera tiks izvilkta no cietu\u0161\u0101 r\u012bkles. Ies\u016bk\u0161anas laiks ir minim\u0101ls, t\u0101p\u0113c LifeVac ir dro\u0161s un efekt\u012bvs. Ja aizsprostojums netiek no\u0146emts uzreiz, atk\u0101rtojiet l\u012bdz piec\u0101m reiz\u0113m.   <\/li>\n<\/ol>\n<div class=\"ast-oembed-container \" style=\"height: 100%;\"><iframe loading=\"lazy\" title=\"How LifeVac Works\" width=\"500\" height=\"281\" src=\"https:\/\/www.youtube.com\/embed\/_Z_SN6D4rqE?feature=oembed\" frameborder=\"0\" allow=\"accelerometer; autoplay; clipboard-write; encrypted-media; gyroscope; picture-in-picture; web-share\" referrerpolicy=\"strict-origin-when-cross-origin\" allowfullscreen><\/iframe><\/div>\n","protected":false},"excerpt":{"rendered":"<p>LifeVac pirm\u0101s pal\u012bdz\u012bbas komplekts ir neat\u0146emama pirm\u0101s pal\u012bdz\u012bbas sniedz\u0113ju, piem\u0113ram, policistu, ugunsdz\u0113s\u0113ju, neatliekam\u0101s medic\u012bnisk\u0101s pal\u012bdz\u012bbas un feld\u0161eru, apr\u012bkojuma sast\u0101vda\u013ca. \u0160is komplekts ir izstr\u0101d\u0101ts, lai nodro\u0161in\u0101tu \u0101tru un efekt\u012bvu rea\u0123\u0113\u0161anu aizr\u012b\u0161an\u0101s gad\u012bjum\u0101, un tas var gl\u0101bt dz\u012bv\u012bbas, kad svar\u012bga ir katra sekunde. Esiet gatavi r\u012bkoties un pal\u012bdz\u0113t &#8211; ar LifeVac j\u016bsu komanda vienm\u0113r b\u016bs gatava!  <\/p>\n<p><img loading=\"lazy\" decoding=\"async\" class=\"alignnone wp-image-3929\" src=\"https:\/\/lifevac.lt\/wp-content\/uploads\/2024\/11\/ce-mark-300x211.webp\" alt=\"\" width=\"184\" height=\"130\" srcset=\"https:\/\/lifevac.lt\/wp-content\/uploads\/2024\/11\/ce-mark-300x211.webp 300w, https:\/\/lifevac.lt\/wp-content\/uploads\/2024\/11\/ce-mark-1024x722.webp 1024w, https:\/\/lifevac.lt\/wp-content\/uploads\/2024\/11\/ce-mark-768x541.webp 768w, https:\/\/lifevac.lt\/wp-content\/uploads\/2024\/11\/ce-mark-600x423.webp 600w, https:\/\/lifevac.lt\/wp-content\/uploads\/2024\/11\/ce-mark.webp 1192w\" sizes=\"auto, (max-width: 184px) 100vw, 184px\" \/><img loading=\"lazy\" decoding=\"async\" class=\"alignnone wp-image-3666\" src=\"https:\/\/lifevac.lt\/wp-content\/uploads\/2024\/11\/isocred-300x212.jpg\" alt=\"\" width=\"184\" height=\"130\" srcset=\"https:\/\/lifevac.lt\/wp-content\/uploads\/2024\/11\/isocred-300x212.jpg 300w, https:\/\/lifevac.lt\/wp-content\/uploads\/2024\/11\/isocred-1024x724.jpg 1024w, https:\/\/lifevac.lt\/wp-content\/uploads\/2024\/11\/isocred-768x543.jpg 768w, https:\/\/lifevac.lt\/wp-content\/uploads\/2024\/11\/isocred-1536x1086.jpg 1536w, https:\/\/lifevac.lt\/wp-content\/uploads\/2024\/11\/isocred-2048x1448.jpg 2048w, https:\/\/lifevac.lt\/wp-content\/uploads\/2024\/11\/isocred-600x424.jpg 600w\" sizes=\"auto, (max-width: 184px) 100vw, 184px\" \/><img loading=\"lazy\" decoding=\"async\" class=\"alignnone wp-image-3930\" src=\"https:\/\/lifevac.lt\/wp-content\/uploads\/2024\/11\/mib-300x100.webp\" alt=\"\" width=\"184\" height=\"62\" srcset=\"https:\/\/lifevac.lt\/wp-content\/uploads\/2024\/11\/mib-300x100.webp 300w, https:\/\/lifevac.lt\/wp-content\/uploads\/2024\/11\/mib-1024x343.webp 1024w, https:\/\/lifevac.lt\/wp-content\/uploads\/2024\/11\/mib-768x257.webp 768w, https:\/\/lifevac.lt\/wp-content\/uploads\/2024\/11\/mib-1536x514.webp 1536w, https:\/\/lifevac.lt\/wp-content\/uploads\/2024\/11\/mib-2048x686.webp 2048w, https:\/\/lifevac.lt\/wp-content\/uploads\/2024\/11\/mib-600x201.webp 600w\" sizes=\"auto, (max-width: 184px) 100vw, 184px\" \/><\/p>\n<p><strong>Komplekt\u0101:<\/strong><\/p>\n<ul>\n<li><strong>LifeVac elpce\u013cu atbr\u012bvo\u0161anas ier\u012bce<\/strong><\/li>\n<li><strong>1 x b\u0113rnu maska<\/strong><\/li>\n<li><strong>1 x S izm\u0113ra maska &#8211; maziem pieaugu\u0161ajiem vai b\u0113rniem<\/strong><\/li>\n<li><strong>1 x maskas izm\u0113rs M  <\/strong><\/li>\n<li><strong>1 x maskas izm\u0113rs L<\/strong><\/li>\n<li><strong>1 x XL izm\u0113ra maska<\/strong><\/li>\n<li><strong>1 x testa maska<\/strong><\/li>\n<li><strong>1 x lietot\u0101ja rokasgr\u0101mata<\/strong><\/li>\n<li><strong>1 x uzl\u012bme uz loga\/durv\u012bm &#8211; lai inform\u0113tu, ka jums ir LifeVac.<\/strong><\/li>\n<\/ul>\n","protected":false},"featured_media":5993,"comment_status":"closed","ping_status":"closed","template":"","meta":{"_uag_custom_page_level_css":"","_monsterinsights_skip_tracking":false,"_monsterinsights_sitenote_active":false,"_monsterinsights_sitenote_note":"","_monsterinsights_sitenote_category":0,"site-sidebar-layout":"default","site-content-layout":"","ast-site-content-layout":"default","site-content-style":"default","site-sidebar-style":"default","ast-global-header-display":"","ast-banner-title-visibility":"","ast-main-header-display":"","ast-hfb-above-header-display":"","ast-hfb-below-header-display":"","ast-hfb-mobile-header-display":"","site-post-title":"","ast-breadcrumbs-content":"","ast-featured-img":"","footer-sml-layout":"","ast-disable-related-posts":"","theme-transparent-header-meta":"default","adv-header-id-meta":"","stick-header-meta":"","header-above-stick-meta":"","header-main-stick-meta":"","header-below-stick-meta":"","astra-migrate-meta-layouts":"default","ast-page-background-enabled":"default","ast-page-background-meta":{"desktop":{"background-color":"","background-image":"","background-repeat":"repeat","background-position":"center center","background-size":"auto","background-attachment":"scroll","background-type":"","background-media":"","overlay-type":"","overlay-color":"","overlay-opacity":"","overlay-gradient":""},"tablet":{"background-color":"","background-image":"","background-repeat":"repeat","background-position":"center center","background-size":"auto","background-attachment":"scroll","background-type":"","background-media":"","overlay-type":"","overlay-color":"","overlay-opacity":"","overlay-gradient":""},"mobile":{"background-color":"","background-image":"","background-repeat":"repeat","background-position":"center center","background-size":"auto","background-attachment":"scroll","background-type":"","background-media":"","overlay-type":"","overlay-color":"","overlay-opacity":"","overlay-gradient":""}},"ast-content-background-meta":{"desktop":{"background-color":"var(--ast-global-color-5)","background-image":"","background-repeat":"repeat","background-position":"center center","background-size":"auto","background-attachment":"scroll","background-type":"","background-media":"","overlay-type":"","overlay-color":"","overlay-opacity":"","overlay-gradient":""},"tablet":{"background-color":"var(--ast-global-color-5)","background-image":"","background-repeat":"repeat","background-position":"center center","background-size":"auto","background-attachment":"scroll","background-type":"","background-media":"","overlay-type":"","overlay-color":"","overlay-opacity":"","overlay-gradient":""},"mobile":{"background-color":"var(--ast-global-color-5)","background-image":"","background-repeat":"repeat","background-position":"center center","background-size":"auto","background-attachment":"scroll","background-type":"","background-media":"","overlay-type":"","overlay-color":"","overlay-opacity":"","overlay-gradient":""}}},"product_brand":[],"product_cat":[83],"product_tag":[],"class_list":{"0":"post-5992","1":"product","2":"type-product","3":"status-publish","4":"has-post-thumbnail","6":"product_cat-lifevac-komplekti","7":"desktop-align-left","8":"tablet-align-left","9":"mobile-align-left","11":"first","12":"instock","13":"featured","14":"taxable","15":"shipping-taxable","16":"purchasable","17":"product-type-simple"},"aioseo_notices":[],"uagb_featured_image_src":{"full":["https:\/\/lifevac.lt\/wp-content\/uploads\/2024\/11\/EMS-Kit.jpg",2000,2000,false],"thumbnail":["https:\/\/lifevac.lt\/wp-content\/uploads\/2024\/11\/EMS-Kit-150x150.jpg",150,150,true],"medium":["https:\/\/lifevac.lt\/wp-content\/uploads\/2024\/11\/EMS-Kit-300x300.jpg",300,300,true],"medium_large":["https:\/\/lifevac.lt\/wp-content\/uploads\/2024\/11\/EMS-Kit-768x768.jpg",768,768,true],"large":["https:\/\/lifevac.lt\/wp-content\/uploads\/2024\/11\/EMS-Kit-1024x1024.jpg",1024,1024,true],"1536x1536":["https:\/\/lifevac.lt\/wp-content\/uploads\/2024\/11\/EMS-Kit-1536x1536.jpg",1536,1536,true],"2048x2048":["https:\/\/lifevac.lt\/wp-content\/uploads\/2024\/11\/EMS-Kit.jpg",2000,2000,false],"woocommerce_thumbnail":["https:\/\/lifevac.lt\/wp-content\/uploads\/2024\/11\/EMS-Kit-300x300.jpg",300,300,true],"woocommerce_single":["https:\/\/lifevac.lt\/wp-content\/uploads\/2024\/11\/EMS-Kit-600x600.jpg",600,600,true],"woocommerce_gallery_thumbnail":["https:\/\/lifevac.lt\/wp-content\/uploads\/2024\/11\/EMS-Kit-100x100.jpg",100,100,true]},"uagb_author_info":{"display_name":"sigitas@omvi.lt","author_link":"https:\/\/lifevac.lt\/lv\/blog\/author\/"},"uagb_comment_info":0,"uagb_excerpt":"LifeVac pirm\u0101s pal\u012bdz\u012bbas komplekts ir neat\u0146emama pirm\u0101s pal\u012bdz\u012bbas sniedz\u0113ju, piem\u0113ram, policistu, ugunsdz\u0113s\u0113ju, neatliekam\u0101s medic\u012bnisk\u0101s pal\u012bdz\u012bbas un feld\u0161eru, apr\u012bkojuma sast\u0101vda\u013ca. \u0160is komplekts ir izstr\u0101d\u0101ts, lai nodro\u0161in\u0101tu \u0101tru un efekt\u012bvu rea\u0123\u0113\u0161anu aizr\u012b\u0161an\u0101s gad\u012bjum\u0101, un tas var gl\u0101bt dz\u012bv\u012bbas, kad svar\u012bga ir katra sekunde. Esiet gatavi r\u012bkoties un pal\u012bdz\u0113t - ar LifeVac j\u016bsu komanda vienm\u0113r b\u016bs gatava! Komplekt\u0101:&hellip;","_links":{"self":[{"href":"https:\/\/lifevac.lt\/lv\/wp-json\/wp\/v2\/product\/5992","targetHints":{"allow":["GET"]}}],"collection":[{"href":"https:\/\/lifevac.lt\/lv\/wp-json\/wp\/v2\/product"}],"about":[{"href":"https:\/\/lifevac.lt\/lv\/wp-json\/wp\/v2\/types\/product"}],"replies":[{"embeddable":true,"href":"https:\/\/lifevac.lt\/lv\/wp-json\/wp\/v2\/comments?post=5992"}],"wp:featuredmedia":[{"embeddable":true,"href":"https:\/\/lifevac.lt\/lv\/wp-json\/wp\/v2\/media\/5993"}],"wp:attachment":[{"href":"https:\/\/lifevac.lt\/lv\/wp-json\/wp\/v2\/media?parent=5992"}],"wp:term":[{"taxonomy":"product_brand","embeddable":true,"href":"https:\/\/lifevac.lt\/lv\/wp-json\/wp\/v2\/product_brand?post=5992"},{"taxonomy":"product_cat","embeddable":true,"href":"https:\/\/lifevac.lt\/lv\/wp-json\/wp\/v2\/product_cat?post=5992"},{"taxonomy":"product_tag","embeddable":true,"href":"https:\/\/lifevac.lt\/lv\/wp-json\/wp\/v2\/product_tag?post=5992"}],"curies":[{"name":"wp","href":"https:\/\/api.w.org\/{rel}","templated":true}]}}