{"id":5830,"date":"2024-11-25T08:40:25","date_gmt":"2024-11-25T08:40:25","guid":{"rendered":"https:\/\/lifevac.lt\/produktai\/lifevac-majas-komplekts\/"},"modified":"2026-01-10T19:02:56","modified_gmt":"2026-01-10T19:02:56","slug":"lifevac-majas-komplekts","status":"publish","type":"product","link":"https:\/\/lifevac.lt\/lv\/produktiem\/lifevac-majas-komplekts\/","title":{"rendered":"LifeVac m\u0101jas komplekts"},"content":{"rendered":"<h2>LifeVac &#8211; dz\u012bv\u012bbu gl\u0101bjo\u0161a ier\u012bce pret aizr\u012b\u0161anos<\/h2>\n<h2>Kas ir LifeVac?<\/h2>\n<h2 style=\"font-style: normal;\"><img loading=\"lazy\" decoding=\"async\" class=\"alignright wp-image-2953 size-medium\" src=\"https:\/\/lifevac.lt\/wp-content\/uploads\/2024\/11\/LifeVac02.png-189x300.png\" alt=\"\" width=\"189\" height=\"300\" srcset=\"https:\/\/lifevac.lt\/wp-content\/uploads\/2024\/11\/LifeVac02.png-189x300.png 189w, https:\/\/lifevac.lt\/wp-content\/uploads\/2024\/11\/LifeVac02.png.png 427w\" sizes=\"auto, (max-width: 189px) 100vw, 189px\" \/><\/h2>\n<p style=\"text-align: left;\">LifeVac ir inovat\u012bva, patent\u0113ta ier\u012bce, kas izstr\u0101d\u0101ta, lai gl\u0101btu aizr\u012bto\u0161os cilv\u0113kus. T\u0101 darbojas p\u0113c vienk\u0101r\u0161a, bet efekt\u012bva principa, radot vakuumu, kas izvelk sve\u0161\u0137erme\u0146us no elpce\u013ciem. Ier\u012bce ir \u012bpa\u0161i noder\u012bga \u0101rk\u0101rtas situ\u0101cij\u0101s, kad elpo\u0161ana ir blo\u0137\u0113ta un \u0101tra iejauk\u0161an\u0101s var gl\u0101bt dz\u012bv\u012bbu.  <\/p>\n<p style=\"text-align: left;\">Izmantojot LifeVac, ier\u012bci vispirms ievieto pacienta mut\u0113. Tiek rad\u012bts vakuums, kas ievelk priek\u0161metu. Pateicoties \u0161\u0101dam darb\u012bbas meh\u0101nismam, LifeVac var lietot visu vecumu cilv\u0113ki &#8211; gan b\u0113rni, gan pieaugu\u0161ie. \u012apa\u0161i svar\u012bgi ir tas, ka ier\u012bce ir viegli lietojama, t\u0101p\u0113c pat cilv\u0113ki bez medic\u012bnisk\u0101s izgl\u012bt\u012bbas var \u0101tri un efekt\u012bvi rea\u0123\u0113t aizr\u012b\u0161an\u0101s gad\u012bjumos.   <\/p>\n<p style=\"text-align: left;\">Ier\u012bcei ir \u012bpa\u0161s vienvirziena v\u0101rsts, kas <strong>nov\u0113r\u0161 sekund\u0101ru aspir\u0101ciju, nodro\u0161inot, ka ier\u012bce p\u0113c sve\u0161\u0137erme\u0146a ekstrakcijas nesavaino pacientu<\/strong>. LifeVac ir \u0113rts, jo tas ir kompakts un p\u0101rn\u0113s\u0101jams, t\u0101p\u0113c to var p\u0101rn\u0113s\u0101t m\u0101j\u0101s un transportl\u012bdzek\u013cos. Ilgtermi\u0146a p\u0113t\u012bjumi liecina, ka LifeVac ir \u013coti efekt\u012bvs, un t\u0101 lieto\u0161ana var iev\u0113rojami palielin\u0101t izdz\u012bvo\u0161anas ilgumu aizr\u012b\u0161an\u0101s gad\u012bjumos, \u0146emot v\u0113r\u0101 \u0101tru reakciju. <\/p>\n<p style=\"text-align: left;\">\u0160\u012bs ier\u012bces priek\u0161roc\u012bbas ir ac\u012bmredzamas, jo \u012bpa\u0161i \u0101rk\u0101rtas situ\u0101cij\u0101s. LifeVac sniedz \u0101tru pal\u012bdz\u012bbu aizr\u012b\u0161an\u0101s gad\u012bjum\u0101, un tam vajadz\u0113tu b\u016bt vis\u0101s m\u0101j\u0101s un sabiedrisk\u0101s viet\u0101s, kur var notikt \u0161\u0101das nelaimes. <\/p>\n<h2 style=\"text-align: center;\">K\u0101 darbojas LifeVac?<\/h2>\n<p>Ja standarta reanim\u0101cijas protokoli nedarbojas, LifeVac gl\u0101bj dz\u012bv\u012bbas.<\/p>\n<p><img loading=\"lazy\" decoding=\"async\" class=\"wp-image-3424 size-full aligncenter\" src=\"https:\/\/lifevac.lt\/wp-content\/uploads\/2024\/11\/uzdek-spausk-trauk.jpg\" alt=\"\" width=\"1316\" height=\"814\" srcset=\"https:\/\/lifevac.lt\/wp-content\/uploads\/2024\/11\/uzdek-spausk-trauk.jpg 1316w, https:\/\/lifevac.lt\/wp-content\/uploads\/2024\/11\/uzdek-spausk-trauk-300x186.jpg 300w, https:\/\/lifevac.lt\/wp-content\/uploads\/2024\/11\/uzdek-spausk-trauk-1024x633.jpg 1024w, https:\/\/lifevac.lt\/wp-content\/uploads\/2024\/11\/uzdek-spausk-trauk-768x475.jpg 768w, https:\/\/lifevac.lt\/wp-content\/uploads\/2024\/11\/uzdek-spausk-trauk-600x371.jpg 600w\" sizes=\"auto, (max-width: 1316px) 100vw, 1316px\" \/><\/p>\n<ol>\n<li>Lai izmantotu LifeVac, uzlieciet masku cietu\u0161ajam uz mutes un deguna. Ar maz\u0101k domin\u0113jo\u0161o roku stingri turiet masku viet\u0101, p\u0101rliecinoties, ka cietu\u0161\u0101 galva ir atliekta atpaka\u013c. <\/li>\n<li>Ar domin\u0113jo\u0161o roku turiet LifeVac rokturi un nospiediet, lai rad\u012btu vakuumu. Nav noz\u012bmes, cik sp\u0113c\u012bgi nospie\u017eat, jo gaiss vienk\u0101r\u0161i izpl\u016bst caur v\u0101rstu, kas nov\u0113r\u0161 gaisa iek\u013c\u016b\u0161anu aizr\u012bto\u0161\u0101 cilv\u0113ka elpce\u013cos. <\/li>\n<li>Tad p\u0113k\u0161\u0146i pavelciet rokturi uz aug\u0161u. Barjera tiks izvilkta no cietu\u0161\u0101 r\u012bkles. Ies\u016bk\u0161anas laiks ir minim\u0101ls, t\u0101p\u0113c LifeVac ir dro\u0161s un efekt\u012bvs. Ja aizsprostojums netiek no\u0146emts uzreiz, atk\u0101rtojiet l\u012bdz piec\u0101m reiz\u0113m.   <\/li>\n<\/ol>\n<div class=\"ast-oembed-container \" style=\"height: 100%;\"><iframe loading=\"lazy\" title=\"How LifeVac Works\" width=\"500\" height=\"281\" src=\"https:\/\/www.youtube.com\/embed\/_Z_SN6D4rqE?feature=oembed\" frameborder=\"0\" allow=\"accelerometer; autoplay; clipboard-write; encrypted-media; gyroscope; picture-in-picture; web-share\" referrerpolicy=\"strict-origin-when-cross-origin\" allowfullscreen><\/iframe><\/div>\n<h2><\/h2>\n<h2>LifeVac m\u0101jas komplekts &#8211; pilns komplekts un lieto\u0161anas instrukcija<\/h2>\n<p>LifeVac m\u0101jas komplekts ir \u012bpa\u0161i izstr\u0101d\u0101ts, lai pal\u012bdz\u0113tu \u0101rk\u0101rtas situ\u0101cij\u0101s, kad m\u0101j\u0101s rodas aizr\u012b\u0161an\u0101s. Ir svar\u012bgi, lai m\u0101j\u0101s b\u016btu uzticama un efekt\u012bva ier\u012bce, kas var \u0101tri rea\u0123\u0113t \u0101rk\u0101rtas situ\u0101cij\u0101s. Komplekt\u0101 ir iek\u013cauti vair\u0101ki b\u016btiski priek\u0161meti, kas paredz\u0113ti \u0101trai un efekt\u012bvai rea\u0123\u0113\u0161anai \u0101rk\u0101rtas situ\u0101cij\u0101s. J\u016bs atrad\u012bsiet \u010detras da\u017e\u0101da izm\u0113ra maskas: b\u0113rniem, maziem un lieliem pieaugu\u0161ajiem, k\u0101 ar\u012b testa masku. \u0160\u012bs maskas \u013cauj piel\u0101got ier\u012bci cilv\u0113ka vecumam un fiziolo\u0123ijai, t\u0101d\u0113j\u0101di nodro\u0161inot efekt\u012bvu s\u016bk\u0161anas procesu.    <\/p>\n<p style=\"font-size: 16px; font-style: normal;\"><img loading=\"lazy\" decoding=\"async\" class=\"alignleft wp-image-3425 size-medium\" src=\"https:\/\/lifevac.lt\/wp-content\/uploads\/2024\/11\/LifeVac-pirmosios-pagalbos-namu-dezuteje-264x300.jpg\" alt=\"\" width=\"264\" height=\"300\" srcset=\"https:\/\/lifevac.lt\/wp-content\/uploads\/2024\/11\/LifeVac-pirmosios-pagalbos-namu-dezuteje-264x300.jpg 264w, https:\/\/lifevac.lt\/wp-content\/uploads\/2024\/11\/LifeVac-pirmosios-pagalbos-namu-dezuteje-899x1024.jpg 899w, https:\/\/lifevac.lt\/wp-content\/uploads\/2024\/11\/LifeVac-pirmosios-pagalbos-namu-dezuteje-768x874.jpg 768w, https:\/\/lifevac.lt\/wp-content\/uploads\/2024\/11\/LifeVac-pirmosios-pagalbos-namu-dezuteje-1349x1536.jpg 1349w, https:\/\/lifevac.lt\/wp-content\/uploads\/2024\/11\/LifeVac-pirmosios-pagalbos-namu-dezuteje-1799x2048.jpg 1799w, https:\/\/lifevac.lt\/wp-content\/uploads\/2024\/11\/LifeVac-pirmosios-pagalbos-namu-dezuteje-600x683.jpg 600w\" sizes=\"auto, (max-width: 264px) 100vw, 264px\" \/><\/p>\n<p>Turkl\u0101t komplekt\u0101 ir iek\u013cauta elpce\u013cu atbr\u012bvo\u0161anas pamatier\u012bce, kas ir viegli lietojama un intuit\u012bva. Katram komplektam ir skaidra lietot\u0101ja rokasgr\u0101mata, kur\u0101 soli pa solim aprakst\u012bti visi LifeVac ier\u012bces pareizas lieto\u0161anas so\u013ci. <\/p>\n<p>Dro\u0161\u012bbas aspekti ir b\u016btiski, t\u0101p\u0113c ir ieteicams regul\u0101ri p\u0101rbaud\u012bt un uztur\u0113t LifeVac ier\u012bci. \u0160\u012b profilaktisk\u0101 apkope nodro\u0161in\u0101s, ka ier\u012bce vienm\u0113r b\u016bs lab\u0101 st\u0101vokl\u012b un gatava \u0101rk\u0101rtas situ\u0101cij\u0101m. Tikl\u012bdz sa\u0146emat ier\u012bci, iem\u0101cieties to lietot un p\u0101rbaudiet to ar testa masku. P\u0101rliecinieties, ka ier\u012bce tiek glab\u0101ta <strong>viegli pieejam\u0101 viet\u0101<\/strong>, lai nepiecie\u0161am\u012bbas gad\u012bjum\u0101 var\u0113tu tai \u0101tri piek\u013c\u016bt. <span style=\"font-size: 16px; font-style: normal;\">Atcerieties, ka maskas ieteicams main\u012bt ik p\u0113c diviem gadiem. <\/span><span style=\"font-size: 16px;\">Pareiza kop\u0161ana un zin\u0101\u0161anas par to, k\u0101 lietot LifeVac, iev\u0113rojami palielin\u0101s j\u016bsu m\u0101jok\u013ca dro\u0161\u012bbu.<\/span>   <\/p>\n<section id=\"shopify-section-template--16653711769820__16617174305670894b\" class=\"shopify-section section\">\n<div class=\"color-background-1 gradient\">\n<div class=\"video-section isolate page-width section-template--16653711769820__16617174305670894b-padding\">\n<div class=\"title-wrapper title-wrapper--no-top-margin\">\n<p><strong><em><a title=\"Pan\u0101kumu st\u0101sti\" href=\"https:\/\/lifevac.lt\/lv\/panakumu-stasti\/\"><span style=\"color: #0000ff;\">LifeVac gl\u0101bj dz\u012bv\u012bbas &#8211; lasiet vair\u0101k.<\/span><\/a><\/em><\/strong><\/p>\n<\/div>\n<\/div>\n<\/div>\n<\/section>\n","protected":false},"excerpt":{"rendered":"<p>LifeVac ir patent\u0113ta dz\u012bv\u012bbas gl\u0101b\u0161anas ier\u012bce, kas atz\u012bta par efekt\u012bvu l\u012bdzekli, lai pal\u012bdz\u0113tu b\u0113rnam vai pieaugu\u0161ajam aizr\u012b\u0161an\u0101s gad\u012bjum\u0101. T\u0101 ir atz\u012bta par pasaul\u0113 1.<span style=\"font-size: 16px;\"> ier\u012bci<\/span><span style=\"font-size: 16px; font-style: normal;\">aizr\u012b\u0161an\u0101s gad\u012bjumos<\/span>. <\/p>\n<p><img loading=\"lazy\" decoding=\"async\" class=\"alignnone wp-image-4529 size-full\" src=\"https:\/\/lifevac.lt\/wp-content\/uploads\/2024\/11\/patikimas.png\" alt=\"\" width=\"552\" height=\"100\" srcset=\"https:\/\/lifevac.lt\/wp-content\/uploads\/2024\/11\/patikimas.png 552w, https:\/\/lifevac.lt\/wp-content\/uploads\/2024\/11\/patikimas-300x54.png 300w\" sizes=\"auto, (max-width: 552px) 100vw, 552px\" \/><\/p>\n<p>Komplekt\u0101:<\/p>\n<ul>\n<li>LifeVac elpce\u013cu atbr\u012bvo\u0161anas ier\u012bce<\/li>\n<li>1x maska L izm\u0113rs pieaugu\u0161ajiem<\/li>\n<li>1 x S izm\u0113ra maska &#8211; maziem pieaugu\u0161ajiem vai b\u0113rniem<\/li>\n<li>1 x b\u0113rnu maska<\/li>\n<li>1 x testa maska<\/li>\n<li>1 x lietot\u0101ja rokasgr\u0101mata<\/li>\n<li>1 uzl\u012bme uz loga\/durv\u012bm &#8211; lai j\u016bs zin\u0101tu, ka jums ir LifeVac.<\/li>\n<\/ul>\n<p>L\u016bdzu, \u0146emiet v\u0113r\u0101: \u0161\u012b mode\u013ca pieg\u0101des laiks pa\u0161laik var b\u016bt l\u012bdz pat p\u0101ris ned\u0113\u013c\u0101m. Atvainojamies par sag\u0101d\u0101taj\u0101m ne\u0113rt\u012bb\u0101m un pateicamies par paciet\u012bbu. <\/p>\n","protected":false},"featured_media":5831,"comment_status":"closed","ping_status":"closed","template":"","meta":{"_uag_custom_page_level_css":"","_monsterinsights_skip_tracking":false,"_monsterinsights_sitenote_active":false,"_monsterinsights_sitenote_note":"","_monsterinsights_sitenote_category":0,"site-sidebar-layout":"default","site-content-layout":"","ast-site-content-layout":"default","site-content-style":"default","site-sidebar-style":"default","ast-global-header-display":"","ast-banner-title-visibility":"","ast-main-header-display":"","ast-hfb-above-header-display":"","ast-hfb-below-header-display":"","ast-hfb-mobile-header-display":"","site-post-title":"","ast-breadcrumbs-content":"","ast-featured-img":"","footer-sml-layout":"","ast-disable-related-posts":"","theme-transparent-header-meta":"default","adv-header-id-meta":"","stick-header-meta":"","header-above-stick-meta":"","header-main-stick-meta":"","header-below-stick-meta":"","astra-migrate-meta-layouts":"default","ast-page-background-enabled":"default","ast-page-background-meta":{"desktop":{"background-color":"","background-image":"","background-repeat":"repeat","background-position":"center center","background-size":"auto","background-attachment":"scroll","background-type":"","background-media":"","overlay-type":"","overlay-color":"","overlay-opacity":"","overlay-gradient":""},"tablet":{"background-color":"","background-image":"","background-repeat":"repeat","background-position":"center center","background-size":"auto","background-attachment":"scroll","background-type":"","background-media":"","overlay-type":"","overlay-color":"","overlay-opacity":"","overlay-gradient":""},"mobile":{"background-color":"","background-image":"","background-repeat":"repeat","background-position":"center center","background-size":"auto","background-attachment":"scroll","background-type":"","background-media":"","overlay-type":"","overlay-color":"","overlay-opacity":"","overlay-gradient":""}},"ast-content-background-meta":{"desktop":{"background-color":"var(--ast-global-color-5)","background-image":"","background-repeat":"repeat","background-position":"center center","background-size":"auto","background-attachment":"scroll","background-type":"","background-media":"","overlay-type":"","overlay-color":"","overlay-opacity":"","overlay-gradient":""},"tablet":{"background-color":"var(--ast-global-color-5)","background-image":"","background-repeat":"repeat","background-position":"center center","background-size":"auto","background-attachment":"scroll","background-type":"","background-media":"","overlay-type":"","overlay-color":"","overlay-opacity":"","overlay-gradient":""},"mobile":{"background-color":"var(--ast-global-color-5)","background-image":"","background-repeat":"repeat","background-position":"center center","background-size":"auto","background-attachment":"scroll","background-type":"","background-media":"","overlay-type":"","overlay-color":"","overlay-opacity":"","overlay-gradient":""}}},"product_brand":[],"product_cat":[83],"product_tag":[],"class_list":{"0":"post-5830","1":"product","2":"type-product","3":"status-publish","4":"has-post-thumbnail","6":"product_cat-lifevac-komplekti","7":"desktop-align-left","8":"tablet-align-left","9":"mobile-align-left","11":"first","12":"instock","13":"sale","14":"featured","15":"taxable","16":"shipping-taxable","17":"purchasable","18":"product-type-simple"},"aioseo_notices":[],"uagb_featured_image_src":{"full":["https:\/\/lifevac.lt\/wp-content\/uploads\/2024\/11\/LifeVac-namu-rinkinys-01.jpeg",2500,2500,false],"thumbnail":["https:\/\/lifevac.lt\/wp-content\/uploads\/2024\/11\/LifeVac-namu-rinkinys-01-150x150.jpeg",150,150,true],"medium":["https:\/\/lifevac.lt\/wp-content\/uploads\/2024\/11\/LifeVac-namu-rinkinys-01-300x300.jpeg",300,300,true],"medium_large":["https:\/\/lifevac.lt\/wp-content\/uploads\/2024\/11\/LifeVac-namu-rinkinys-01-768x768.jpeg",768,768,true],"large":["https:\/\/lifevac.lt\/wp-content\/uploads\/2024\/11\/LifeVac-namu-rinkinys-01-1024x1024.jpeg",1024,1024,true],"1536x1536":["https:\/\/lifevac.lt\/wp-content\/uploads\/2024\/11\/LifeVac-namu-rinkinys-01-1536x1536.jpeg",1536,1536,true],"2048x2048":["https:\/\/lifevac.lt\/wp-content\/uploads\/2024\/11\/LifeVac-namu-rinkinys-01-2048x2048.jpeg",2048,2048,true],"woocommerce_thumbnail":["https:\/\/lifevac.lt\/wp-content\/uploads\/2024\/11\/LifeVac-namu-rinkinys-01-300x300.jpeg",300,300,true],"woocommerce_single":["https:\/\/lifevac.lt\/wp-content\/uploads\/2024\/11\/LifeVac-namu-rinkinys-01-600x600.jpeg",600,600,true],"woocommerce_gallery_thumbnail":["https:\/\/lifevac.lt\/wp-content\/uploads\/2024\/11\/LifeVac-namu-rinkinys-01-100x100.jpeg",100,100,true]},"uagb_author_info":{"display_name":"sigitas@omvi.lt","author_link":"https:\/\/lifevac.lt\/lv\/blog\/author\/"},"uagb_comment_info":0,"uagb_excerpt":"LifeVac ir patent\u0113ta dz\u012bv\u012bbas gl\u0101b\u0161anas ier\u012bce, kas atz\u012bta par efekt\u012bvu l\u012bdzekli, lai pal\u012bdz\u0113tu b\u0113rnam vai pieaugu\u0161ajam aizr\u012b\u0161an\u0101s gad\u012bjum\u0101. T\u0101 ir atz\u012bta par pasaul\u0113 1. ier\u012bciaizr\u012b\u0161an\u0101s gad\u012bjumos. Komplekt\u0101: LifeVac elpce\u013cu atbr\u012bvo\u0161anas ier\u012bce 1x maska L izm\u0113rs pieaugu\u0161ajiem 1 x S izm\u0113ra maska - maziem pieaugu\u0161ajiem vai b\u0113rniem 1 x b\u0113rnu maska 1 x testa maska 1&hellip;","_links":{"self":[{"href":"https:\/\/lifevac.lt\/lv\/wp-json\/wp\/v2\/product\/5830","targetHints":{"allow":["GET"]}}],"collection":[{"href":"https:\/\/lifevac.lt\/lv\/wp-json\/wp\/v2\/product"}],"about":[{"href":"https:\/\/lifevac.lt\/lv\/wp-json\/wp\/v2\/types\/product"}],"replies":[{"embeddable":true,"href":"https:\/\/lifevac.lt\/lv\/wp-json\/wp\/v2\/comments?post=5830"}],"wp:featuredmedia":[{"embeddable":true,"href":"https:\/\/lifevac.lt\/lv\/wp-json\/wp\/v2\/media\/5831"}],"wp:attachment":[{"href":"https:\/\/lifevac.lt\/lv\/wp-json\/wp\/v2\/media?parent=5830"}],"wp:term":[{"taxonomy":"product_brand","embeddable":true,"href":"https:\/\/lifevac.lt\/lv\/wp-json\/wp\/v2\/product_brand?post=5830"},{"taxonomy":"product_cat","embeddable":true,"href":"https:\/\/lifevac.lt\/lv\/wp-json\/wp\/v2\/product_cat?post=5830"},{"taxonomy":"product_tag","embeddable":true,"href":"https:\/\/lifevac.lt\/lv\/wp-json\/wp\/v2\/product_tag?post=5830"}],"curies":[{"name":"wp","href":"https:\/\/api.w.org\/{rel}","templated":true}]}}