{"id":5978,"date":"2024-11-27T15:21:16","date_gmt":"2024-11-27T15:21:16","guid":{"rendered":"https:\/\/lifevac.lt\/piegade\/"},"modified":"2025-03-12T10:11:00","modified_gmt":"2025-03-12T10:11:00","slug":"piegade","status":"publish","type":"page","link":"https:\/\/lifevac.lt\/lv\/piegade\/","title":{"rendered":"Pieg\u0101de"},"content":{"rendered":"\n<div class=\"wp-block-uagb-container uagb-block-8b41988d alignfull uagb-is-root-container\"><div class=\"uagb-container-inner-blocks-wrap\">\n<h2 class=\"wp-block-heading\">Pieg\u0101des nosac\u012bjumi<\/h2>\n\n\n\n<div class=\"wp-block-columns is-layout-flex wp-container-core-columns-is-layout-1 wp-block-columns-is-layout-flex\">\n<div class=\"wp-block-column is-layout-flow wp-block-column-is-layout-flow\" style=\"flex-basis:50%\">\n<div class=\"wp-block-uagb-info-box uagb-block-1f06c722 uagb-infobox__content-wrap  uagb-infobox-icon-above-title uagb-infobox-image-valign-top\"><div class=\"uagb-ifb-content\"><div class=\"uagb-ifb-title-wrap\"><h3 class=\"uagb-ifb-title\">Pieg\u0101de<\/h3><\/div><p class=\"uagb-ifb-desc\">Tikl\u012bdz m\u0113s sa\u0146emam j\u016bsu maks\u0101jumu, m\u0113s nekav\u0113joties s\u0101kam gatavot s\u016bt\u012bjumu, lai LifeVac j\u016bs sa\u0146emtu p\u0113c iesp\u0113jas \u0101tr\u0101k. Pieg\u0101di garant\u0113 *Venipak*. <br\/>Visi pas\u016bt\u012bjumi virs 100 EUR tiek pieg\u0101d\u0101ti bez maksas.<\/p><\/div><\/div>\n\n\n\n<figure class=\"wp-block-table\"><table class=\"has-fixed-layout\"><thead><tr><th><strong>Pieg\u0101des metode<\/strong><\/th><th><strong>Pieg\u0101des laiks<\/strong><\/th><th><strong>Cena*<\/strong><\/th><\/tr><\/thead><tbody><tr><td><strong>Pieg\u0101de ar Venipak kurjeru<\/strong><\/td><td>1-3 darba dienas<\/td><td>3,99 EUR<\/td><\/tr><tr><td><strong>Pieg\u0101de, izmantojot Venipak pasta noda\u013cas<\/strong><\/td><td>1-3 darba dienas<\/td><td>2,69 EUR<\/td><\/tr><\/tbody><\/table><figcaption class=\"wp-element-caption\">*pieg\u0101dei uz Kur\u0161u k\u0101pu tiek piem\u0113rota papildu maksa 30eur apm\u0113r\u0101<\/figcaption><\/figure>\n<\/div>\n\n\n\n<div class=\"wp-block-column is-vertically-aligned-center is-layout-flow wp-block-column-is-layout-flow\" style=\"flex-basis:50%\">\n<figure class=\"wp-block-image aligncenter size-full\"><img loading=\"lazy\" decoding=\"async\" width=\"622\" height=\"350\" src=\"https:\/\/lifevac.lt\/wp-content\/uploads\/2024\/11\/pexels-photo-5025647-5025647.jpg\" alt=\"Pieg&#x101;d&#x101;t&#x101;js raksta uz t&#x101;feles blakus kravas furgon&#x101; sakraut&#x101;m kartona kast&#x113;m.\" class=\"wp-image-3812\" srcset=\"https:\/\/lifevac.lt\/wp-content\/uploads\/2024\/11\/pexels-photo-5025647-5025647.jpg 622w, https:\/\/lifevac.lt\/wp-content\/uploads\/2024\/11\/pexels-photo-5025647-5025647-300x169.jpg 300w, https:\/\/lifevac.lt\/wp-content\/uploads\/2024\/11\/pexels-photo-5025647-5025647-600x338.jpg 600w\" sizes=\"auto, (max-width: 622px) 100vw, 622px\" \/><\/figure>\n<\/div>\n<\/div>\n<\/div><\/div>\n","protected":false},"excerpt":{"rendered":"<p>Pieg\u0101des nosac\u012bjumi Pieg\u0101des metode Pieg\u0101des laiks Cena* Pieg\u0101de ar Venipak kurjeru 1-3 darba dienas 3,99 EUR Pieg\u0101de, izmantojot Venipak pasta noda\u013cas 1-3 darba dienas 2,69 EUR *pieg\u0101dei uz Kur\u0161u k\u0101pu tiek piem\u0113rota papildu maksa 30eur apm\u0113r\u0101<\/p>\n","protected":false},"author":1,"featured_media":0,"parent":0,"menu_order":0,"comment_status":"closed","ping_status":"closed","template":"","meta":{"_uag_custom_page_level_css":"","_monsterinsights_skip_tracking":false,"_monsterinsights_sitenote_active":false,"_monsterinsights_sitenote_note":"","_monsterinsights_sitenote_category":0,"site-sidebar-layout":"default","site-content-layout":"","ast-site-content-layout":"default","site-content-style":"default","site-sidebar-style":"default","ast-global-header-display":"","ast-banner-title-visibility":"","ast-main-header-display":"","ast-hfb-above-header-display":"","ast-hfb-below-header-display":"","ast-hfb-mobile-header-display":"","site-post-title":"disabled","ast-breadcrumbs-content":"","ast-featured-img":"","footer-sml-layout":"","ast-disable-related-posts":"","theme-transparent-header-meta":"","adv-header-id-meta":"","stick-header-meta":"","header-above-stick-meta":"","header-main-stick-meta":"","header-below-stick-meta":"","astra-migrate-meta-layouts":"default","ast-page-background-enabled":"default","ast-page-background-meta":{"desktop":{"background-color":"","background-image":"","background-repeat":"repeat","background-position":"center center","background-size":"auto","background-attachment":"scroll","background-type":"","background-media":"","overlay-type":"","overlay-color":"","overlay-opacity":"","overlay-gradient":""},"tablet":{"background-color":"","background-image":"","background-repeat":"repeat","background-position":"center center","background-size":"auto","background-attachment":"scroll","background-type":"","background-media":"","overlay-type":"","overlay-color":"","overlay-opacity":"","overlay-gradient":""},"mobile":{"background-color":"","background-image":"","background-repeat":"repeat","background-position":"center center","background-size":"auto","background-attachment":"scroll","background-type":"","background-media":"","overlay-type":"","overlay-color":"","overlay-opacity":"","overlay-gradient":""}},"ast-content-background-meta":{"desktop":{"background-color":"var(--ast-global-color-5)","background-image":"","background-repeat":"repeat","background-position":"center center","background-size":"auto","background-attachment":"scroll","background-type":"","background-media":"","overlay-type":"","overlay-color":"","overlay-opacity":"","overlay-gradient":""},"tablet":{"background-color":"var(--ast-global-color-5)","background-image":"","background-repeat":"repeat","background-position":"center center","background-size":"auto","background-attachment":"scroll","background-type":"","background-media":"","overlay-type":"","overlay-color":"","overlay-opacity":"","overlay-gradient":""},"mobile":{"background-color":"var(--ast-global-color-5)","background-image":"","background-repeat":"repeat","background-position":"center center","background-size":"auto","background-attachment":"scroll","background-type":"","background-media":"","overlay-type":"","overlay-color":"","overlay-opacity":"","overlay-gradient":""}},"footnotes":""},"class_list":["post-5978","page","type-page","status-publish","hentry"],"aioseo_notices":[],"uagb_featured_image_src":{"full":false,"thumbnail":false,"medium":false,"medium_large":false,"large":false,"1536x1536":false,"2048x2048":false,"woocommerce_thumbnail":false,"woocommerce_single":false,"woocommerce_gallery_thumbnail":false},"uagb_author_info":{"display_name":"sigitas@omvi.lt","author_link":"https:\/\/lifevac.lt\/lv\/blog\/author\/sigitasomvi-lt\/"},"uagb_comment_info":0,"uagb_excerpt":"Pieg\u0101des nosac\u012bjumi Pieg\u0101des metode Pieg\u0101des laiks Cena* Pieg\u0101de ar Venipak kurjeru 1-3 darba dienas 3,99 EUR Pieg\u0101de, izmantojot Venipak pasta noda\u013cas 1-3 darba dienas 2,69 EUR *pieg\u0101dei uz Kur\u0161u k\u0101pu tiek piem\u0113rota papildu maksa 30eur apm\u0113r\u0101","_links":{"self":[{"href":"https:\/\/lifevac.lt\/lv\/wp-json\/wp\/v2\/pages\/5978","targetHints":{"allow":["GET"]}}],"collection":[{"href":"https:\/\/lifevac.lt\/lv\/wp-json\/wp\/v2\/pages"}],"about":[{"href":"https:\/\/lifevac.lt\/lv\/wp-json\/wp\/v2\/types\/page"}],"author":[{"embeddable":true,"href":"https:\/\/lifevac.lt\/lv\/wp-json\/wp\/v2\/users\/1"}],"replies":[{"embeddable":true,"href":"https:\/\/lifevac.lt\/lv\/wp-json\/wp\/v2\/comments?post=5978"}],"version-history":[{"count":1,"href":"https:\/\/lifevac.lt\/lv\/wp-json\/wp\/v2\/pages\/5978\/revisions"}],"predecessor-version":[{"id":5982,"href":"https:\/\/lifevac.lt\/lv\/wp-json\/wp\/v2\/pages\/5978\/revisions\/5982"}],"wp:attachment":[{"href":"https:\/\/lifevac.lt\/lv\/wp-json\/wp\/v2\/media?parent=5978"}],"curies":[{"name":"wp","href":"https:\/\/api.w.org\/{rel}","templated":true}]}}