{"id":5813,"date":"2024-11-27T13:31:16","date_gmt":"2024-11-27T13:31:16","guid":{"rendered":"https:\/\/lifevac.lt\/aizrisanas-profilakse\/"},"modified":"2025-03-12T09:50:23","modified_gmt":"2025-03-12T09:50:23","slug":"aizrisanas-profilakse","status":"publish","type":"page","link":"https:\/\/lifevac.lt\/lv\/aizrisanas-profilakse\/","title":{"rendered":"Aizr\u012b\u0161an\u0101s profilakse"},"content":{"rendered":"\n<div class=\"wp-block-uagb-container uagb-block-d30f145e alignfull uagb-is-root-container\"><div class=\"uagb-container-inner-blocks-wrap\">\n<h2 class=\"wp-block-heading has-text-align-left has-ast-global-color-8-background-color has-background\">Aizr\u012b\u0161an\u0101s risks<\/h2>\n\n\n\n<p><strong>M\u0113s visi esam neaizsarg\u0101ti!<\/strong><\/p>\n\n\n\n<p>Lai gan liel\u0101k\u0101 da\u013ca aizr\u012b\u0161an\u0101s gad\u012bjumu notiek \u013coti jauniem un vec\u0101ka gadag\u0101juma cilv\u0113kiem, neviens nav piln\u012bgi im\u016bns, pat veseli jauni pieaugu\u0161ie.<\/p>\n\n\n\n<p>Ripo\u0161ana ir sare\u017e\u0123\u012bts process, ko liel\u0101k\u0101 da\u013ca no mums uzskata par pa\u0161saprotamu. Tom\u0113r, strauji ieelpojot, elpce\u013cos var iek\u013c\u016bt sve\u0161\u0137ermenis. Nekas nav pa\u0161saprotams!  <\/p>\n\n\n\n<p>\u0160os faktus apstiprina un dokument\u0113 daudzas neatkar\u012bgas starptautiskas organiz\u0101cijas un a\u0123ent\u016bras vis\u0101 pasaul\u0113.<\/p>\n\n\n\n<p>Saska\u0146\u0101 ar Pasaules Vesel\u012bbas organiz\u0101cijas (PVO) datiem aizr\u012b\u0161an\u0101s ir viens no pieciem galvenajiem n\u0101ves c\u0113lo\u0146iem.<\/p>\n\n\n\n<p>ES dati liecina, ka:<\/p>\n\n\n\n<ul class=\"wp-block-list\">\n<li><strong>60 % b\u0113rnu saslim\u0161anas gad\u012bjumu<\/strong> izraisa ar p\u0101rtiku saist\u012bti apdraud\u0113jumi, bet pieaugu\u0161o vid\u016b \u0161is r\u0101d\u012bt\u0101js ir <strong>aptuveni 85 %<\/strong>.<\/li>\n\n\n\n<li><strong>30 % gad\u012bjumu, kad b\u0113rni infic\u0113jas ar<\/strong> nep\u0101rtikas produktiem, piem\u0113ram, plastmasu, s\u012bk\u0101m met\u0101la deta\u013c\u0101m, mon\u0113t\u0101m un rota\u013cliet\u0101m, ir saist\u012bti ar b\u012bstam\u0101m viel\u0101m, kas nav p\u0101rtika, bet <strong>aptuveni 10 % gad\u012bjumu<\/strong>&#8211; ar pieaugu\u0161ajiem.<\/li>\n\n\n\n<li><strong>10 % gad\u012bjumu b\u0113rniem<\/strong> izraisa citi c\u0113lo\u0146i, bet pieaugu\u0161ajiem \u0161is r\u0101d\u012bt\u0101js ir <strong>aptuveni 5 %<\/strong>.<\/li>\n<\/ul>\n\n\n\n<p>Tiek l\u0113sts, ka katru gadu:<\/p>\n\n\n\n<ul class=\"wp-block-list\">\n<li><strong>400 b\u0113rnu<\/strong> (14 gadu vecum\u0101 vai jaun\u0101ki) mirst no aizr\u012b\u0161an\u0101s.<\/li>\n\n\n\n<li><strong>50 000 b\u0113rnu<\/strong> (14 gadu vecum\u0101 vai jaun\u0101ki) cie\u0161 no aizr\u012b\u0161an\u0101s.<\/li>\n\n\n\n<li><strong>3 000 pieaugu\u0161o<\/strong> mirst no aizr\u012b\u0161an\u0101s ar p\u0101rtiku.<\/li>\n\n\n\n<li><strong>280 000 pieaugu\u0161o<\/strong> cie\u0161 no aizr\u012b\u0161an\u0101s.<\/li>\n<\/ul>\n<\/div><\/div>\n\n<div class=\"wp-block-uagb-container uagb-block-b2a449ca alignfull uagb-is-root-container\"><div class=\"uagb-container-inner-blocks-wrap\">\n<h2 class=\"wp-block-heading has-ast-global-color-8-background-color has-background\">Bie\u017e\u0101kais aizr\u012b\u0161an\u0101s c\u0113lonis<\/h2>\n\n\n\n<p>Amerikas Pediatru akad\u0113mija 2010. gad\u0101 zin\u0101tnisk\u0101 p\u0113t\u012bjum\u0101 atzina, ka \u0161ie p\u0101rtikas produkti un izstr\u0101d\u0101jumi rada augstu aizr\u012b\u0161an\u0101s risku: <\/p>\n\n\n\n<figure class=\"wp-block-table\"><table class=\"has-fixed-layout\"><thead><tr><th>P\u0101rtika<\/th><th>Preces<\/th><\/tr><\/thead><tbody><tr><td>Desa<\/td><td>Mon\u0113tas<\/td><\/tr><tr><td>Ciet\u0101s konfektes<\/td><td>Pogas<\/td><\/tr><tr><td>Ko\u0161\u013c\u0101jam\u0101 gumija<\/td><td>Marmora marmors<\/td><\/tr><tr><td>Rieksti un s\u0113klas<\/td><td>Mazas bumbi\u0146as<\/td><\/tr><tr><td>Ga\u013cas un siera gabali\u0146i<\/td><td>Lateksa baloni<\/td><\/tr><tr><td>V\u012bnogas<\/td><td>Pulkste\u0146a baterijas un apa\u013c\u0101s baterijas<\/td><\/tr><tr><td>Sprague<\/td><td>Matu spr\u0101dzes un p\u0113rl\u012btes<\/td><\/tr><tr><td>Zemesriekstu sviesta gabali\u0146i<\/td><td>Pildspalvu vai mar\u0137ieru v\u0101ci\u0146i<\/td><\/tr><tr><td>Neapstr\u0101d\u0101ti d\u0101rze\u0146i<\/td><td>Maz\u0101s rota\u013clietas<\/td><\/tr><tr><td>Roz\u012bnes<\/td><td>Rota\u013clietas ar maz\u0101m deta\u013c\u0101m<\/td><\/tr><\/tbody><\/table><\/figure>\n\n\n\n<p>Vienlaikus Amerikas Slim\u012bbu kontroles un profilakses centrs (C.D.C.) ir public\u0113jis zi\u0146ojumu par vec\u0101ka gadag\u0101juma cilv\u0113kiem, \u012bpa\u0161i tiem, kas vec\u0101ki par 60 gadiem. Taj\u0101 nor\u0101d\u012bts, ka \u0161aj\u0101 vecuma grup\u0101 aizr\u012b\u0161an\u0101s risks ir visnopietn\u0101kais: <\/p>\n\n\n\n<figure class=\"wp-block-table\"><table class=\"has-fixed-layout\"><thead><tr><th><strong>P\u0101rtika<\/strong><\/th><th><strong>Piez\u012bmes<\/strong><\/th><\/tr><\/thead><tbody><tr><td>\u016adens<\/td><td>\u0160\u0137idrums ir tik \u0161\u0137idrs, ka vec\u0101ki cilv\u0113ki var aizr\u012bkoties.<\/td><\/tr><tr><td>Desas<\/td><td>Ja v\u0113laties tos pasniegt, nomizojiet \u0101du (tas ir risks) un sagrieziet tos pl\u0101n\u0101s \u0161\u0137\u0113l\u012bt\u0113s.<\/td><\/tr><tr><td>Steiki vai lieli ga\u013cas gabali<\/td><td><\/td><\/tr><tr><td>Vistas ga\u013ca ar kauliem<\/td><td><\/td><\/tr><tr><td>Sprague<\/td><td><\/td><\/tr><tr><td>Pica<\/td><td>\u012apa\u0161i, ja ir auksts<\/td><\/tr><tr><td>Ciet\u0101s konfektes<\/td><td><\/td><\/tr><tr><td>Maize<\/td><td>\u012apa\u0161i baltmaize. Kad vec\u0101ki cilv\u0113ki dzer \u016bdeni, maize var uzbriest k\u0101 s\u016bklis un nosprostot elpce\u013cus. <\/td><\/tr><tr><td>K\u016bka ar pienu<\/td><td>Iepriek\u0161 izkl\u0101st\u012bto iemeslu d\u0113\u013c.<\/td><\/tr><tr><td>Sausie krekeri, r\u012bsu \u010dipsi<\/td><td><\/td><\/tr><tr><td>Baltmaize ar zemesriekstu sviestu<\/td><td>Var izmantot k\u0101 l\u012bmi. Lab\u0101k pievienot daudz iev\u0101r\u012bjuma, ja pasniedz ar zemesriekstu sviestu. <\/td><\/tr><tr><td>Lieli aug\u013cu gabali, piem\u0113ram, anan\u0101si vai \u0101boli.<\/td><td><\/td><\/tr><\/tbody><\/table><\/figure>\n<\/div><\/div>\n\n<div class=\"wp-block-uagb-container uagb-block-78c5003b alignfull uagb-is-root-container\"><div class=\"uagb-container-inner-blocks-wrap\">\n<h2 class=\"wp-block-heading has-ast-global-color-8-background-color has-background\">Pavasara profilakse  <\/h2>\n\n\n\n<p><strong>B\u0113rniem:<\/strong> lai izvair\u012btos no aizr\u012b\u0161an\u0101s gad\u012bjumiem, turiet b\u0113rnus t\u0101l\u0101k no iepriek\u0161 min\u0113tajiem priek\u0161metiem un p\u0101rtikas produktiem. Ar\u012b: <\/p>\n\n\n\n<ul class=\"wp-block-list\">\n<li>Uzraugiet b\u0113rnus \u0113\u0161anas un rota\u013cu laik\u0101.<\/li>\n\n\n\n<li>Izveidojiet dro\u0161u rota\u013cu vidi, no\u0146emot visas maz\u0101s rota\u013clietas un priek\u0161metus.<\/li>\n\n\n\n<li>Sagrieziet \u0113dienu \u013coti mazos gabali\u0146os.<\/li>\n\n\n\n<li>Pieskatiet vec\u0101kus b\u0113rnus, lai p\u0101rliecin\u0101tos, ka vi\u0146i nedod jaun\u0101kiem b\u0113rniem \u0113dienu vai citus priek\u0161metus.<\/li>\n\n\n\n<li>Iem\u0101ciet b\u0113rniem \u0113st s\u0113dus.<\/li>\n\n\n\n<li>Apg\u016bstiet m\u0101ksl\u012bgo elpin\u0101\u0161anu un Heimliha manevru.<\/li>\n<\/ul>\n\n\n\n<p><strong>Senioriem un cit\u0101m neaizsarg\u0101t\u0101m grup\u0101m:<\/strong> izv\u0113lieties viegl\u0101k norijamus \u0113dienus, piem\u0113ram, zivju fileju, malto ga\u013cu, zupas, \u0161okol\u0101di (ja t\u0101 iestr\u0113gst, t\u0101 k\u016bst), \u0101bolu m\u0113rci, pudi\u0146u, \u017eelejas, viegli grauzd\u0113tu maizi ar sviestu vai iev\u0101r\u012bjumu. Ar\u012b:<\/p>\n\n\n\n<ul class=\"wp-block-list\">\n<li>Ja pasniedzat \u0101bolus, p\u0101rliecinieties, ka tie ir nomizoti.<\/li>\n\n\n\n<li>Izveidojiet mier\u012bgu vidi, lai \u0113diens tiktu ap\u0113sts l\u0113ni.<\/li>\n\n\n\n<li>Pastaigas vai skrie\u0161anas laik\u0101 nelietojiet p\u0101rtiku.<\/li>\n\n\n\n<li>Apg\u016bstiet m\u0101ksl\u012bgo elpin\u0101\u0161anu un Heimliha manevru.<\/li>\n<\/ul>\n<\/div><\/div>\n\n<p><\/p>\n\n<div class=\"wp-block-uagb-container uagb-block-2e3ea3d7 alignfull uagb-is-root-container\"><div class=\"uagb-container-inner-blocks-wrap\">\n<div class=\"wp-block-uagb-container uagb-block-25728d20 alignfull uagb-is-root-container\"><div class=\"uagb-container-inner-blocks-wrap\">\n<div class=\"wp-block-cover alignfull has-custom-content-position is-position-top-left\" style=\"margin-top:0;padding-top:5vw;padding-right:5vw;padding-bottom:5vw;padding-left:5vw;min-height:50vh;aspect-ratio:unset;\"><span aria-hidden=\"true\" class=\"wp-block-cover__background has-background-dim-30 has-background-dim\" style=\"background-color:#141414\"><\/span><img loading=\"lazy\" decoding=\"async\" width=\"2048\" height=\"1600\" class=\"wp-block-cover__image-background wp-image-3757\" alt=\"\" src=\"https:\/\/lifevac.lt\/wp-content\/uploads\/2024\/11\/Springimas.png\" style=\"object-position:50% 38%\" data-object-fit=\"cover\" data-object-position=\"50% 38%\" srcset=\"https:\/\/lifevac.lt\/wp-content\/uploads\/2024\/11\/Springimas.png 2048w, https:\/\/lifevac.lt\/wp-content\/uploads\/2024\/11\/Springimas-300x234.png 300w, https:\/\/lifevac.lt\/wp-content\/uploads\/2024\/11\/Springimas-1024x800.png 1024w, https:\/\/lifevac.lt\/wp-content\/uploads\/2024\/11\/Springimas-768x600.png 768w, https:\/\/lifevac.lt\/wp-content\/uploads\/2024\/11\/Springimas-1536x1200.png 1536w, https:\/\/lifevac.lt\/wp-content\/uploads\/2024\/11\/Springimas-600x469.png 600w\" sizes=\"auto, (max-width: 2048px) 100vw, 2048px\" \/><div class=\"wp-block-cover__inner-container is-layout-flow wp-block-cover-is-layout-flow\">\n<div class=\"wp-block-columns is-layout-flex wp-container-core-columns-is-layout-1 wp-block-columns-is-layout-flex\">\n<div class=\"wp-block-column is-vertically-aligned-center has-x-large-font-size is-layout-flow wp-block-column-is-layout-flow\">\n<div class=\"wp-block-uagb-info-box uagb-block-95ac242a uagb-infobox__content-wrap  uagb-infobox-icon-above-title uagb-infobox-image-valign-top\"><div class=\"uagb-ifb-content\"><div class=\"uagb-ifb-title-wrap\"><\/div><p class=\"uagb-ifb-desc\">Ko dar\u012bt un ko nedar\u012bt aizr\u012b\u0161an\u0101s gad\u012bjum\u0101<\/p><div class=\"uagb-ifb-button-wrapper wp-block-button\"><a href=\"https:\/\/lifevac.lt\/lv\/ko-darit-un-ko-nedarit-aizrisanas-gadijuma\/\" class=\"uagb-infobox-cta-link wp-block-button__link\" target=\"_self\" rel=\"noopener noreferrer\"><span class=\"uagb-inline-editing\">Las\u012bt vair\u0101k<\/span><\/a><\/div><\/div><\/div>\n<\/div>\n<\/div>\n<\/div><\/div>\n<\/div><\/div>\n<\/div><\/div>\n\n<div class=\"wp-block-uagb-container uagb-block-42ba787f alignfull uagb-is-root-container\"><div class=\"uagb-container-inner-blocks-wrap\">\n<h2 class=\"wp-block-heading\">Ieg\u0101d\u0101jieties LifeVac komplektu tagad<\/h2>\n\n\n<div class=\"woocommerce columns-4 \"><ul class=\"products columns-4\">\n<li class=\"desktop-align-left tablet-align-left mobile-align-left product type-product post-5830 status-publish first instock product_cat-lifevac-komplekti has-post-thumbnail sale featured taxable shipping-taxable purchasable product-type-simple\">\n\t<a href=\"https:\/\/lifevac.lt\/lv\/produktiem\/lifevac-majas-komplekts\/\" class=\"woocommerce-LoopProduct-link woocommerce-loop-product__link\">\n\t<span  class=\"onsale\" data-notification=\"default\">Sale!<\/span>\n\t<img loading=\"lazy\" decoding=\"async\" width=\"300\" height=\"300\" src=\"https:\/\/lifevac.lt\/wp-content\/uploads\/2024\/11\/LifeVac-namu-rinkinys-01-300x300.jpeg\" class=\"attachment-woocommerce_thumbnail size-woocommerce_thumbnail\" alt=\"LifeVac m\u0101jas komplekts\" srcset=\"https:\/\/lifevac.lt\/wp-content\/uploads\/2024\/11\/LifeVac-namu-rinkinys-01-300x300.jpeg 300w, https:\/\/lifevac.lt\/wp-content\/uploads\/2024\/11\/LifeVac-namu-rinkinys-01-1024x1024.jpeg 1024w, https:\/\/lifevac.lt\/wp-content\/uploads\/2024\/11\/LifeVac-namu-rinkinys-01-150x150.jpeg 150w, https:\/\/lifevac.lt\/wp-content\/uploads\/2024\/11\/LifeVac-namu-rinkinys-01-768x768.jpeg 768w, https:\/\/lifevac.lt\/wp-content\/uploads\/2024\/11\/LifeVac-namu-rinkinys-01-1536x1536.jpeg 1536w, https:\/\/lifevac.lt\/wp-content\/uploads\/2024\/11\/LifeVac-namu-rinkinys-01-2048x2048.jpeg 2048w, https:\/\/lifevac.lt\/wp-content\/uploads\/2024\/11\/LifeVac-namu-rinkinys-01-600x600.jpeg 600w, https:\/\/lifevac.lt\/wp-content\/uploads\/2024\/11\/LifeVac-namu-rinkinys-01-100x100.jpeg 100w\" sizes=\"auto, (max-width: 300px) 100vw, 300px\" \/><h2 class=\"woocommerce-loop-product__title\">LifeVac m\u0101jas komplekts<\/h2>\n\t<span class=\"price\"><del aria-hidden=\"true\"><span class=\"woocommerce-Price-amount amount\"><bdi><span class=\"woocommerce-Price-currencySymbol\">&euro;<\/span>89,99<\/bdi><\/span><\/del> <span class=\"screen-reader-text\">Original price was: &euro;89,99.<\/span><ins aria-hidden=\"true\"><span class=\"woocommerce-Price-amount amount\"><bdi><span class=\"woocommerce-Price-currencySymbol\">&euro;<\/span>80,99<\/bdi><\/span><\/ins><span class=\"screen-reader-text\">Current price is: &euro;80,99.<\/span><\/span>\n<\/a><a href=\"\/lv\/wp-json\/wp\/v2\/pages\/5813?add-to-cart=5830\" aria-describedby=\"woocommerce_loop_add_to_cart_link_describedby_5830\" data-quantity=\"1\" class=\"button product_type_simple add_to_cart_button ajax_add_to_cart\" data-product_id=\"5830\" data-product_sku=\"LV01\" aria-label=\"Add to cart: &ldquo;LifeVac m\u0101jas komplekts&rdquo;\" rel=\"nofollow\" data-success_message=\"&ldquo;LifeVac m\u0101jas komplekts&rdquo; has been added to your cart\">Pievienot grozam<\/a>\t<span id=\"woocommerce_loop_add_to_cart_link_describedby_5830\" class=\"screen-reader-text\">\n\t\t\t<\/span>\n<\/li>\n<li class=\"desktop-align-left tablet-align-left mobile-align-left product type-product post-5997 status-publish instock product_cat-lifevac-komplekti has-post-thumbnail sale featured taxable shipping-taxable purchasable product-type-simple\">\n\t<a href=\"https:\/\/lifevac.lt\/lv\/produktiem\/lifevac-celojumu-komplekts\/\" class=\"woocommerce-LoopProduct-link woocommerce-loop-product__link\">\n\t<span  class=\"onsale\" data-notification=\"default\">Sale!<\/span>\n\t<img loading=\"lazy\" decoding=\"async\" width=\"300\" height=\"300\" src=\"https:\/\/lifevac.lt\/wp-content\/uploads\/2024\/11\/LifeVac-kelioninis-rinkinys-300x300.jpg\" class=\"attachment-woocommerce_thumbnail size-woocommerce_thumbnail\" alt=\"LifeVac ce\u013cojumu komplekts\" srcset=\"https:\/\/lifevac.lt\/wp-content\/uploads\/2024\/11\/LifeVac-kelioninis-rinkinys-300x300.jpg 300w, https:\/\/lifevac.lt\/wp-content\/uploads\/2024\/11\/LifeVac-kelioninis-rinkinys-1024x1024.jpg 1024w, https:\/\/lifevac.lt\/wp-content\/uploads\/2024\/11\/LifeVac-kelioninis-rinkinys-150x150.jpg 150w, https:\/\/lifevac.lt\/wp-content\/uploads\/2024\/11\/LifeVac-kelioninis-rinkinys-768x768.jpg 768w, https:\/\/lifevac.lt\/wp-content\/uploads\/2024\/11\/LifeVac-kelioninis-rinkinys-1536x1536.jpg 1536w, https:\/\/lifevac.lt\/wp-content\/uploads\/2024\/11\/LifeVac-kelioninis-rinkinys-2048x2048.jpg 2048w, https:\/\/lifevac.lt\/wp-content\/uploads\/2024\/11\/LifeVac-kelioninis-rinkinys-600x600.jpg 600w, https:\/\/lifevac.lt\/wp-content\/uploads\/2024\/11\/LifeVac-kelioninis-rinkinys-100x100.jpg 100w\" sizes=\"auto, (max-width: 300px) 100vw, 300px\" \/><h2 class=\"woocommerce-loop-product__title\">LifeVac ce\u013cojumu komplekts<\/h2>\n\t<span class=\"price\"><del aria-hidden=\"true\"><span class=\"woocommerce-Price-amount amount\"><bdi><span class=\"woocommerce-Price-currencySymbol\">&euro;<\/span>99,95<\/bdi><\/span><\/del> <span class=\"screen-reader-text\">Original price was: &euro;99,95.<\/span><ins aria-hidden=\"true\"><span class=\"woocommerce-Price-amount amount\"><bdi><span class=\"woocommerce-Price-currencySymbol\">&euro;<\/span>89,95<\/bdi><\/span><\/ins><span class=\"screen-reader-text\">Current price is: &euro;89,95.<\/span><\/span>\n<\/a><a href=\"\/lv\/wp-json\/wp\/v2\/pages\/5813?add-to-cart=5997\" aria-describedby=\"woocommerce_loop_add_to_cart_link_describedby_5997\" data-quantity=\"1\" class=\"button product_type_simple add_to_cart_button ajax_add_to_cart\" data-product_id=\"5997\" data-product_sku=\"LV14\" aria-label=\"Add to cart: &ldquo;LifeVac ce\u013cojumu komplekts&rdquo;\" rel=\"nofollow\" data-success_message=\"&ldquo;LifeVac ce\u013cojumu komplekts&rdquo; has been added to your cart\">Pievienot grozam<\/a>\t<span id=\"woocommerce_loop_add_to_cart_link_describedby_5997\" class=\"screen-reader-text\">\n\t\t\t<\/span>\n<\/li>\n<li class=\"desktop-align-left tablet-align-left mobile-align-left product type-product post-5992 status-publish instock product_cat-lifevac-komplekti has-post-thumbnail featured taxable shipping-taxable purchasable product-type-simple\">\n\t<a href=\"https:\/\/lifevac.lt\/lv\/produktiem\/lifevac-komplekts-pirmas-palidzibas-sniedzejiem\/\" class=\"woocommerce-LoopProduct-link woocommerce-loop-product__link\"><img loading=\"lazy\" decoding=\"async\" width=\"300\" height=\"300\" src=\"https:\/\/lifevac.lt\/wp-content\/uploads\/2024\/11\/EMS-Kit-300x300.jpg\" class=\"attachment-woocommerce_thumbnail size-woocommerce_thumbnail\" alt=\"LifeVac komplekts pirm\u0101s pal\u012bdz\u012bbas sniedz\u0113jiem\" srcset=\"https:\/\/lifevac.lt\/wp-content\/uploads\/2024\/11\/EMS-Kit-300x300.jpg 300w, https:\/\/lifevac.lt\/wp-content\/uploads\/2024\/11\/EMS-Kit-1024x1024.jpg 1024w, https:\/\/lifevac.lt\/wp-content\/uploads\/2024\/11\/EMS-Kit-150x150.jpg 150w, https:\/\/lifevac.lt\/wp-content\/uploads\/2024\/11\/EMS-Kit-768x768.jpg 768w, https:\/\/lifevac.lt\/wp-content\/uploads\/2024\/11\/EMS-Kit-1536x1536.jpg 1536w, https:\/\/lifevac.lt\/wp-content\/uploads\/2024\/11\/EMS-Kit-600x600.jpg 600w, https:\/\/lifevac.lt\/wp-content\/uploads\/2024\/11\/EMS-Kit-100x100.jpg 100w, https:\/\/lifevac.lt\/wp-content\/uploads\/2024\/11\/EMS-Kit.jpg 2000w\" sizes=\"auto, (max-width: 300px) 100vw, 300px\" \/><h2 class=\"woocommerce-loop-product__title\">LifeVac komplekts pirm\u0101s pal\u012bdz\u012bbas sniedz\u0113jiem<\/h2>\n\t<span class=\"price\"><span class=\"woocommerce-Price-amount amount\"><bdi><span class=\"woocommerce-Price-currencySymbol\">&euro;<\/span>109,99<\/bdi><\/span><\/span>\n<\/a><a href=\"\/lv\/wp-json\/wp\/v2\/pages\/5813?add-to-cart=5992\" aria-describedby=\"woocommerce_loop_add_to_cart_link_describedby_5992\" data-quantity=\"1\" class=\"button product_type_simple add_to_cart_button ajax_add_to_cart\" data-product_id=\"5992\" data-product_sku=\"LV07\" aria-label=\"Add to cart: &ldquo;LifeVac komplekts pirm\u0101s pal\u012bdz\u012bbas sniedz\u0113jiem&rdquo;\" rel=\"nofollow\" data-success_message=\"&ldquo;LifeVac komplekts pirm\u0101s pal\u012bdz\u012bbas sniedz\u0113jiem&rdquo; has been added to your cart\">Pievienot grozam<\/a>\t<span id=\"woocommerce_loop_add_to_cart_link_describedby_5992\" class=\"screen-reader-text\">\n\t\t\t<\/span>\n<\/li>\n<li class=\"desktop-align-left tablet-align-left mobile-align-left product type-product post-6018 status-publish last instock product_cat-lifevac-komplekti has-post-thumbnail featured taxable shipping-taxable purchasable product-type-simple\">\n\t<a href=\"https:\/\/lifevac.lt\/lv\/produktiem\/lifevac-sienas-stiprinajuma-komplekts\/\" class=\"woocommerce-LoopProduct-link woocommerce-loop-product__link\"><img loading=\"lazy\" decoding=\"async\" width=\"300\" height=\"300\" src=\"https:\/\/lifevac.lt\/wp-content\/uploads\/2024\/11\/LifeVac-sieninis-montavimo-rinkinys-LV08-300x300.jpg\" class=\"attachment-woocommerce_thumbnail size-woocommerce_thumbnail\" alt=\"LifeVac sienas stiprin\u0101juma komplekts\" srcset=\"https:\/\/lifevac.lt\/wp-content\/uploads\/2024\/11\/LifeVac-sieninis-montavimo-rinkinys-LV08-300x300.jpg 300w, https:\/\/lifevac.lt\/wp-content\/uploads\/2024\/11\/LifeVac-sieninis-montavimo-rinkinys-LV08-1024x1024.jpg 1024w, https:\/\/lifevac.lt\/wp-content\/uploads\/2024\/11\/LifeVac-sieninis-montavimo-rinkinys-LV08-150x150.jpg 150w, https:\/\/lifevac.lt\/wp-content\/uploads\/2024\/11\/LifeVac-sieninis-montavimo-rinkinys-LV08-768x768.jpg 768w, https:\/\/lifevac.lt\/wp-content\/uploads\/2024\/11\/LifeVac-sieninis-montavimo-rinkinys-LV08-1536x1536.jpg 1536w, https:\/\/lifevac.lt\/wp-content\/uploads\/2024\/11\/LifeVac-sieninis-montavimo-rinkinys-LV08-2048x2048.jpg 2048w, https:\/\/lifevac.lt\/wp-content\/uploads\/2024\/11\/LifeVac-sieninis-montavimo-rinkinys-LV08-600x600.jpg 600w, https:\/\/lifevac.lt\/wp-content\/uploads\/2024\/11\/LifeVac-sieninis-montavimo-rinkinys-LV08-100x100.jpg 100w\" sizes=\"auto, (max-width: 300px) 100vw, 300px\" \/><h2 class=\"woocommerce-loop-product__title\">LifeVac sienas stiprin\u0101juma komplekts<\/h2>\n\t<span class=\"price\"><span class=\"woocommerce-Price-amount amount\"><bdi><span class=\"woocommerce-Price-currencySymbol\">&euro;<\/span>139,99<\/bdi><\/span><\/span>\n<\/a><a href=\"\/lv\/wp-json\/wp\/v2\/pages\/5813?add-to-cart=6018\" aria-describedby=\"woocommerce_loop_add_to_cart_link_describedby_6018\" data-quantity=\"1\" class=\"button product_type_simple add_to_cart_button ajax_add_to_cart\" data-product_id=\"6018\" data-product_sku=\"LV08\" aria-label=\"Add to cart: &ldquo;LifeVac sienas stiprin\u0101juma komplekts&rdquo;\" rel=\"nofollow\" data-success_message=\"&ldquo;LifeVac sienas stiprin\u0101juma komplekts&rdquo; has been added to your cart\">Pievienot grozam<\/a>\t<span id=\"woocommerce_loop_add_to_cart_link_describedby_6018\" class=\"screen-reader-text\">\n\t\t\t<\/span>\n<\/li>\n<\/ul>\n<\/div>\n<\/div><\/div>\n","protected":false},"excerpt":{"rendered":"<p>Aizr\u012b\u0161an\u0101s risks M\u0113s visi esam neaizsarg\u0101ti! Lai gan liel\u0101k\u0101 da\u013ca aizr\u012b\u0161an\u0101s gad\u012bjumu notiek \u013coti jauniem un vec\u0101ka gadag\u0101juma cilv\u0113kiem, neviens nav piln\u012bgi im\u016bns, pat veseli jauni pieaugu\u0161ie. Ripo\u0161ana ir sare\u017e\u0123\u012bts process, ko liel\u0101k\u0101 da\u013ca no mums uzskata par pa\u0161saprotamu. Tom\u0113r, strauji ieelpojot, elpce\u013cos var iek\u013c\u016bt sve\u0161\u0137ermenis. Nekas nav pa\u0161saprotams! \u0160os faktus apstiprina un dokument\u0113 daudzas [&hellip;]<\/p>\n","protected":false},"author":1,"featured_media":0,"parent":0,"menu_order":0,"comment_status":"closed","ping_status":"closed","template":"","meta":{"_uag_custom_page_level_css":"","_monsterinsights_skip_tracking":false,"_monsterinsights_sitenote_active":false,"_monsterinsights_sitenote_note":"","_monsterinsights_sitenote_category":0,"site-sidebar-layout":"default","site-content-layout":"","ast-site-content-layout":"default","site-content-style":"default","site-sidebar-style":"default","ast-global-header-display":"","ast-banner-title-visibility":"","ast-main-header-display":"","ast-hfb-above-header-display":"","ast-hfb-below-header-display":"","ast-hfb-mobile-header-display":"","site-post-title":"disabled","ast-breadcrumbs-content":"","ast-featured-img":"","footer-sml-layout":"","ast-disable-related-posts":"","theme-transparent-header-meta":"","adv-header-id-meta":"","stick-header-meta":"","header-above-stick-meta":"","header-main-stick-meta":"","header-below-stick-meta":"","astra-migrate-meta-layouts":"default","ast-page-background-enabled":"default","ast-page-background-meta":{"desktop":{"background-color":"","background-image":"","background-repeat":"repeat","background-position":"center center","background-size":"auto","background-attachment":"scroll","background-type":"","background-media":"","overlay-type":"","overlay-color":"","overlay-opacity":"","overlay-gradient":""},"tablet":{"background-color":"","background-image":"","background-repeat":"repeat","background-position":"center center","background-size":"auto","background-attachment":"scroll","background-type":"","background-media":"","overlay-type":"","overlay-color":"","overlay-opacity":"","overlay-gradient":""},"mobile":{"background-color":"","background-image":"","background-repeat":"repeat","background-position":"center center","background-size":"auto","background-attachment":"scroll","background-type":"","background-media":"","overlay-type":"","overlay-color":"","overlay-opacity":"","overlay-gradient":""}},"ast-content-background-meta":{"desktop":{"background-color":"var(--ast-global-color-5)","background-image":"","background-repeat":"repeat","background-position":"center center","background-size":"auto","background-attachment":"scroll","background-type":"","background-media":"","overlay-type":"","overlay-color":"","overlay-opacity":"","overlay-gradient":""},"tablet":{"background-color":"var(--ast-global-color-5)","background-image":"","background-repeat":"repeat","background-position":"center center","background-size":"auto","background-attachment":"scroll","background-type":"","background-media":"","overlay-type":"","overlay-color":"","overlay-opacity":"","overlay-gradient":""},"mobile":{"background-color":"var(--ast-global-color-5)","background-image":"","background-repeat":"repeat","background-position":"center center","background-size":"auto","background-attachment":"scroll","background-type":"","background-media":"","overlay-type":"","overlay-color":"","overlay-opacity":"","overlay-gradient":""}},"footnotes":""},"class_list":["post-5813","page","type-page","status-publish","hentry"],"aioseo_notices":[],"uagb_featured_image_src":{"full":false,"thumbnail":false,"medium":false,"medium_large":false,"large":false,"1536x1536":false,"2048x2048":false,"woocommerce_thumbnail":false,"woocommerce_single":false,"woocommerce_gallery_thumbnail":false},"uagb_author_info":{"display_name":"sigitas@omvi.lt","author_link":"https:\/\/lifevac.lt\/lv\/blog\/author\/sigitasomvi-lt\/"},"uagb_comment_info":0,"uagb_excerpt":"Aizr\u012b\u0161an\u0101s risks M\u0113s visi esam neaizsarg\u0101ti! Lai gan liel\u0101k\u0101 da\u013ca aizr\u012b\u0161an\u0101s gad\u012bjumu notiek \u013coti jauniem un vec\u0101ka gadag\u0101juma cilv\u0113kiem, neviens nav piln\u012bgi im\u016bns, pat veseli jauni pieaugu\u0161ie. Ripo\u0161ana ir sare\u017e\u0123\u012bts process, ko liel\u0101k\u0101 da\u013ca no mums uzskata par pa\u0161saprotamu. Tom\u0113r, strauji ieelpojot, elpce\u013cos var iek\u013c\u016bt sve\u0161\u0137ermenis. Nekas nav pa\u0161saprotams! \u0160os faktus apstiprina un dokument\u0113 daudzas&hellip;","_links":{"self":[{"href":"https:\/\/lifevac.lt\/lv\/wp-json\/wp\/v2\/pages\/5813","targetHints":{"allow":["GET"]}}],"collection":[{"href":"https:\/\/lifevac.lt\/lv\/wp-json\/wp\/v2\/pages"}],"about":[{"href":"https:\/\/lifevac.lt\/lv\/wp-json\/wp\/v2\/types\/page"}],"author":[{"embeddable":true,"href":"https:\/\/lifevac.lt\/lv\/wp-json\/wp\/v2\/users\/1"}],"replies":[{"embeddable":true,"href":"https:\/\/lifevac.lt\/lv\/wp-json\/wp\/v2\/comments?post=5813"}],"version-history":[{"count":1,"href":"https:\/\/lifevac.lt\/lv\/wp-json\/wp\/v2\/pages\/5813\/revisions"}],"predecessor-version":[{"id":5816,"href":"https:\/\/lifevac.lt\/lv\/wp-json\/wp\/v2\/pages\/5813\/revisions\/5816"}],"wp:attachment":[{"href":"https:\/\/lifevac.lt\/lv\/wp-json\/wp\/v2\/media?parent=5813"}],"curies":[{"name":"wp","href":"https:\/\/api.w.org\/{rel}","templated":true}]}}