{"id":5719,"date":"2024-11-19T10:20:15","date_gmt":"2024-11-19T10:20:15","guid":{"rendered":"https:\/\/lifevac.lt\/sikfailu-politika\/"},"modified":"2025-03-12T09:42:33","modified_gmt":"2025-03-12T09:42:33","slug":"sikfailu-politika","status":"publish","type":"page","link":"https:\/\/lifevac.lt\/lv\/sikfailu-politika\/","title":{"rendered":"S\u012bkfailu politika"},"content":{"rendered":"\n<p><\/p>\n\n<div class=\"wp-block-uagb-container uagb-block-bd89c659 alignfull uagb-is-root-container\"><div class=\"uagb-container-inner-blocks-wrap\">\n<div class=\"wp-block-uagb-container uagb-block-bdbe585b\">\n<h3 class=\"wp-block-heading\"><strong>Par m\u016bsu s\u012bkfailu politiku<\/strong><\/h3>\n\n\n\n<p>\u0160aj\u0101 S\u012bkfailu politik\u0101 ir izskaidrots, kas ir s\u012bkfaili, k\u0101 m\u0113s tos izmantojam, k\u0101dus s\u012bkfailu veidus m\u0113s izmantojam (t. i., k\u0101da inform\u0101cija tiek apkopota ar s\u012bkfailiem un k\u0101 \u0161\u012b inform\u0101cija tiek izmantota) un k\u0101 varat p\u0101rvald\u012bt s\u012bkfailu iestat\u012bjumus. Lai uzzin\u0101tu vair\u0101k par to, k\u0101 m\u0113s izmantojam, glab\u0101jam un izmantojam j\u016bsu personas datus, l\u016bdzu, skatiet m\u016bsu Priv\u0101tuma politiku.<br\/>J\u016bs vienm\u0113r varat main\u012bt vai atsaukt savu piekri\u0161anu s\u012bkdat\u0146u izmanto\u0161anai.<br\/>Lai uzzin\u0101tu vair\u0101k par to, kas m\u0113s esam, k\u0101 j\u016bs varat ar mums sazin\u0101ties un k\u0101 m\u0113s r\u012bkojamies ar personas datiem, j\u016bs varat iepaz\u012bties ar m\u016bsu Priv\u0101tuma politiku.<br\/>J\u016bsu piekri\u0161ana ir der\u012bga : lifevac.lt <\/p>\n\n\n\n<h3 class=\"wp-block-heading\"><strong>Kas ir s\u012bkfaili ?<\/strong><\/h3>\n\n\n\n<p>S\u012bkfaili ir mazi teksta faili, ko izmanto, lai saglab\u0101tu nelielu inform\u0101ciju. T\u0101s tiek saglab\u0101tas j\u016bsu ier\u012bc\u0113, kad t\u012bmek\u013ca vietne tiek iel\u0101d\u0113ta j\u016bsu p\u0101rl\u016bkprogramm\u0101. \u0160\u012bs s\u012bkdatnes pal\u012bdz mums nodro\u0161in\u0101t t\u012bmek\u013ca vietnes pareizu darb\u012bbu, padar\u012bt to dro\u0161\u0101ku, sniegt jums lab\u0101ku lieto\u0161anas pieredzi un saprast, k\u0101 t\u012bmek\u013ca vietne darbojas, lai analiz\u0113tu, kas darbojas un kur to nepiecie\u0161ams uzlabot.  <\/p>\n\n\n\n<h3 class=\"wp-block-heading\"><strong>K\u0101 m\u0113s izmantojam s\u012bkfailus ?<\/strong><\/h3>\n\n\n\n<p>T\u0101pat k\u0101 liel\u0101k\u0101 da\u013ca tie\u0161saistes pakalpojumu, ar\u012b m\u016bsu vietn\u0113 tiek izmantotas pirm\u0101s puses un tre\u0161o pu\u0161u s\u012bkdatnes vair\u0101kiem m\u0113r\u0137iem. Pirm\u0101s puses s\u012bkfaili liel\u0101koties ir nepiecie\u0161ami vietnes pareizai darb\u012bbai, un tie nev\u0101c nek\u0101du personiski identific\u0113jamu inform\u0101ciju par jums. <\/p>\n\n\n\n<p>M\u016bsu vietn\u0113 izmantot\u0101s tre\u0161o personu s\u012bkdatnes galvenok\u0101rt tiek izmantotas, lai saprastu, k\u0101 darbojas vietne, k\u0101 j\u016bs mijiedarbojaties ar m\u016bsu vietni, lai padar\u012btu m\u016bsu pakalpojumus dro\u0161us, lai nodro\u0161in\u0101tu jums atbilsto\u0161as rekl\u0101mas un kopum\u0101 nodro\u0161in\u0101tu lab\u0101ku un pat\u012bkam\u0101ku lieto\u0161anas pieredzi, k\u0101 ar\u012b lai pal\u012bdz\u0113tu pa\u0101trin\u0101t j\u016bsu turpm\u0101ku m\u016bsu vietnes lieto\u0161anu.<\/p>\n\n\n\n<p>Ja m\u016bsu vietn\u0113 atst\u0101jat koment\u0101ru, varat izv\u0113l\u0113ties saglab\u0101t savu v\u0101rdu, e-pasta adresi un vietnes adresi s\u012bkfailos. Tas tiek dar\u012bts j\u016bsu \u0113rt\u012bbai, lai n\u0101kamreiz, kad rakst\u012bsiet koment\u0101ru, jums nevajadz\u0113tu atk\u0101rtoti ievad\u012bt \u0161o inform\u0101ciju. \u0160\u012bs s\u012bkdatnes ir der\u012bgas vienu gadu.   <\/p>\n\n\n\n<p>Ja apmekl\u0113jat m\u016bsu pieteik\u0161an\u0101s lapu, m\u0113s iestat\u0101m pagaidu s\u012bkfailu, lai p\u0101rbaud\u012btu, vai j\u016bsu p\u0101rl\u016bkprogramma pie\u0146em s\u012bkfailus. \u0160is s\u012bkfails nesatur nek\u0101du personisku inform\u0101ciju un tiek dz\u0113sts, kad aizverat p\u0101rl\u016bkprogrammu. <\/p>\n\n\n\n<p>Kad pierakst\u0101ties, m\u0113s ar\u012b iestat\u0101m vair\u0101kus s\u012bkfailus, lai saglab\u0101tu j\u016bsu pieteik\u0161an\u0101s inform\u0101ciju un r\u0101d\u012b\u0161anas iestat\u012bjumus. Pieteik\u0161an\u0101s s\u012bkdatnes ir der\u012bgas divas dienas, bet displeja iestat\u012bjumu s\u012bkdatnes ir der\u012bgas vienu gadu. Ja izv\u0113laties &#8220;Atcer\u0113ties mani&#8221;, j\u016bsu pieteik\u0161an\u0101s saglab\u0101sies divas ned\u0113\u013cas. Ja izrakst\u012bsieties no sava konta, j\u016bsu pieteik\u0161an\u0101s s\u012bkdatnes tiks dz\u0113stas.   <\/p>\n\n\n\n<p>Ja redi\u0123\u0113jat vai public\u0113jat rakstu, j\u016bsu p\u0101rl\u016bkprogramm\u0101 tiks saglab\u0101ts papildu s\u012bkfails. \u0160is s\u012bkfails nesatur nek\u0101du personisku inform\u0101ciju, un taj\u0101 vienk\u0101r\u0161i nor\u0101d\u012bts tikko redi\u0123\u0113t\u0101 raksta ID. T\u0101 der\u012bguma termi\u0146\u0161 beigsies p\u0113c 1 dienas.  <\/p>\n\n\n\n<p>M\u0113s apkopojam inform\u0101ciju par jums pirkuma veikal\u0101.<\/p>\n\n\n\n<h3 class=\"wp-block-heading\"><strong>K\u0101da veida s\u012bkfailus m\u0113s izmantojam?<\/strong><\/h3>\n\n\n\n<p><strong>Nepiecie\u0161ams:<\/strong> da\u017eas s\u012bkdatnes ir nepiecie\u0161amas, lai j\u016bs var\u0113tu izmantot visas m\u016bsu vietnes funkcijas. T\u0101s \u013cauj mums uztur\u0113t lietot\u0101ja sesijas un nov\u0113rst jebk\u0101dus dro\u0161\u012bbas apdraud\u0113jumus. T\u0101s nev\u0101c un neuzkr\u0101j nek\u0101du personisku inform\u0101ciju. Piem\u0113ram, \u0161\u012bs s\u012bkdatnes \u013cauj jums pieteikties sav\u0101 kont\u0101, lai pievienotu produktus grozam un dro\u0161i izrakst\u012btos no t\u0101.   <\/p>\n\n\n\n<p><strong>Statistika:<\/strong> \u0161ajos s\u012bkfailos tiek saglab\u0101ta t\u0101da inform\u0101cija k\u0101 t\u012bmek\u013ca vietnes apmekl\u0113t\u0101ju skaits, unik\u0101lo apmekl\u0113t\u0101ju skaits, kuras t\u012bmek\u013ca vietnes lapas tika apmekl\u0113tas, apmekl\u0113juma avots utt. \u0160ie dati pal\u012bdz mums saprast un analiz\u0113t, k\u0101 t\u012bmek\u013ca vietne darbojas un kur nepiecie\u0161ami uzlabojumi. <\/p>\n\n\n\n<p><strong>M\u0101rketings:<\/strong> m\u016bsu t\u012bmek\u013ca vietn\u0113 izvietot\u0101s rekl\u0101mas un sludin\u0101jumi. \u0160\u012bs s\u012bkdatnes tiek izmantotas, lai personaliz\u0113tu jums r\u0101d\u012bt\u0101s rekl\u0101mas un padar\u012btu t\u0101s jums atbilsto\u0161as. \u0160\u012bs s\u012bkdatnes ar\u012b pal\u012bdz mums uzraudz\u012bt \u0161o rekl\u0101mas kampa\u0146u efektivit\u0101ti.  <\/p>\n\n\n\n<p>\u0160ajos s\u012bkfailos saglab\u0101t\u0101 inform\u0101cija tiek dar\u012bta pieejama tre\u0161o pu\u0161u rekl\u0101mu sniedz\u0113jiem, lai r\u0101d\u012btu personaliz\u0113tas rekl\u0101mas cit\u0101s vietn\u0113s.<\/p>\n\n\n\n<p><strong>Funkcion\u0101lie:<\/strong> tie ir s\u012bkfaili, kas pal\u012bdz nodro\u0161in\u0101t da\u017eas neb\u016btiskas m\u016bsu vietnes funkcijas. \u0160\u012bs funkcijas ietver satura, piem\u0113ram, videoklipu, iestr\u0101d\u0101\u0161anu vai vietnes satura kop\u012bgo\u0161anu soci\u0101lo mediju platform\u0101s. <\/p>\n\n\n\n<p><strong>Preferences:<\/strong> \u0161ie s\u012bkfaili pal\u012bdz mums saglab\u0101t j\u016bsu iestat\u012bjumus un p\u0101rl\u016bko\u0161anas preferences, piem\u0113ram, valodas preferences, lai turpm\u0101k, apmekl\u0113jot vietni, j\u016bs var\u0113tu g\u016bt lab\u0101ku un efekt\u012bv\u0101ku pieredzi.<\/p>\n\n\n\n<h3 class=\"wp-block-heading\"><strong>K\u0101 p\u0101rvald\u012bt s\u012bkfailu iestat\u012bjumus?<\/strong><\/h3>\n\n\n\n<p>Ja v\u0113laties main\u012bt sesijas laik\u0101 saglab\u0101tos iestat\u012bjumus, to varat izdar\u012bt, noklik\u0161\u0137inot uz pogas P\u0101rvald\u012bt s\u012bkfailus lapas labaj\u0101 pus\u0113. S\u012bkfailu pazi\u0146ojums, kas par\u0101d\u012bsies, \u013caus jums main\u012bt savas preferences vai piln\u012bb\u0101 atsaukt savu piekri\u0161anu. <\/p>\n\n\n\n<p>Turkl\u0101t da\u017e\u0101d\u0101s p\u0101rl\u016bkprogramm\u0101s ir da\u017e\u0101di veidi, k\u0101 blo\u0137\u0113t un dz\u0113st viet\u0146u izmantot\u0101s s\u012bkdatnes. Lai blo\u0137\u0113tu\/izdz\u0113stu s\u012bkfailus, varat main\u012bt p\u0101rl\u016bkprogrammas iestat\u012bjumus. Lai uzzin\u0101tu vair\u0101k par to, k\u0101 p\u0101rvald\u012bt un dz\u0113st s\u012bkfailus, apmekl\u0113jiet <a href=\"https:\/\/en.wikipedia.org\/wiki\/HTTP_cookie\" target=\"_blank\" rel=\"noreferrer noopener\">wikipedia.org,<\/a> <a href=\"http:\/\/www.allaboutcookies.org\/\" target=\"_blank\" rel=\"noreferrer noopener\">www.allaboutcookies.org<\/a>.  <\/p>\n<\/div>\n<\/div><\/div>\n\n<p><\/p>\n","protected":false},"excerpt":{"rendered":"<p>Par m\u016bsu s\u012bkfailu politiku \u0160aj\u0101 S\u012bkfailu politik\u0101 ir izskaidrots, kas ir s\u012bkfaili, k\u0101 m\u0113s tos izmantojam, k\u0101dus s\u012bkfailu veidus m\u0113s izmantojam (t. i., k\u0101da inform\u0101cija tiek apkopota ar s\u012bkfailiem un k\u0101 \u0161\u012b inform\u0101cija tiek izmantota) un k\u0101 varat p\u0101rvald\u012bt s\u012bkfailu iestat\u012bjumus. Lai uzzin\u0101tu vair\u0101k par to, k\u0101 m\u0113s izmantojam, glab\u0101jam un izmantojam j\u016bsu personas datus, [&hellip;]<\/p>\n","protected":false},"author":1,"featured_media":0,"parent":0,"menu_order":0,"comment_status":"closed","ping_status":"closed","template":"","meta":{"_uag_custom_page_level_css":"","_monsterinsights_skip_tracking":false,"_monsterinsights_sitenote_active":false,"_monsterinsights_sitenote_note":"","_monsterinsights_sitenote_category":0,"site-sidebar-layout":"default","site-content-layout":"","ast-site-content-layout":"default","site-content-style":"default","site-sidebar-style":"default","ast-global-header-display":"","ast-banner-title-visibility":"","ast-main-header-display":"","ast-hfb-above-header-display":"","ast-hfb-below-header-display":"","ast-hfb-mobile-header-display":"","site-post-title":"","ast-breadcrumbs-content":"","ast-featured-img":"","footer-sml-layout":"","ast-disable-related-posts":"","theme-transparent-header-meta":"","adv-header-id-meta":"","stick-header-meta":"","header-above-stick-meta":"","header-main-stick-meta":"","header-below-stick-meta":"","astra-migrate-meta-layouts":"default","ast-page-background-enabled":"default","ast-page-background-meta":{"desktop":{"background-color":"","background-image":"","background-repeat":"repeat","background-position":"center center","background-size":"auto","background-attachment":"scroll","background-type":"","background-media":"","overlay-type":"","overlay-color":"","overlay-opacity":"","overlay-gradient":""},"tablet":{"background-color":"","background-image":"","background-repeat":"repeat","background-position":"center center","background-size":"auto","background-attachment":"scroll","background-type":"","background-media":"","overlay-type":"","overlay-color":"","overlay-opacity":"","overlay-gradient":""},"mobile":{"background-color":"","background-image":"","background-repeat":"repeat","background-position":"center center","background-size":"auto","background-attachment":"scroll","background-type":"","background-media":"","overlay-type":"","overlay-color":"","overlay-opacity":"","overlay-gradient":""}},"ast-content-background-meta":{"desktop":{"background-color":"var(--ast-global-color-5)","background-image":"","background-repeat":"repeat","background-position":"center center","background-size":"auto","background-attachment":"scroll","background-type":"","background-media":"","overlay-type":"","overlay-color":"","overlay-opacity":"","overlay-gradient":""},"tablet":{"background-color":"var(--ast-global-color-5)","background-image":"","background-repeat":"repeat","background-position":"center center","background-size":"auto","background-attachment":"scroll","background-type":"","background-media":"","overlay-type":"","overlay-color":"","overlay-opacity":"","overlay-gradient":""},"mobile":{"background-color":"var(--ast-global-color-5)","background-image":"","background-repeat":"repeat","background-position":"center center","background-size":"auto","background-attachment":"scroll","background-type":"","background-media":"","overlay-type":"","overlay-color":"","overlay-opacity":"","overlay-gradient":""}},"footnotes":""},"class_list":["post-5719","page","type-page","status-publish","hentry"],"aioseo_notices":[],"uagb_featured_image_src":{"full":false,"thumbnail":false,"medium":false,"medium_large":false,"large":false,"1536x1536":false,"2048x2048":false,"woocommerce_thumbnail":false,"woocommerce_single":false,"woocommerce_gallery_thumbnail":false},"uagb_author_info":{"display_name":"sigitas@omvi.lt","author_link":"https:\/\/lifevac.lt\/lv\/blog\/author\/sigitasomvi-lt\/"},"uagb_comment_info":0,"uagb_excerpt":"Par m\u016bsu s\u012bkfailu politiku \u0160aj\u0101 S\u012bkfailu politik\u0101 ir izskaidrots, kas ir s\u012bkfaili, k\u0101 m\u0113s tos izmantojam, k\u0101dus s\u012bkfailu veidus m\u0113s izmantojam (t. i., k\u0101da inform\u0101cija tiek apkopota ar s\u012bkfailiem un k\u0101 \u0161\u012b inform\u0101cija tiek izmantota) un k\u0101 varat p\u0101rvald\u012bt s\u012bkfailu iestat\u012bjumus. Lai uzzin\u0101tu vair\u0101k par to, k\u0101 m\u0113s izmantojam, glab\u0101jam un izmantojam j\u016bsu personas datus,&hellip;","_links":{"self":[{"href":"https:\/\/lifevac.lt\/lv\/wp-json\/wp\/v2\/pages\/5719","targetHints":{"allow":["GET"]}}],"collection":[{"href":"https:\/\/lifevac.lt\/lv\/wp-json\/wp\/v2\/pages"}],"about":[{"href":"https:\/\/lifevac.lt\/lv\/wp-json\/wp\/v2\/types\/page"}],"author":[{"embeddable":true,"href":"https:\/\/lifevac.lt\/lv\/wp-json\/wp\/v2\/users\/1"}],"replies":[{"embeddable":true,"href":"https:\/\/lifevac.lt\/lv\/wp-json\/wp\/v2\/comments?post=5719"}],"version-history":[{"count":1,"href":"https:\/\/lifevac.lt\/lv\/wp-json\/wp\/v2\/pages\/5719\/revisions"}],"predecessor-version":[{"id":5721,"href":"https:\/\/lifevac.lt\/lv\/wp-json\/wp\/v2\/pages\/5719\/revisions\/5721"}],"wp:attachment":[{"href":"https:\/\/lifevac.lt\/lv\/wp-json\/wp\/v2\/media?parent=5719"}],"curies":[{"name":"wp","href":"https:\/\/api.w.org\/{rel}","templated":true}]}}