{"id":5710,"date":"2024-11-19T07:38:03","date_gmt":"2024-11-19T07:38:03","guid":{"rendered":"https:\/\/lifevac.lt\/noteikumi\/"},"modified":"2025-03-12T09:42:32","modified_gmt":"2025-03-12T09:42:32","slug":"noteikumi","status":"publish","type":"page","link":"https:\/\/lifevac.lt\/lv\/noteikumi\/","title":{"rendered":"Noteikumi"},"content":{"rendered":"\n<div class=\"wp-block-uagb-container uagb-block-e2e3cd2f alignfull uagb-is-root-container\">\n<div class=\"wp-block-uagb-container uagb-block-752b6d3a\">\n<p><strong>1.<\/strong><br\/>V<strong>isp\u0101r\u012bgi noteikumi<\/strong><br\/>1.1. \u0160ie Elektronisk\u0101s komercijas noteikumi (turpm\u0101k tekst\u0101 &#8211; &#8220;Noteikumi&#8221;) ir saisto\u0161a un neat\u0146emama l\u012bguma par pre\u010du pirk\u0161anu &#8211; p\u0101rdo\u0161anu vai pakalpojumu snieg\u0161anu (turpm\u0101k tekst\u0101 &#8211; &#8220;L\u012bgums&#8221;) starp Omnia vincit UAB (turpm\u0101k tekst\u0101 &#8211; &#8220;P\u0101rdev\u0113js&#8221;) un Pirc\u0113ju sast\u0101vda\u013ca, kas nosaka visp\u0101r\u012bg\u0101s savstarp\u0113j\u0101s ties\u012bbas un pien\u0101kumus saist\u012bb\u0101 ar pre\u010du vai pakalpojumu pirk\u0161anu &#8211; p\u0101rdo\u0161anu elektroniskaj\u0101 veikal\u0101 (turpm\u0101k tekst\u0101 &#8211; &#8220;Veikals&#8221;) www.lifevac.lt<br\/>1.2. 1.2.1. r\u012bc\u012bbsp\u0113j\u012bg\u0101m fizisk\u0101m person\u0101m, kas sasniegu\u0161as vismaz 18 gadu vecumu;<br\/>1.2.2. nepilngad\u012bg\u0101m person\u0101m vecum\u0101 no 15 l\u012bdz 18 gadiem ar vec\u0101ku vai aizbild\u0146u piekri\u0161anu, iz\u0146emot gad\u012bjumus, kad t\u0101s r\u012bkojas ar savu ien\u0101kumu vai stipendiju;<br\/>1.2.3. juridisk\u0101m person\u0101m;<br\/>1.2.4.<br\/>1.3. Pirms pas\u016bt\u012bjuma apstiprin\u0101\u0161anas pirkuma posm\u0101 &#8220;Maks\u0101jums&#8221; Pirc\u0113js iepaz\u012bstas ar Noteikumiem un nosac\u012bjumiem un apstiprina to, atz\u012bm\u0113jot r\u016bti\u0146u &#8220;Esmu iepazinies un piekr\u012btu Vietnes noteikumiem un nosac\u012bjumiem&#8221;. Pirc\u0113js nevar turpin\u0101t pas\u016bt\u012bjuma izpildi, ja nav izlas\u012bjis un pie\u0146\u0113mis noteikumus un nosac\u012bjumus.        <\/p>\n\n\n\n<p><br\/><strong>2. Priv\u0101tuma politika<\/strong><br\/>2.1 P\u0101rdev\u0113ja veikt\u0101 personas datu apstr\u0101de ir defin\u0113ta Priv\u0101tuma politik\u0101. Pirc\u0113jam r\u016bp\u012bgi j\u0101iepaz\u012bstas ar P\u0101rdev\u0113ja personas datu apstr\u0101des politiku, pirms ieg\u0101d\u0101ties preces un nosl\u0113gt pirkuma l\u012bgumu ar P\u0101rdev\u0113ju vai re\u0123istr\u0113ties k\u0101 lietot\u0101jam lifevac.lt.<br\/>2.2. Pirc\u0113ja sniegtie personas dati tiek p\u0101rvald\u012bti saska\u0146\u0101 ar Priv\u0101tuma politiku, kas atrodama <strong><a href=\"https:\/\/lifevac.lt\/privatumo-politika\/\" target=\"_blank\" rel=\"noopener\" title=\"\">\u0161eit<\/a>:<\/strong><br\/>2..3. Veicot pas\u016bt\u012bjumu, Pirc\u0113js, noklik\u0161\u0137inot uz pogas &#8220;Pas\u016bt\u012bt&#8221;, apliecina, ka piekr\u012bt sniegt P\u0101rdev\u0113jam savus personas datus un neiebilst, ka P\u0101rdev\u0113js apstr\u0101d\u0101 Pirc\u0113ja sniegtos personas datus identifik\u0101cijas, l\u012bguma sl\u0113g\u0161anas, izpildes (e-komercijas) un citiem Priv\u0101tuma politik\u0101 noteiktajiem m\u0113r\u0137iem.    <\/p>\n\n\n\n<p><br\/><strong>3. Pirc\u0113ja ties\u012bbas un pien\u0101kumi<\/strong><br\/>3.1.Pirc\u0113jam ir ties\u012bbas ieg\u0101d\u0101ties visas preces vai pakalpojumus lifevac.lt veikal\u0101 saska\u0146\u0101 ar \u0161iem Noteikumiem un cit\u0101m P\u0101rdev\u0113ja interneta veikala inform\u0101cijas sada\u013c\u0101m.<br\/>3.2.Pirc\u0113jam ir pien\u0101kums nor\u0101d\u012bt piln\u012bgus un pareizus datus re\u0123istr\u0101cijas form\u0101. Pirc\u0113ja pien\u0101kums ir atjaunin\u0101t datus izmai\u0146u gad\u012bjum\u0101, pret\u0113j\u0101 gad\u012bjum\u0101 Pirc\u0113js uz\u0146emas no t\u0101 izrieto\u0161o zaud\u0113jumu risku.<br\/>3.3. Pirc\u0113js ir atbild\u012bgs par vis\u0101m sav\u0101m darb\u012bb\u0101m, ko vi\u0146\u0161 veic lifevac.lt veikal\u0101, un ap\u0146emas nodro\u0161in\u0101t pieteik\u0161an\u0101s datu konfidencialit\u0101ti un neizpaust tos tre\u0161aj\u0101m person\u0101m. Pirc\u0113js ir atbild\u012bgs par vis\u0101m tre\u0161o personu darb\u012bb\u0101m, ja t\u0101s ir veiktas, izmantojot Pirc\u0113ja pieteik\u0161an\u0101s datus. Ja Pirc\u0113js pazaud\u0113 savus pieteik\u0161an\u0101s datus, vi\u0146am par to j\u0101inform\u0113 info@lifevac.lt<br\/>3.4. Pirc\u0113js ap\u0146emas, pas\u016btot preces vai pakalpojumus, nor\u0101d\u012bt pre\u010du vai pakalpojumu pieg\u0101des vietu.<br\/>3.5. Pirc\u0113js ap\u0146emas samaks\u0101t par ieg\u0101d\u0101taj\u0101m prec\u0113m vai pakalpojumiem un sa\u0146emt tos \u0161ajos noteikumos noteiktaj\u0101 k\u0101rt\u012bb\u0101.<br\/>3.6. Pirc\u0113js ap\u0146emas samaks\u0101t par ieg\u0101d\u0101taj\u0101m prec\u0113m vai pakalpojumiem un sa\u0146emt tos \u0161ajos noteikumos noteiktaj\u0101 k\u0101rt\u012bb\u0101..6. Pirc\u0113js ap\u0146emas iev\u0113rot \u0161os Noteikumus, citus interneta veikal\u0101 skaidri nor\u0101d\u012btos nosac\u012bjumus un nep\u0101rk\u0101pt Lietuvas Republikas un Eiropas Savien\u012bbas ties\u012bbu aktus.<br\/>3.7. Pirc\u0113jam ir ties\u012bbas atk\u0101pties no ar P\u0101rdev\u0113ju nosl\u0113gt\u0101 pirkuma l\u012bguma, par to pazi\u0146ojot P\u0101rdev\u0113jam pa e-pastu info@lifevac.lt ne v\u0113l\u0101k k\u0101 \u010detrpadsmit dienu laik\u0101 no pieg\u0101des dienas. Pirc\u0113js nevar izmantot \u0161\u012bs ties\u012bbas, sl\u0113dzot k\u0101du no Lietuvas Republikas Civilkodeksa 6.22810. panta 2. punkt\u0101 uzskait\u012btajiem l\u012bgumiem.<br\/>3.8. Pirc\u0113js var izmantot Noteikumu 3.7. punkt\u0101 paredz\u0113t\u0101s ties\u012bbas tikai tad, ja preces atbilst 8.2., 8.3. un 8.4. punkt\u0101 noteiktaj\u0101m pras\u012bb\u0101m.             <\/p>\n\n\n\n<p><br\/><strong>4. P\u0101rdev\u0113ja ties\u012bbas un pien\u0101kumi<\/strong><br\/>4.1. Ja Pirc\u0113js m\u0113\u0123ina graut lifevac.lt stabilit\u0101ti un dro\u0161\u012bbu vai p\u0101rk\u0101pj savas saist\u012bbas, P\u0101rdev\u0113jam ir ties\u012bbas nekav\u0113joties un bez iepriek\u0161\u0113ja br\u012bdin\u0101juma ierobe\u017eot vai aptur\u0113t Pirc\u0113ja piek\u013cuvi interneta veikalam vai iz\u0146\u0113muma gad\u012bjumos anul\u0113t Pirc\u0113ja re\u0123istr\u0101ciju.<br\/>4.2. Nopietnu apst\u0101k\u013cu gad\u012bjum\u0101 P\u0101rdev\u0113js var uz laiku vai past\u0101v\u012bgi aptur\u0113t interneta veikala darb\u012bbu, iepriek\u0161 nebr\u012bdinot Pirc\u0113ju.<br\/>4.3. . P\u0101rdev\u0113jam ir ties\u012bbas anul\u0113t Pirc\u0113ja pas\u016bt\u012bjumu bez iepriek\u0161\u0113ja br\u012bdin\u0101juma, ja Pirc\u0113js 1 (vienas) darba dienas laik\u0101 nesamaks\u0101 par preci vai cit\u0101di nepiekr\u012bt.<br\/>4.4. P\u0101rdev\u0113js ap\u0146emas nodro\u0161in\u0101t Pirc\u0113jam iesp\u0113ju izmantot lifevac.lt sniegtos pakalpojumus, iev\u0113rojot \u0161ajos Noteikumos un interneta veikal\u0101<br\/>izkl\u0101st\u012btos nosac\u012bjumus..5. P\u0101rdev\u0113js ap\u0146emas iev\u0113rot Pirc\u0113ja ties\u012bbas uz vi\u0146a personas datu priv\u0101tumu, t. i., apstr\u0101d\u0101t Pirc\u0113ja sniegtos personas datus tikai saska\u0146\u0101 ar Priv\u0101tuma politiku un Lietuvas Republikas un Eiropas Savien\u012bbas ties\u012bbu aktos noteiktaj\u0101 k\u0101rt\u012bb\u0101.<br\/>4.6. P\u0101rdev\u0113js nav atbild\u012bgs par to, ka preces interneta veikal\u0101 var neatbilst faktiskajam pre\u010du izm\u0113ram, formai vai kr\u0101sai p\u0113c to kr\u0101sas, formas vai citiem parametriem Pirc\u0113ja izmantot\u0101 att\u0113la \u012bpatn\u012bbu d\u0113\u013c. Pre\u010du fotogr\u0101fijas ir tikai ilustrat\u012bvas un uzskat\u0101mas par paraugu.<br\/>4.7. P\u0101rdev\u0113js ap\u0146emas pieg\u0101d\u0101t Pirc\u0113ja pas\u016bt\u012bt\u0101s preces uz Pirc\u0113ja nor\u0101d\u012bto adresi saska\u0146\u0101 ar Noteikumu 7. punkt\u0101 min\u0113tajiem nosac\u012bjumiem.<br\/>4.8. Ja nopietnu apst\u0101k\u013cu d\u0113\u013c P\u0101rdev\u0113js nevar pieg\u0101d\u0101t Pirc\u0113ja pas\u016bt\u012bt\u0101s preces, P\u0101rdev\u0113js ap\u0146emas pied\u0101v\u0101t preci, kas ir analoga Pirc\u0113ja precei vai p\u0113c sav\u0101m \u012bpa\u0161\u012bb\u0101m ir sal\u012bdzin\u0101ma. Ja Pirc\u0113js atsak\u0101s pie\u0146emt analogu vai l\u012bdz\u012bg\u0101ko preci, P\u0101rdev\u0113js ap\u0146emas atmaks\u0101t Pirc\u0113ja samaks\u0101to naudu 3 (tr\u012bs) darba dienu laik\u0101, ja ir veikta priek\u0161apmaksa.<br\/>4.9. Gad\u012bjum\u0101, ja Pirc\u0113js izmanto Noteikumu 3.7. punkt\u0101 paredz\u0113t\u0101s ties\u012bbas un Noteikumu 3.8. punkt\u0101 paredz\u0113t\u0101 nosac\u012bjuma gad\u012bjum\u0101, P\u0101rdev\u0113js ap\u0146emas atmaks\u0101t Pirc\u0113ja samaks\u0101to naudu 3 (tr\u012bs) darba dienu laik\u0101 no dienas, kad tas sa\u0146\u0113mis atmaks\u0101jamo preci.<br\/>4.10. Neskaidr\u012bbu gad\u012bjum\u0101 par pas\u016bt\u012bjum\u0101 sniegto inform\u0101ciju P\u0101rdev\u0113js sazin\u0101s ar Pirc\u0113ju pa t\u0101lruni, kas nor\u0101d\u012bts pas\u016bt\u012bjum\u0101, 2 darba dienu laik\u0101 no pas\u016bt\u012bjuma veik\u0161anas dienas. \u0160\u0101d\u0101 gad\u012bjum\u0101 pieg\u0101des termi\u0146\u0161 s\u0101kas no sazin\u0101\u0161an\u0101s dienas.<br\/>4.11. P\u0101rdev\u0113jam ir ties\u012bbas atcelt Pirc\u0113ja pas\u016bt\u012bjumu bez iepriek\u0161\u0113ja br\u012bdin\u0101juma Pirc\u0113jam, ja P\u0101rdev\u0113js nesp\u0113j sazin\u0101ties ar Pirc\u0113ju 3 (tr\u012bs) darba dienu laik\u0101.                 <\/p>\n\n\n\n<p><br\/><strong>5. L\u012bguma nosl\u0113g\u0161anas br\u012bdis<\/strong><br\/>5.1. Puses vienojas, ka L\u012bgums par konkr\u0113to Preci tiek uzskat\u012bts par nosl\u0113gtu un st\u0101jas sp\u0113k\u0101 no br\u012b\u017ea, kad P\u0101rdev\u0113js uz Pirc\u0113ja nor\u0101d\u012bto e-pasta adresi nos\u016bta Pirc\u0113jam e-pasta v\u0113stuli, kur\u0101 apliecina, ka Pirc\u0113ja pas\u016bt\u012bjums ir veiksm\u012bgi pie\u0146emts un tiek izpild\u012bts. No \u0161\u012b br\u012b\u017ea Pirc\u0113js ap\u0146emas pie\u0146emt veikal\u0101 pas\u016bt\u012bt\u0101s un pieg\u0101d\u0101t\u0101s preces un samaks\u0101t par t\u0101m nol\u012bgto summu, ja t\u0101 v\u0113l nav samaks\u0101ta. L\u012bgums tiek uzskat\u012bts par nosl\u0113gtu tikai attiec\u012bb\u0101 uz t\u0101m prec\u0113m, kas nor\u0101d\u012btas P\u0101rdev\u0113ja Pirc\u0113jam nos\u016bt\u012btaj\u0101 apstiprin\u0101jum\u0101 par turpm\u0101ko s\u016bt\u012bjumu. Puses vienojas, ka Pu\u0161u savstarp\u0113j\u0101s attiec\u012bbas, kas izriet no \u0161\u0101da L\u012bguma, reglament\u0113 \u0161ie Noteikumi, cikt\u0101l tie piem\u0113rojami pas\u016bt\u012btaj\u0101m prec\u0113m.    <\/p>\n\n\n\n<p><br\/><strong>6. Maks\u0101jums<\/strong><br\/>6.1 Pirc\u0113js par Prec\u0113m nor\u0113\u0137in\u0101s vien\u0101 no \u0161\u0101diem veidiem: <\/p>\n\n\n\n<figure class=\"wp-block-table\"><table class=\"has-fixed-layout\"><tbody><tr><td colspan=\"2\">\u00a0<\/td><\/tr><tr><td><strong>Izmantojot PaySera.lt sist\u0113mu<\/strong><\/td><td><strong>Maks\u0101jums ar bankas p\u0101rskait\u012bjumu<\/strong><\/td><\/tr><tr><td>Tas ir dro\u0161s veids, k\u0101 \u0101tri un \u0113rti nor\u0113\u0137in\u0101ties par prec\u0113m. J\u016bs tiksiet novirz\u012bts uz savas bankas lapu, kur redz\u0113siet, ka p\u0101rskait\u012bjums tiek apstr\u0101d\u0101ts, un jums atliks to tikai apstiprin\u0101t. Kad maks\u0101jums b\u016bs apstiprin\u0101ts, e-bankas lapa tiks aizv\u0113rta, un j\u016bs atgriez\u012bs uz omvi.store lapu.  <\/td><td>Sa\u0146\u0113m\u0113js: <strong>UAB Omnia vincit<\/strong><br\/>Sa\u0146\u0113m\u0113ja kods: <strong>304214143<\/strong><br\/>Banka: <strong>Paysera LT<br\/><\/strong>Bankas kods: <strong>35000<\/strong><br\/>Konts: <strong>LT843500010007374013<br\/><\/strong>Maks\u0101juma m\u0113r\u0137is: <strong>nor\u0101diet r\u012bkojuma numuru.<\/strong><\/td><\/tr><tr><td>P\u0113c tam, kad ir veikts maks\u0101jums, s\u016bt\u012bjums s\u0101k veidoties.<\/td><td>S\u016bt\u012bjums tiek sagatavots uzreiz p\u0113c l\u012bdzek\u013cu sa\u0146em\u0161anas j\u016bsu kont\u0101.<\/td><\/tr><\/tbody><\/table><\/figure>\n\n\n\n<p>6.2. Pirc\u0113js ap\u0146emas veikt samaksu nekav\u0113joties, izmantojot 6.1. punkt\u0101 paredz\u0113tos maks\u0101\u0161anas veidus. 6.3. P\u0101rdev\u0113js uzs\u0101k Pre\u010du s\u016bt\u012bjuma veido\u0161anu tikai p\u0113c tam, kad ir sa\u0146emts maks\u0101jums par Prec\u0113m, un uzs\u0101k pieg\u0101des termi\u0146a apr\u0113\u0137in\u0101\u0161anu.   <\/p>\n\n\n\n<p><br\/><strong>7.<\/strong> Pre\u010du <strong>pieg\u0101de un sa\u0146em\u0161ana<\/strong><br\/>7.1 Preces tiek pieg\u0101d\u0101tas Pirc\u0113jam Venipak kurjerpasta nor\u0101d\u012btaj\u0101 adres\u0113.<br\/>7.2 Preces tiek pieg\u0101d\u0101tas 1-5 darba dienu laik\u0101 p\u0113c maks\u0101juma apstiprin\u0101\u0161anas.<br\/>7.3 Pirc\u0113js, sa\u0146emot preces, r\u016bp\u012bgi p\u0101rbauda preces un visu iepakojumu un kastes. Iepakojums nedr\u012bkst b\u016bt boj\u0101ts. Ja J\u016bs paman\u0101t, ka kastes ir ieradu\u0161\u0101s nesak\u0101rtotas &#8211; sapl\u0113stas, sapl\u0113stas, sapl\u0113stas, atv\u0113rtas vai cit\u0101di fiziski boj\u0101tas, J\u016bs varat atteikties pie\u0146emt \u0161\u0101du s\u016bt\u012bjumu. Ja nolemjat pie\u0146emt boj\u0101tu s\u016bt\u012bjumu, uzst\u0101jiet, lai s\u016bt\u012bjuma pie\u0146em\u0161an\u0101 un nodo\u0161an\u0101 vai atsevi\u0161\u0137\u0101 pieg\u0101des pavadz\u012bm\u0113 par boj\u0101tajiem iepakojumiem prec\u012bzi, piln\u012bgi un nep\u0101rprotami tiktu aprakst\u012bts, k\u0101d\u0101 st\u0101vokl\u012b iepakojumi tika pieg\u0101d\u0101ti. Jebkur\u0101 gad\u012bjum\u0101, pie\u0146emot boj\u0101tu iepakojumu, kurjera kl\u0101tb\u016btn\u0113 izsai\u0146ojiet s\u016bt\u012bjumu un vizu\u0101li p\u0101rbaudiet taj\u0101 eso\u0161o Pre\u010du st\u0101vokli.<br\/>7.4. P\u0101rdev\u0113js ir atbr\u012bvots no atbild\u012bbas par Pre\u010du pieg\u0101des termi\u0146u neiev\u0113ro\u0161anu, ja Preces netiek pieg\u0101d\u0101tas Pirc\u0113jam vai tiek pieg\u0101d\u0101tas laik\u0101 Pirc\u0113ja vainas d\u0113\u013c vai no Pirc\u0113ja neatkar\u012bgu apst\u0101k\u013cu d\u0113\u013c.<br\/>7.5. P\u0101rdev\u0113js pieg\u0101d\u0101 Preces Pirc\u0113jam atbilsto\u0161i 7.2. punkt\u0101 noteiktajiem termi\u0146iem. Iepriek\u0161 noteiktie termi\u0146i netiek piem\u0113roti, ja P\u0101rdev\u0113jam nav pre\u010du noliktav\u0101 un Pirc\u0113js ir inform\u0113ts par Pirc\u0113ja pas\u016bt\u012bto pre\u010du tr\u016bkumu.<br\/>7.6. Pirc\u0113js piekr\u012bt, ka iz\u0146\u0113muma gad\u012bjumos pre\u010du pieg\u0101de var aizkav\u0113ties neparedz\u0113tu, no P\u0101rdev\u0113ja neatkar\u012bgu apst\u0101k\u013cu d\u0113\u013c. \u0160\u0101d\u0101 gad\u012bjum\u0101 P\u0101rdev\u0113js ap\u0146emas nekav\u0113joties sazin\u0101ties ar Pirc\u0113ju un vienoties par pieg\u0101des termi\u0146iem.            <\/p>\n\n\n\n<p><br\/><strong>8.<\/strong> Pre\u010du <strong>atgrie\u0161ana un garantija<\/strong><br\/>8.1. Pre\u010du atgrie\u0161ana un apmai\u0146a notiek saska\u0146\u0101 ar Lietuvas Republikas Civillikumu un Lietuvas Republikas vald\u012bbas 2014-07-22 rezol\u016bciju par Mazumtirdzniec\u012bbas noteikumu apstiprin\u0101\u0161anu un pa\u0161iem Mazumtirdzniec\u012bbas noteikumiem.<br\/>8.2. Pirc\u0113jam ir ties\u012bbas atgriezt Preci, pazi\u0146ojot par to P\u0101rdev\u0113jam pa e-pastu info@lifevac.lt ne v\u0113l\u0101k k\u0101 14 darba dienu laik\u0101 no Preces pieg\u0101des dienas.<br\/>8.3. Pre\u010du atgrie\u0161ana un apmai\u0146a.<br\/>8.3. Atgrie\u017eot Preces Pirc\u0113jam, j\u0101iev\u0113ro \u0161\u0101di nosac\u012bjumi:<br\/>8.3.1. Atgrieztaj\u0101m prec\u0113m j\u0101b\u016bt neizmantot\u0101m un Pirc\u0113ja nesaboj\u0101t\u0101m;<br\/>8.3.2. Atgrieztaj\u0101m prec\u0113m j\u0101b\u016bt lab\u0101 st\u0101vokl\u012b p\u0113c to izskata (bez boj\u0101t\u0101m eti\u0137et\u0113m, bez atl\u012bm\u0113t\u0101m aizsargpl\u0113v\u0113m u.c.). Pirc\u0113js ir atbild\u012bgs par pre\u010du piln\u012bgu mont\u0101\u017eu un iepako\u0161anu. Ja prece neb\u016bs piln\u012bb\u0101 nokomplekt\u0113ta un pien\u0101c\u012bgi iepakota, P\u0101rdev\u0113js vai vi\u0146a p\u0101rst\u0101vis nepie\u0146ems preci atpaka\u013c.<br\/>8. Pre\u010du atpaka\u013cnos\u016bt\u012b\u0161anas termi\u0146\u0161 ir tr\u012bs m\u0113ne\u0161i..3.4. Atgrieztaj\u0101m prec\u0113m j\u0101b\u016bt ori\u0123in\u0101laj\u0101 iepakojum\u0101 un neboj\u0101t\u0101m (\u0161is punkts neattiecas uz boj\u0101tu pre\u010du atgrie\u0161anu).<br\/>8.4. Atgrie\u017eot preces, ir j\u0101uzr\u0101da pirkuma dokuments, garantijas karte (ja t\u0101da ir izsniegta).<br\/>8.5. Pirc\u0113jam ir ties\u012bbas atgriezt boj\u0101tas preces, ja atgriezt\u0101s preces defekts nav radies vi\u0146a vainas d\u0113\u013c un prece ir piln\u012bga.<br\/>8.6 Pre\u010du atgrie\u0161anas izdevumus sedz Pirc\u0113js, iz\u0146emot gad\u012bjumus, kad preces tiek atgrieztas pre\u010du kvalit\u0101tes d\u0113\u013c. Ja tiek atgrieztas nekvalitat\u012bvas preces, P\u0101rdev\u0113js ap\u0146emas pie\u0146emt nekvalitat\u012bv\u0101s preces un aizst\u0101t t\u0101s ar l\u012bdz\u012bg\u0101m prec\u0113m. Gad\u012bjum\u0101, ja P\u0101rdev\u0113ja r\u012bc\u012bb\u0101 nav l\u012bdzv\u0113rt\u012bgas preces, Pirc\u0113jam tiek atmaks\u0101ta par preci samaks\u0101t\u0101 nauda.<br\/>8.7. Ja Pirc\u0113js v\u0113las atgriezt preci, Pirc\u0113jam par to rakstiski j\u0101inform\u0113 P\u0101rdev\u0113js, nos\u016btot e-pastu uz info@lifevac.lt. Prece j\u0101nos\u016bta uz P\u0101rdev\u0113ja nor\u0101d\u012bto adresi.                  <br\/>8.8. P\u0101rdev\u0113js nodro\u0161ina precei garantiju, kuras termi\u0146\u0161 ir nor\u0101d\u012bts interneta veikal\u0101 pie preces apraksta. Preces PVN r\u0113\u0137ins atbilst Preces garantijas lapai.<br\/>8.9. Gad\u012bjum\u0101, ja preces garantijas laik\u0101 tiek apkalpotas Lietuv\u0101, Pirc\u0113js tiek nos\u016bt\u012bts uz garantijas servisa centriem. Gad\u012bjum\u0101, ja garantijas serviss tiek veikts \u0101rpus Lietuvas, P\u0101rdev\u0113js organiz\u0113 pre\u010du nos\u016bt\u012b\u0161anu uz attiec\u012bgo centru.     <\/p>\n\n\n\n<p><br\/><strong>9. Nosl\u0113guma noteikumi<\/strong><br\/>9.1 Visi str\u012bdi, kas rodas no pirkuma un p\u0101rdo\u0161anas l\u012bguma starp Pirc\u0113ju un P\u0101rdev\u0113ju vai saist\u012bb\u0101 ar to, tiek risin\u0101ti p\u0101rrunu ce\u013c\u0101. Ja neizdodas pan\u0101kt vieno\u0161anos, domstarp\u012bbas tiek risin\u0101tas Lietuvas Republikas ties\u012bbu aktos noteiktaj\u0101 k\u0101rt\u012bb\u0101<br\/>9.2. P\u0101rdev\u0113js patur ties\u012bbas jebkur\u0101 laik\u0101 main\u012bt, groz\u012bt vai papildin\u0101t Noteikumus, \u0146emot v\u0113r\u0101 ties\u012bbu aktos noteikt\u0101s pras\u012bbas.   <\/p>\n<\/div>\n<\/div>\n\n<p><\/p>\n","protected":false},"excerpt":{"rendered":"<p>1.Visp\u0101r\u012bgi noteikumi1.1. \u0160ie Elektronisk\u0101s komercijas noteikumi (turpm\u0101k tekst\u0101 &#8211; &#8220;Noteikumi&#8221;) ir saisto\u0161a un neat\u0146emama l\u012bguma par pre\u010du pirk\u0161anu &#8211; p\u0101rdo\u0161anu vai pakalpojumu snieg\u0161anu (turpm\u0101k tekst\u0101 &#8211; &#8220;L\u012bgums&#8221;) starp Omnia vincit UAB (turpm\u0101k tekst\u0101 &#8211; &#8220;P\u0101rdev\u0113js&#8221;) un Pirc\u0113ju sast\u0101vda\u013ca, kas nosaka visp\u0101r\u012bg\u0101s savstarp\u0113j\u0101s ties\u012bbas un pien\u0101kumus saist\u012bb\u0101 ar pre\u010du vai pakalpojumu pirk\u0161anu &#8211; p\u0101rdo\u0161anu elektroniskaj\u0101 veikal\u0101 [&hellip;]<\/p>\n","protected":false},"author":1,"featured_media":0,"parent":0,"menu_order":0,"comment_status":"closed","ping_status":"closed","template":"","meta":{"_uag_custom_page_level_css":"","_monsterinsights_skip_tracking":false,"_monsterinsights_sitenote_active":false,"_monsterinsights_sitenote_note":"","_monsterinsights_sitenote_category":0,"site-sidebar-layout":"default","site-content-layout":"","ast-site-content-layout":"default","site-content-style":"default","site-sidebar-style":"default","ast-global-header-display":"","ast-banner-title-visibility":"","ast-main-header-display":"","ast-hfb-above-header-display":"","ast-hfb-below-header-display":"","ast-hfb-mobile-header-display":"","site-post-title":"","ast-breadcrumbs-content":"","ast-featured-img":"","footer-sml-layout":"","ast-disable-related-posts":"","theme-transparent-header-meta":"","adv-header-id-meta":"","stick-header-meta":"","header-above-stick-meta":"","header-main-stick-meta":"","header-below-stick-meta":"","astra-migrate-meta-layouts":"default","ast-page-background-enabled":"default","ast-page-background-meta":{"desktop":{"background-color":"","background-image":"","background-repeat":"repeat","background-position":"center center","background-size":"auto","background-attachment":"scroll","background-type":"","background-media":"","overlay-type":"","overlay-color":"","overlay-opacity":"","overlay-gradient":""},"tablet":{"background-color":"","background-image":"","background-repeat":"repeat","background-position":"center center","background-size":"auto","background-attachment":"scroll","background-type":"","background-media":"","overlay-type":"","overlay-color":"","overlay-opacity":"","overlay-gradient":""},"mobile":{"background-color":"","background-image":"","background-repeat":"repeat","background-position":"center center","background-size":"auto","background-attachment":"scroll","background-type":"","background-media":"","overlay-type":"","overlay-color":"","overlay-opacity":"","overlay-gradient":""}},"ast-content-background-meta":{"desktop":{"background-color":"var(--ast-global-color-5)","background-image":"","background-repeat":"repeat","background-position":"center center","background-size":"auto","background-attachment":"scroll","background-type":"","background-media":"","overlay-type":"","overlay-color":"","overlay-opacity":"","overlay-gradient":""},"tablet":{"background-color":"var(--ast-global-color-5)","background-image":"","background-repeat":"repeat","background-position":"center center","background-size":"auto","background-attachment":"scroll","background-type":"","background-media":"","overlay-type":"","overlay-color":"","overlay-opacity":"","overlay-gradient":""},"mobile":{"background-color":"var(--ast-global-color-5)","background-image":"","background-repeat":"repeat","background-position":"center center","background-size":"auto","background-attachment":"scroll","background-type":"","background-media":"","overlay-type":"","overlay-color":"","overlay-opacity":"","overlay-gradient":""}},"footnotes":""},"class_list":["post-5710","page","type-page","status-publish","hentry"],"aioseo_notices":[],"uagb_featured_image_src":{"full":false,"thumbnail":false,"medium":false,"medium_large":false,"large":false,"1536x1536":false,"2048x2048":false,"woocommerce_thumbnail":false,"woocommerce_single":false,"woocommerce_gallery_thumbnail":false},"uagb_author_info":{"display_name":"sigitas@omvi.lt","author_link":"https:\/\/lifevac.lt\/lv\/blog\/author\/sigitasomvi-lt\/"},"uagb_comment_info":0,"uagb_excerpt":"1.Visp\u0101r\u012bgi noteikumi1.1. \u0160ie Elektronisk\u0101s komercijas noteikumi (turpm\u0101k tekst\u0101 &#8211; &#8220;Noteikumi&#8221;) ir saisto\u0161a un neat\u0146emama l\u012bguma par pre\u010du pirk\u0161anu &#8211; p\u0101rdo\u0161anu vai pakalpojumu snieg\u0161anu (turpm\u0101k tekst\u0101 &#8211; &#8220;L\u012bgums&#8221;) starp Omnia vincit UAB (turpm\u0101k tekst\u0101 &#8211; &#8220;P\u0101rdev\u0113js&#8221;) un Pirc\u0113ju sast\u0101vda\u013ca, kas nosaka visp\u0101r\u012bg\u0101s savstarp\u0113j\u0101s ties\u012bbas un pien\u0101kumus saist\u012bb\u0101 ar pre\u010du vai pakalpojumu pirk\u0161anu &#8211; p\u0101rdo\u0161anu elektroniskaj\u0101 veikal\u0101&hellip;","_links":{"self":[{"href":"https:\/\/lifevac.lt\/lv\/wp-json\/wp\/v2\/pages\/5710","targetHints":{"allow":["GET"]}}],"collection":[{"href":"https:\/\/lifevac.lt\/lv\/wp-json\/wp\/v2\/pages"}],"about":[{"href":"https:\/\/lifevac.lt\/lv\/wp-json\/wp\/v2\/types\/page"}],"author":[{"embeddable":true,"href":"https:\/\/lifevac.lt\/lv\/wp-json\/wp\/v2\/users\/1"}],"replies":[{"embeddable":true,"href":"https:\/\/lifevac.lt\/lv\/wp-json\/wp\/v2\/comments?post=5710"}],"version-history":[{"count":1,"href":"https:\/\/lifevac.lt\/lv\/wp-json\/wp\/v2\/pages\/5710\/revisions"}],"predecessor-version":[{"id":5712,"href":"https:\/\/lifevac.lt\/lv\/wp-json\/wp\/v2\/pages\/5710\/revisions\/5712"}],"wp:attachment":[{"href":"https:\/\/lifevac.lt\/lv\/wp-json\/wp\/v2\/media?parent=5710"}],"curies":[{"name":"wp","href":"https:\/\/api.w.org\/{rel}","templated":true}]}}