{"id":5687,"date":"2024-11-20T10:42:51","date_gmt":"2024-11-20T10:42:51","guid":{"rendered":"https:\/\/lifevac.lt\/atgriez\/"},"modified":"2025-03-12T09:40:31","modified_gmt":"2025-03-12T09:40:31","slug":"atgriez","status":"publish","type":"page","link":"https:\/\/lifevac.lt\/lv\/atgriez\/","title":{"rendered":"Atgrie\u017e"},"content":{"rendered":"\n<div class=\"wp-block-uagb-container uagb-block-be818e7d alignfull uagb-is-root-container\"><div class=\"uagb-container-inner-blocks-wrap\">\n<h2 class=\"wp-block-heading\">Atgrie\u0161an\u0101s nosac\u012bjumi<\/h2>\n\n\n\n<div class=\"wp-block-uagb-info-box uagb-block-147a915c uagb-infobox__content-wrap  uagb-infobox-icon-above-title uagb-infobox-image-valign-top\"><div class=\"uagb-ifb-content\"><div class=\"uagb-ifb-title-wrap\"><\/div><p class=\"uagb-ifb-desc\">Mums vissvar\u012bg\u0101kais ir tas, lai j\u016bs b\u016btu apmierin\u0101ts ar pirkumu no LifeVac.lt. Ja k\u0101da iemesla d\u0113\u013c j\u016bsu cer\u012bbas nav piepild\u012bju\u0161\u0101s, neuztraucieties &#8211; produktu varat viegli atgriezt vai apmain\u012bt.<\/p><\/div><\/div>\n\n\n\n<h3 class=\"wp-block-heading\"><strong>K\u0101 notiek atmaks\u0101\u0161ana?<\/strong><\/h3>\n\n\n\n<ol class=\"wp-block-list\">\n<li><strong>Noteikumi:<\/strong> Jums ir 14 dienas no preces sa\u0146em\u0161anas dienas, lai to atgrieztu vai apmain\u012btu.<\/li>\n\n\n\n<li><strong>St\u0101voklis:<\/strong> Atgrieztajam produktam j\u0101b\u016bt <strong>neizmantotam, ar visiem piederumiem un ori\u0123in\u0101laj\u0101 iepakojum\u0101<\/strong>. <strong>Ar\u012b aizsargl\u012bmi\u0146ai uz iepakojuma (p\u0101rbaud\u012bta kvalit\u0101te) j\u0101b\u016bt neskartai.<\/strong><\/li>\n\n\n\n<li><strong>Dokument\u0101cija:<\/strong> iesniedziet pirkumu apliecino\u0161u dokumentu (r\u0113\u0137inu, pas\u016bt\u012bjuma numuru vai pas\u016bt\u012bjuma apstiprin\u0101jumu).<\/li>\n<\/ol>\n\n\n\n<h3 class=\"wp-block-heading\"><strong>K\u0101 s\u0101kt atmaksas procesu?<\/strong><\/h3>\n\n\n\n<ol class=\"wp-block-list\">\n<li><strong>Sazinieties ar mums.<\/strong>  <a>info@lifevac.lt.<\/a><\/li>\n\n\n\n<li><strong>Sagatavojiet s\u016bt\u012bjumu:<\/strong> dro\u0161i iepakojiet preci un pievienojiet pirkuma dokumentus.<\/li>\n\n\n\n<li><strong>Atgrie\u0161ana<\/strong>:Atgrie\u0161an\u0101s adreses nor\u0101d\u012bjumiem sekojiet m\u016bsu komandas nor\u0101d\u012bjumiem.<\/li>\n<\/ol>\n\n\n\n<h3 class=\"wp-block-heading\"><strong>Ko man dar\u012bt ar boj\u0101t\u0101m vai boj\u0101t\u0101m prec\u0113m?<\/strong><\/h3>\n\n\n\n<p>Ja produkts ir boj\u0101ts vai boj\u0101ts, nekav\u0113joties sazinieties ar mums. M\u0113s nodro\u0161in\u0101sim, lai j\u016bsu probl\u0113ma tiktu \u0101tri atrisin\u0101ta &#8211; parasti bez papildu maksas nomainot izstr\u0101d\u0101jumu.<\/p>\n\n\n\n<h3 class=\"wp-block-heading\"><strong>Kas notiks t\u0101l\u0101k?<\/strong><\/h3>\n\n\n\n<ul class=\"wp-block-list\">\n<li><strong>Naudas atmaksa:<\/strong> Kad m\u0113s b\u016bsim sa\u0146\u0113mu\u0161i un p\u0101rbaud\u012bju\u0161i j\u016bsu preci, m\u0113s 3 darba dienu laik\u0101 atmaks\u0101sim naudu uz j\u016bsu s\u0101kotn\u0113jo maks\u0101jumu kontu.<\/li>\n\n\n\n<li><strong>Apmai\u0146a:<\/strong> ja v\u0113laties apmain\u012bt preci, m\u0113s nos\u016bt\u012bsim jums v\u0113lamo versiju, ja t\u0101 b\u016bs noliktav\u0101.<\/li>\n<\/ul>\n<\/div><\/div>\n","protected":false},"excerpt":{"rendered":"<p>Atgrie\u0161an\u0101s nosac\u012bjumi K\u0101 notiek atmaks\u0101\u0161ana? K\u0101 s\u0101kt atmaksas procesu? Ko man dar\u012bt ar boj\u0101t\u0101m vai boj\u0101t\u0101m prec\u0113m? Ja produkts ir boj\u0101ts vai boj\u0101ts, nekav\u0113joties sazinieties ar mums. M\u0113s nodro\u0161in\u0101sim, lai j\u016bsu probl\u0113ma tiktu \u0101tri atrisin\u0101ta &#8211; parasti bez papildu maksas nomainot izstr\u0101d\u0101jumu. Kas notiks t\u0101l\u0101k?<\/p>\n","protected":false},"author":1,"featured_media":0,"parent":0,"menu_order":0,"comment_status":"closed","ping_status":"closed","template":"","meta":{"_uag_custom_page_level_css":"","_monsterinsights_skip_tracking":false,"_monsterinsights_sitenote_active":false,"_monsterinsights_sitenote_note":"","_monsterinsights_sitenote_category":0,"site-sidebar-layout":"default","site-content-layout":"","ast-site-content-layout":"default","site-content-style":"default","site-sidebar-style":"default","ast-global-header-display":"","ast-banner-title-visibility":"","ast-main-header-display":"","ast-hfb-above-header-display":"","ast-hfb-below-header-display":"","ast-hfb-mobile-header-display":"","site-post-title":"disabled","ast-breadcrumbs-content":"","ast-featured-img":"","footer-sml-layout":"","theme-transparent-header-meta":"","adv-header-id-meta":"","stick-header-meta":"","header-above-stick-meta":"","header-main-stick-meta":"","header-below-stick-meta":"","astra-migrate-meta-layouts":"default","ast-page-background-enabled":"default","ast-page-background-meta":{"desktop":{"background-color":"","background-image":"","background-repeat":"repeat","background-position":"center center","background-size":"auto","background-attachment":"scroll","background-type":"","background-media":"","overlay-type":"","overlay-color":"","overlay-opacity":"","overlay-gradient":""},"tablet":{"background-color":"","background-image":"","background-repeat":"repeat","background-position":"center center","background-size":"auto","background-attachment":"scroll","background-type":"","background-media":"","overlay-type":"","overlay-color":"","overlay-opacity":"","overlay-gradient":""},"mobile":{"background-color":"","background-image":"","background-repeat":"repeat","background-position":"center center","background-size":"auto","background-attachment":"scroll","background-type":"","background-media":"","overlay-type":"","overlay-color":"","overlay-opacity":"","overlay-gradient":""}},"ast-content-background-meta":{"desktop":{"background-color":"var(--ast-global-color-5)","background-image":"","background-repeat":"repeat","background-position":"center center","background-size":"auto","background-attachment":"scroll","background-type":"","background-media":"","overlay-type":"","overlay-color":"","overlay-opacity":"","overlay-gradient":""},"tablet":{"background-color":"var(--ast-global-color-5)","background-image":"","background-repeat":"repeat","background-position":"center center","background-size":"auto","background-attachment":"scroll","background-type":"","background-media":"","overlay-type":"","overlay-color":"","overlay-opacity":"","overlay-gradient":""},"mobile":{"background-color":"var(--ast-global-color-5)","background-image":"","background-repeat":"repeat","background-position":"center center","background-size":"auto","background-attachment":"scroll","background-type":"","background-media":"","overlay-type":"","overlay-color":"","overlay-opacity":"","overlay-gradient":""}},"footnotes":""},"class_list":["post-5687","page","type-page","status-publish","hentry"],"aioseo_notices":[],"uagb_featured_image_src":{"full":false,"thumbnail":false,"medium":false,"medium_large":false,"large":false,"1536x1536":false,"2048x2048":false,"woocommerce_thumbnail":false,"woocommerce_single":false,"woocommerce_gallery_thumbnail":false},"uagb_author_info":{"display_name":"sigitas@omvi.lt","author_link":"https:\/\/lifevac.lt\/lv\/blog\/author\/sigitasomvi-lt\/"},"uagb_comment_info":0,"uagb_excerpt":"Atgrie\u0161an\u0101s nosac\u012bjumi K\u0101 notiek atmaks\u0101\u0161ana? K\u0101 s\u0101kt atmaksas procesu? Ko man dar\u012bt ar boj\u0101t\u0101m vai boj\u0101t\u0101m prec\u0113m? Ja produkts ir boj\u0101ts vai boj\u0101ts, nekav\u0113joties sazinieties ar mums. M\u0113s nodro\u0161in\u0101sim, lai j\u016bsu probl\u0113ma tiktu \u0101tri atrisin\u0101ta &#8211; parasti bez papildu maksas nomainot izstr\u0101d\u0101jumu. Kas notiks t\u0101l\u0101k?","_links":{"self":[{"href":"https:\/\/lifevac.lt\/lv\/wp-json\/wp\/v2\/pages\/5687","targetHints":{"allow":["GET"]}}],"collection":[{"href":"https:\/\/lifevac.lt\/lv\/wp-json\/wp\/v2\/pages"}],"about":[{"href":"https:\/\/lifevac.lt\/lv\/wp-json\/wp\/v2\/types\/page"}],"author":[{"embeddable":true,"href":"https:\/\/lifevac.lt\/lv\/wp-json\/wp\/v2\/users\/1"}],"replies":[{"embeddable":true,"href":"https:\/\/lifevac.lt\/lv\/wp-json\/wp\/v2\/comments?post=5687"}],"version-history":[{"count":1,"href":"https:\/\/lifevac.lt\/lv\/wp-json\/wp\/v2\/pages\/5687\/revisions"}],"predecessor-version":[{"id":5689,"href":"https:\/\/lifevac.lt\/lv\/wp-json\/wp\/v2\/pages\/5687\/revisions\/5689"}],"wp:attachment":[{"href":"https:\/\/lifevac.lt\/lv\/wp-json\/wp\/v2\/media?parent=5687"}],"curies":[{"name":"wp","href":"https:\/\/api.w.org\/{rel}","templated":true}]}}