{"id":6331,"date":"2025-09-15T08:14:29","date_gmt":"2025-09-15T08:14:29","guid":{"rendered":"https:\/\/lifevac.lt\/produktai\/3-x-lifevac-reisikomplekt-2-1-tasuta\/"},"modified":"2026-04-19T16:00:58","modified_gmt":"2026-04-19T16:00:58","slug":"3-x-lifevac-reisikomplekt-2-1-tasuta","status":"publish","type":"product","link":"https:\/\/lifevac.lt\/et\/tooteid\/3-x-lifevac-reisikomplekt-2-1-tasuta\/","title":{"rendered":"3 x LifeVac reisikomplekt &#8211; 2 + 1 tasuta"},"content":{"rendered":"<h2>LifeVac &#8211; elup\u00e4\u00e4stev l\u00e4mbumisseade<\/h2>\n<h2>Mis on LifeVac?<\/h2>\n<h2 style=\"font-style: normal;\"><img loading=\"lazy\" decoding=\"async\" class=\"alignright wp-image-2953 size-medium\" src=\"https:\/\/lifevac.lt\/wp-content\/uploads\/2024\/11\/LifeVac02.png-189x300.png\" alt=\"\" width=\"189\" height=\"300\" srcset=\"https:\/\/lifevac.lt\/wp-content\/uploads\/2024\/11\/LifeVac02.png-189x300.png 189w, https:\/\/lifevac.lt\/wp-content\/uploads\/2024\/11\/LifeVac02.png.png 427w\" sizes=\"auto, (max-width: 189px) 100vw, 189px\" \/><\/h2>\n<p>LifeVac on uuenduslik, patenteeritud seade, mis on m\u00f5eldud l\u00e4mbuvate inimeste p\u00e4\u00e4stmiseks. See t\u00f6\u00f6tab lihtsal, kuid t\u00f5husal p\u00f5him\u00f5ttel &#8211; see tekitab vaakumi, mis t\u00f5mbab v\u00f5\u00f5rkehad hingamisteedest v\u00e4lja. See seade on eriti kasulik h\u00e4daolukordades, kus hingamine on takistatud ja kiire sekkumine v\u00f5ib p\u00e4\u00e4sta elusid.  <\/p>\n<p>LifeVac&#8217;i puhul asetatakse seade k\u00f5igepealt patsiendi suhu. Tekib vaakum, mis t\u00f5mbab objekti sisse. T\u00e4nu sellele toimemehhanismile saavad LifeVac&#8217;i kasutada igas vanuses inimesed &#8211; nii lapsed kui ka t\u00e4iskasvanud. Eriti oluline on asjaolu, et seadet on lihtne kasutada, nii et isegi meditsiinilise v\u00e4lja\u00f5ppeta inimesed saavad kiiresti ja t\u00f5husalt reageerida l\u00e4mbumisjuhtumitele.   <\/p>\n<p>Seadmel on spetsiaalne \u00fchesuunaline klapp, mis <strong>takistab sekundaarset aspiratsiooni, tagades, et seade ei vigasta patsienti v\u00f5\u00f5rkeha eemaldamisel.<\/strong> LifeVac on mugav, sest see on kompaktne ja kaasaskantav, nii et seda saab kaasas kanda nii kodus kui ka s\u00f5idukites. Pikaajalised uuringud n\u00e4itavad, et LifeVac on v\u00e4ga t\u00f5hus ja selle kasutamine v\u00f5ib t\u00e4nu kiirele reageerimisele m\u00e4rkimisv\u00e4\u00e4rselt pikendada elulemust l\u00e4mbumisjuhtumite korral. <\/p>\n<p>Selle seadme eelised on ilmselged, eriti h\u00e4daolukordades. LifeVac pakub kiiret abi l\u00e4mbumise korral ja peaks olema olemas k\u00f5ikides kodudes ja avalikes kohtades, kus sellised katastroofid v\u00f5ivad toimuda. <\/p>\n<h2 style=\"text-align: center;\">Kuidas LifeVac t\u00f6\u00f6tab?<\/h2>\n<p>Kui tavap\u00e4rased elustamisprotokollid ei toimi, p\u00e4\u00e4stab LifeVac elusid.<\/p>\n<p><img loading=\"lazy\" decoding=\"async\" class=\"wp-image-3424 size-full aligncenter\" src=\"https:\/\/lifevac.lt\/wp-content\/uploads\/2024\/11\/uzdek-spausk-trauk.jpg\" alt=\"\" width=\"1316\" height=\"814\" srcset=\"https:\/\/lifevac.lt\/wp-content\/uploads\/2024\/11\/uzdek-spausk-trauk.jpg 1316w, https:\/\/lifevac.lt\/wp-content\/uploads\/2024\/11\/uzdek-spausk-trauk-300x186.jpg 300w, https:\/\/lifevac.lt\/wp-content\/uploads\/2024\/11\/uzdek-spausk-trauk-1024x633.jpg 1024w, https:\/\/lifevac.lt\/wp-content\/uploads\/2024\/11\/uzdek-spausk-trauk-768x475.jpg 768w, https:\/\/lifevac.lt\/wp-content\/uploads\/2024\/11\/uzdek-spausk-trauk-600x371.jpg 600w\" sizes=\"auto, (max-width: 1316px) 100vw, 1316px\" \/><\/p>\n<ol>\n<li>LifeVac&#8217;i kasutamiseks asetage mask ohvri suu ja nina kohale. Hoidke maski kindlalt kinni, kasutades oma v\u00e4hem domineerivat k\u00e4tt, tagades, et kannatanu pea on selili. <\/li>\n<li>Hoidke LifeVac&#8217;i k\u00e4epidet domineeriva k\u00e4ega, vajutage, et luua vaakum. Ei ole oluline, kui tugevalt te vajutate, sest \u00f5hk lihtsalt v\u00e4ljub klapi kaudu, mis takistab \u00f5hu sattumist l\u00e4mbuva inimese hingamisteedesse. <\/li>\n<li>Seej\u00e4rel t\u00f5mmake \u00e4kki k\u00e4epidemest \u00fclespoole. Takistus t\u00f5mmatakse ohvri kurgust v\u00e4lja. Imemise aeg on minimaalne, mis teeb LifeVac&#8217;i ohutuks ja t\u00f5husaks. Kui takistust ei eemaldata kohe, korrake kuni viis korda.   <\/li>\n<\/ol>\n<div class=\"ast-oembed-container \" style=\"height: 100%;\"><iframe loading=\"lazy\" title=\"How LifeVac Works\" width=\"500\" height=\"281\" src=\"https:\/\/www.youtube.com\/embed\/_Z_SN6D4rqE?feature=oembed\" frameborder=\"0\" allow=\"accelerometer; autoplay; clipboard-write; encrypted-media; gyroscope; picture-in-picture; web-share\" referrerpolicy=\"strict-origin-when-cross-origin\" allowfullscreen><\/iframe><\/div>\n","protected":false},"excerpt":{"rendered":"<p><strong>LifeVac reisikomplekt (3 tk) on praktiline lahendus peredele, ettev\u00f5tetele v\u00f5i reisigruppidele.<\/strong>Elup\u00e4\u00e4stevahend on mugavalt kaasas nii autos, kodus kui ka teel &#8211; veelgi suurema ohutuse tagamiseks l\u00e4mbumise korral.<\/p>\n<p>LifeVac on patenteeritud elup\u00e4\u00e4stevahend, mis on tunnustatud kui t\u00f5hus viis lapse v\u00f5i t\u00e4iskasvanu abistamiseks l\u00e4mbumise korral. Tunnustatud kui<span style=\"font-size: 16px; font-style: normal;\">maailma<\/span> nr. 1<span style=\"font-size: 16px;\"> l\u00e4mbumisaparaat.<\/span> <\/p>\n<p><img loading=\"lazy\" decoding=\"async\" class=\"alignnone wp-image-4088 size-full\" src=\"https:\/\/lifevac.lt\/wp-content\/uploads\/2024\/11\/CE-ISO-UKAS-BRITAIN.png\" alt=\"\" width=\"552\" height=\"143\" srcset=\"https:\/\/lifevac.lt\/wp-content\/uploads\/2024\/11\/CE-ISO-UKAS-BRITAIN.png 552w, https:\/\/lifevac.lt\/wp-content\/uploads\/2024\/11\/CE-ISO-UKAS-BRITAIN-300x78.png 300w\" sizes=\"auto, (max-width: 552px) 100vw, 552px\" \/><\/p>\n<p>Komplektis:<\/p>\n<ul>\n<li>3 x 1 LifeVac hingamisteede puhastusseade<\/li>\n<li>3 x 4 maski: 1 x mask suurusega L t\u00e4iskasvanutele, 1 x mask suurusega S v\u00e4ikestele t\u00e4iskasvanutele v\u00f5i lastele, 1 x lastemask, 1 x testmask.<\/li>\n<li>3 x 1 kasutusjuhend<\/li>\n<li>3 x 1 akna\/uksekleebis &#8211; teavitab teid sellest, et teil on LifeVac.<\/li>\n<li>3 x 1 kaasaskantav reisikott lukuga<\/li>\n<\/ul>\n","protected":false},"featured_media":6328,"comment_status":"closed","ping_status":"closed","template":"","meta":{"_uag_custom_page_level_css":"","_monsterinsights_skip_tracking":false,"_monsterinsights_sitenote_active":false,"_monsterinsights_sitenote_note":"","_monsterinsights_sitenote_category":0,"site-sidebar-layout":"default","site-content-layout":"","ast-site-content-layout":"default","site-content-style":"default","site-sidebar-style":"default","ast-global-header-display":"","ast-banner-title-visibility":"","ast-main-header-display":"","ast-hfb-above-header-display":"","ast-hfb-below-header-display":"","ast-hfb-mobile-header-display":"","site-post-title":"","ast-breadcrumbs-content":"","ast-featured-img":"","footer-sml-layout":"","ast-disable-related-posts":"","theme-transparent-header-meta":"default","adv-header-id-meta":"","stick-header-meta":"","header-above-stick-meta":"","header-main-stick-meta":"","header-below-stick-meta":"","astra-migrate-meta-layouts":"default","ast-page-background-enabled":"default","ast-page-background-meta":{"desktop":{"background-color":"","background-image":"","background-repeat":"repeat","background-position":"center center","background-size":"auto","background-attachment":"scroll","background-type":"","background-media":"","overlay-type":"","overlay-color":"","overlay-opacity":"","overlay-gradient":""},"tablet":{"background-color":"","background-image":"","background-repeat":"repeat","background-position":"center center","background-size":"auto","background-attachment":"scroll","background-type":"","background-media":"","overlay-type":"","overlay-color":"","overlay-opacity":"","overlay-gradient":""},"mobile":{"background-color":"","background-image":"","background-repeat":"repeat","background-position":"center center","background-size":"auto","background-attachment":"scroll","background-type":"","background-media":"","overlay-type":"","overlay-color":"","overlay-opacity":"","overlay-gradient":""}},"ast-content-background-meta":{"desktop":{"background-color":"var(--ast-global-color-5)","background-image":"","background-repeat":"repeat","background-position":"center center","background-size":"auto","background-attachment":"scroll","background-type":"","background-media":"","overlay-type":"","overlay-color":"","overlay-opacity":"","overlay-gradient":""},"tablet":{"background-color":"var(--ast-global-color-5)","background-image":"","background-repeat":"repeat","background-position":"center center","background-size":"auto","background-attachment":"scroll","background-type":"","background-media":"","overlay-type":"","overlay-color":"","overlay-opacity":"","overlay-gradient":""},"mobile":{"background-color":"var(--ast-global-color-5)","background-image":"","background-repeat":"repeat","background-position":"center center","background-size":"auto","background-attachment":"scroll","background-type":"","background-media":"","overlay-type":"","overlay-color":"","overlay-opacity":"","overlay-gradient":""}}},"product_brand":[],"product_cat":[84],"product_tag":[],"class_list":{"0":"post-6331","1":"product","2":"type-product","3":"status-publish","4":"has-post-thumbnail","6":"product_cat-lifevac-komplektid","7":"desktop-align-left","8":"tablet-align-left","9":"mobile-align-left","11":"first","12":"instock","13":"featured","14":"taxable","15":"shipping-taxable","16":"purchasable","17":"product-type-simple"},"aioseo_notices":[],"uagb_featured_image_src":{"full":["https:\/\/lifevac.lt\/wp-content\/uploads\/2025\/09\/Lifevac-3-uz-2-kaina.png",1024,1024,false],"thumbnail":["https:\/\/lifevac.lt\/wp-content\/uploads\/2025\/09\/Lifevac-3-uz-2-kaina-150x150.png",150,150,true],"medium":["https:\/\/lifevac.lt\/wp-content\/uploads\/2025\/09\/Lifevac-3-uz-2-kaina-300x300.png",300,300,true],"medium_large":["https:\/\/lifevac.lt\/wp-content\/uploads\/2025\/09\/Lifevac-3-uz-2-kaina-768x768.png",768,768,true],"large":["https:\/\/lifevac.lt\/wp-content\/uploads\/2025\/09\/Lifevac-3-uz-2-kaina.png",1024,1024,false],"1536x1536":["https:\/\/lifevac.lt\/wp-content\/uploads\/2025\/09\/Lifevac-3-uz-2-kaina.png",1024,1024,false],"2048x2048":["https:\/\/lifevac.lt\/wp-content\/uploads\/2025\/09\/Lifevac-3-uz-2-kaina.png",1024,1024,false],"woocommerce_thumbnail":["https:\/\/lifevac.lt\/wp-content\/uploads\/2025\/09\/Lifevac-3-uz-2-kaina-300x300.png",300,300,true],"woocommerce_single":["https:\/\/lifevac.lt\/wp-content\/uploads\/2025\/09\/Lifevac-3-uz-2-kaina-600x600.png",600,600,true],"woocommerce_gallery_thumbnail":["https:\/\/lifevac.lt\/wp-content\/uploads\/2025\/09\/Lifevac-3-uz-2-kaina-100x100.png",100,100,true]},"uagb_author_info":{"display_name":"sigitas@omvi.lt","author_link":"https:\/\/lifevac.lt\/et\/blog\/author\/"},"uagb_comment_info":0,"uagb_excerpt":"LifeVac reisikomplekt (3 tk) on praktiline lahendus peredele, ettev\u00f5tetele v\u00f5i reisigruppidele.Elup\u00e4\u00e4stevahend on mugavalt kaasas nii autos, kodus kui ka teel - veelgi suurema ohutuse tagamiseks l\u00e4mbumise korral. LifeVac on patenteeritud elup\u00e4\u00e4stevahend, mis on tunnustatud kui t\u00f5hus viis lapse v\u00f5i t\u00e4iskasvanu abistamiseks l\u00e4mbumise korral. Tunnustatud kuimaailma nr. 1 l\u00e4mbumisaparaat. Komplektis: 3 x 1 LifeVac hingamisteede puhastusseade&hellip;","_links":{"self":[{"href":"https:\/\/lifevac.lt\/et\/wp-json\/wp\/v2\/product\/6331","targetHints":{"allow":["GET"]}}],"collection":[{"href":"https:\/\/lifevac.lt\/et\/wp-json\/wp\/v2\/product"}],"about":[{"href":"https:\/\/lifevac.lt\/et\/wp-json\/wp\/v2\/types\/product"}],"replies":[{"embeddable":true,"href":"https:\/\/lifevac.lt\/et\/wp-json\/wp\/v2\/comments?post=6331"}],"wp:featuredmedia":[{"embeddable":true,"href":"https:\/\/lifevac.lt\/et\/wp-json\/wp\/v2\/media\/6328"}],"wp:attachment":[{"href":"https:\/\/lifevac.lt\/et\/wp-json\/wp\/v2\/media?parent=6331"}],"wp:term":[{"taxonomy":"product_brand","embeddable":true,"href":"https:\/\/lifevac.lt\/et\/wp-json\/wp\/v2\/product_brand?post=6331"},{"taxonomy":"product_cat","embeddable":true,"href":"https:\/\/lifevac.lt\/et\/wp-json\/wp\/v2\/product_cat?post=6331"},{"taxonomy":"product_tag","embeddable":true,"href":"https:\/\/lifevac.lt\/et\/wp-json\/wp\/v2\/product_tag?post=6331"}],"curies":[{"name":"wp","href":"https:\/\/api.w.org\/{rel}","templated":true}]}}