{"id":6008,"date":"2024-11-25T08:45:09","date_gmt":"2024-11-25T08:45:09","guid":{"rendered":"https:\/\/lifevac.lt\/produktai\/lifevac-reisikomplekt\/"},"modified":"2026-04-05T20:13:09","modified_gmt":"2026-04-05T20:13:09","slug":"lifevac-reisikomplekt","status":"publish","type":"product","link":"https:\/\/lifevac.lt\/et\/tooteid\/lifevac-reisikomplekt\/","title":{"rendered":"LifeVac reisikomplekt"},"content":{"rendered":"<h2>LifeVac &#8211; elup\u00e4\u00e4stev l\u00e4mbumisseade<\/h2>\n<h2>LifeVac reisikomplekt: sisu ja eelised<\/h2>\n<p><img loading=\"lazy\" decoding=\"async\" class=\"alignleft wp-image-3431 size-full\" src=\"https:\/\/lifevac.lt\/wp-content\/uploads\/2024\/11\/lifevac-travelkit-05.jpeg\" alt=\"\" width=\"500\" height=\"306\" srcset=\"https:\/\/lifevac.lt\/wp-content\/uploads\/2024\/11\/lifevac-travelkit-05.jpeg 500w, https:\/\/lifevac.lt\/wp-content\/uploads\/2024\/11\/lifevac-travelkit-05-300x184.jpeg 300w\" sizes=\"auto, (max-width: 500px) 100vw, 500px\" \/><\/p>\n<p>LifeVac Travel Kit on hoolikalt ettevalmistatud komplekt, mis on m\u00f5eldud ohutuse tagamiseks igas olukorras, eriti reisimisel. Komplekt sisaldab mitmeid olulisi komponente, mis on h\u00e4davajalikud t\u00f5husaks l\u00e4mbumisvastaseks v\u00f5itluseks. K\u00f5igepealt koosneb komplekt kolmest erineva suurusega maskist, mis sobivad eri vanuses ja kehakujulistele inimestele. Selline mitmek\u00fclgsus tagab maksimaalse t\u00f5hususe ja ohutuse, sest iga inimene, olenemata suurusest v\u00f5i vanusest, saab l\u00e4mbumise korral \u00f5iget abi. Selline lahendus v\u00f5imaldab LifeVac&#8217;i kasutada nii lastel kui ka t\u00e4iskasvanutel, mis on eriti oluline h\u00e4daolukordades.    <\/p>\n<p>&nbsp;<\/p>\n<p><img loading=\"lazy\" decoding=\"async\" class=\"alignright wp-image-3430 size-medium\" src=\"https:\/\/lifevac.lt\/wp-content\/uploads\/2024\/11\/photo6-300x200.jpg\" alt=\"\" width=\"300\" height=\"200\" srcset=\"https:\/\/lifevac.lt\/wp-content\/uploads\/2024\/11\/photo6-300x200.jpg 300w, https:\/\/lifevac.lt\/wp-content\/uploads\/2024\/11\/photo6-1024x681.jpg 1024w, https:\/\/lifevac.lt\/wp-content\/uploads\/2024\/11\/photo6-768x511.jpg 768w, https:\/\/lifevac.lt\/wp-content\/uploads\/2024\/11\/photo6-1536x1022.jpg 1536w, https:\/\/lifevac.lt\/wp-content\/uploads\/2024\/11\/photo6-2048x1363.jpg 2048w, https:\/\/lifevac.lt\/wp-content\/uploads\/2024\/11\/photo6-600x399.jpg 600w\" sizes=\"auto, (max-width: 300px) 100vw, 300px\" \/>Lisaks nendele maskidele on komplekti lisatud \u00fcks testmask, mis v\u00f5imaldab kasutajal veenduda, et LifeVac toode t\u00f6\u00f6tab korralikult ja on kasutusvalmis. Testmask, mis v\u00f5imaldab kasutajatel ohutult \u00f5ppida seadme kasutamist ilma igasuguse riskita. J  <span style=\"font-size: 16px\">See aitab teil omandada enesekindlust ja oskusi, tagades, et suudate reaalses olukorras kiiresti ja t\u00f5husalt tegutseda. Samuti on olemas kasutusjuhend, mis annab samm-sammult juhiseid, kuidas komplekti h\u00e4daolukorras kasutada. See juhend on oluline, et iga pereliige saaks \u00f5igel hetkel kiiresti tegutseda.  <\/span><\/p>\n<p>Komplektiga on kaasas ka akna- ja uksekleebised, mis v\u00f5ivad olla kasulikud, et teavitada teisi sellest, et LifeVac-komplekt on autos. See v\u00f5ib oluliselt suurendada abi kiirema saamise v\u00f5imalusi. <\/p>\n<p>L\u00f5puks mahuvad k\u00f5ik need komponendid mugavalt kandekotti, mis v\u00f5imaldab komplekti h\u00f5lpsasti kaasas kanda ja hoiustada k\u00f5ikidel reisidel. See ei ole mitte ainult praktiline, vaid ka oluline, et teie pere tunneks end turvaliselt, eriti lastega reisides, kui turvalisus on esmat\u00e4htis. <\/p>\n<p><img loading=\"lazy\" decoding=\"async\" class=\"aligncenter wp-image-3432 size-full\" src=\"https:\/\/lifevac.lt\/wp-content\/uploads\/2024\/11\/a02310b1-6173-43fa-8e56-32287fd3a30e.__CR0030501250_PT0_SX1464_V1___-e1732528950149.png\" alt=\"\" width=\"1464\" height=\"419\" srcset=\"https:\/\/lifevac.lt\/wp-content\/uploads\/2024\/11\/a02310b1-6173-43fa-8e56-32287fd3a30e.__CR0030501250_PT0_SX1464_V1___-e1732528950149.png 1464w, https:\/\/lifevac.lt\/wp-content\/uploads\/2024\/11\/a02310b1-6173-43fa-8e56-32287fd3a30e.__CR0030501250_PT0_SX1464_V1___-e1732528950149-300x86.png 300w, https:\/\/lifevac.lt\/wp-content\/uploads\/2024\/11\/a02310b1-6173-43fa-8e56-32287fd3a30e.__CR0030501250_PT0_SX1464_V1___-e1732528950149-1024x293.png 1024w, https:\/\/lifevac.lt\/wp-content\/uploads\/2024\/11\/a02310b1-6173-43fa-8e56-32287fd3a30e.__CR0030501250_PT0_SX1464_V1___-e1732528950149-768x220.png 768w, https:\/\/lifevac.lt\/wp-content\/uploads\/2024\/11\/a02310b1-6173-43fa-8e56-32287fd3a30e.__CR0030501250_PT0_SX1464_V1___-e1732528950149-600x172.png 600w\" sizes=\"auto, (max-width: 1464px) 100vw, 1464px\" \/><\/p>\n<section id=\"shopify-section-template--16653711769820__16617174305670894b\" class=\"shopify-section section\">\n<div class=\"color-background-1 gradient\">\n<div class=\"video-section isolate page-width section-template--16653711769820__16617174305670894b-padding\">\n<div class=\"title-wrapper title-wrapper--no-top-margin\">\n<p><span style=\"color: #0000ff\"><strong><em><a style=\"color: #0000ff\" href=\"https:\/\/lifevac.lt\/et\/edulood\/\">Lugege lugusid sellest, kuidas LifeVac on p\u00e4\u00e4stnud elusid.<\/a><\/em><\/strong><\/span><\/p>\n<\/div>\n<\/div>\n<\/div>\n<\/section>\n<h2>Mis on LifeVac?<\/h2>\n<h2 style=\"font-style: normal\"><img loading=\"lazy\" decoding=\"async\" class=\"alignright wp-image-2953 size-medium\" src=\"https:\/\/lifevac.lt\/wp-content\/uploads\/2024\/11\/LifeVac02.png-189x300.png\" alt=\"\" width=\"189\" height=\"300\" srcset=\"https:\/\/lifevac.lt\/wp-content\/uploads\/2024\/11\/LifeVac02.png-189x300.png 189w, https:\/\/lifevac.lt\/wp-content\/uploads\/2024\/11\/LifeVac02.png.png 427w\" sizes=\"auto, (max-width: 189px) 100vw, 189px\" \/><\/h2>\n<p>LifeVac on uuenduslik, patenteeritud seade, mis on m\u00f5eldud l\u00e4mbuvate inimeste p\u00e4\u00e4stmiseks. See t\u00f6\u00f6tab lihtsal, kuid t\u00f5husal p\u00f5him\u00f5ttel &#8211; see tekitab vaakumi, mis t\u00f5mbab v\u00f5\u00f5rkehad hingamisteedest v\u00e4lja. See seade on eriti kasulik h\u00e4daolukordades, kus hingamine on takistatud ja kiire sekkumine v\u00f5ib p\u00e4\u00e4sta elusid.  <\/p>\n<p>LifeVac&#8217;i puhul asetatakse seade k\u00f5igepealt patsiendi suhu. Tekib vaakum, mis t\u00f5mbab objekti sisse. T\u00e4nu sellele toimemehhanismile saavad LifeVac&#8217;i kasutada igas vanuses inimesed &#8211; nii lapsed kui ka t\u00e4iskasvanud. Eriti oluline on asjaolu, et seadet on lihtne kasutada, nii et isegi meditsiinilise v\u00e4lja\u00f5ppeta inimesed saavad kiiresti ja t\u00f5husalt reageerida l\u00e4mbumisjuhtumitele.   <\/p>\n<p>Seadmel on spetsiaalne \u00fchesuunaline klapp, mis <strong>takistab sekundaarset aspiratsiooni, tagades, et seade ei vigasta patsienti v\u00f5\u00f5rkeha eemaldamisel.<\/strong> LifeVac on mugav, sest see on kompaktne ja kaasaskantav, nii et seda saab kaasas kanda nii kodus kui ka s\u00f5idukites. Pikaajalised uuringud n\u00e4itavad, et LifeVac on v\u00e4ga t\u00f5hus ja selle kasutamine v\u00f5ib t\u00e4nu kiirele reageerimisele m\u00e4rkimisv\u00e4\u00e4rselt pikendada elulemust l\u00e4mbumisjuhtumite korral. <\/p>\n<p>Selle seadme eelised on ilmselged, eriti h\u00e4daolukordades. LifeVac pakub kiiret abi l\u00e4mbumise korral ja peaks olema olemas k\u00f5ikides kodudes ja avalikes kohtades, kus sellised katastroofid v\u00f5ivad toimuda. <\/p>\n<h2 style=\"text-align: center\">Kuidas LifeVac t\u00f6\u00f6tab?<\/h2>\n<p>Kui tavap\u00e4rased elustamisprotokollid ei toimi, p\u00e4\u00e4stab LifeVac elusid.<\/p>\n<p><img loading=\"lazy\" decoding=\"async\" class=\"wp-image-3424 size-full aligncenter\" src=\"https:\/\/lifevac.lt\/wp-content\/uploads\/2024\/11\/uzdek-spausk-trauk.jpg\" alt=\"\" width=\"1316\" height=\"814\" srcset=\"https:\/\/lifevac.lt\/wp-content\/uploads\/2024\/11\/uzdek-spausk-trauk.jpg 1316w, https:\/\/lifevac.lt\/wp-content\/uploads\/2024\/11\/uzdek-spausk-trauk-300x186.jpg 300w, https:\/\/lifevac.lt\/wp-content\/uploads\/2024\/11\/uzdek-spausk-trauk-1024x633.jpg 1024w, https:\/\/lifevac.lt\/wp-content\/uploads\/2024\/11\/uzdek-spausk-trauk-768x475.jpg 768w, https:\/\/lifevac.lt\/wp-content\/uploads\/2024\/11\/uzdek-spausk-trauk-600x371.jpg 600w\" sizes=\"auto, (max-width: 1316px) 100vw, 1316px\" \/><\/p>\n<ol>\n<li>LifeVac&#8217;i kasutamiseks asetage mask ohvri suu ja nina kohale. Hoidke maski kindlalt kinni, kasutades oma v\u00e4hem domineerivat k\u00e4tt, tagades, et kannatanu pea on selili. <\/li>\n<li>Hoidke LifeVac&#8217;i k\u00e4epidet domineeriva k\u00e4ega, vajutage, et luua vaakum. Ei ole oluline, kui tugevalt te vajutate, sest \u00f5hk lihtsalt v\u00e4ljub klapi kaudu, mis takistab \u00f5hu sattumist l\u00e4mbuva inimese hingamisteedesse. <\/li>\n<li>Seej\u00e4rel t\u00f5mmake \u00e4kki k\u00e4epidemest \u00fclespoole. Takistus t\u00f5mmatakse ohvri kurgust v\u00e4lja. Imemise aeg on minimaalne, mis teeb LifeVac&#8217;i ohutuks ja t\u00f5husaks. Kui takistust ei eemaldata kohe, korrake kuni viis korda.   <\/li>\n<\/ol>\n<div class=\"ast-oembed-container \" style=\"height: 100%;\"><iframe loading=\"lazy\" title=\"How LifeVac Works\" width=\"500\" height=\"281\" src=\"https:\/\/www.youtube.com\/embed\/_Z_SN6D4rqE?feature=oembed\" frameborder=\"0\" allow=\"accelerometer; autoplay; clipboard-write; encrypted-media; gyroscope; picture-in-picture; web-share\" referrerpolicy=\"strict-origin-when-cross-origin\" allowfullscreen><\/iframe><\/div>\n","protected":false},"excerpt":{"rendered":"<p>LifeVac Travel Kit on kompaktne, kaasaskantav ja elup\u00e4\u00e4stev lahendus l\u00e4mbumise korral reisil. See sobib ideaalselt reisimiseks, sest see mahub h\u00f5lpsasti kohvrisse, seljakotti v\u00f5i autosse, mist\u00f5ttu on see ideaalne perekondadele v\u00f5i k\u00f5igile, kes soovivad teel olles meelerahu. Olge turvaline, kuhu iganes te ka ei l\u00e4heksite.  <\/p>\n<p>LifeVac on patenteeritud elup\u00e4\u00e4stevahend, mis on tunnustatud kui t\u00f5hus viis lapse v\u00f5i t\u00e4iskasvanu abistamiseks l\u00e4mbumise korral. Tunnustatud kui<span style=\"font-size: 16px;font-style: normal\">maailma<\/span> nr. 1<span style=\"font-size: 16px\"> l\u00e4mbumisaparaat.<\/span> <\/p>\n<p><img loading=\"lazy\" decoding=\"async\" class=\"alignnone wp-image-4088 size-full\" src=\"https:\/\/lifevac.lt\/wp-content\/uploads\/2024\/11\/CE-ISO-UKAS-BRITAIN.png\" alt=\"\" width=\"552\" height=\"143\" srcset=\"https:\/\/lifevac.lt\/wp-content\/uploads\/2024\/11\/CE-ISO-UKAS-BRITAIN.png 552w, https:\/\/lifevac.lt\/wp-content\/uploads\/2024\/11\/CE-ISO-UKAS-BRITAIN-300x78.png 300w\" sizes=\"auto, (max-width: 552px) 100vw, 552px\" \/><\/p>\n<p>Komplektis:<\/p>\n<ul>\n<li>LifeVac hingamisteede puhastusseade<\/li>\n<li>1x mask suurus L- t\u00e4iskasvanu<\/li>\n<li>1 x mask suurus S &#8211; v\u00e4ikestele t\u00e4iskasvanutele v\u00f5i lastele<\/li>\n<li>1 x lastemask<\/li>\n<li>1 x testmask<\/li>\n<li>1 x kasutusjuhend<\/li>\n<li>1 x akna\/ukse kleebis &#8211; teavitamaks teid sellest, et teil on LifeVac.<\/li>\n<li>1 x kaasaskantav reisikott lukuga<\/li>\n<\/ul>\n","protected":false},"featured_media":6009,"comment_status":"closed","ping_status":"closed","template":"","meta":{"_uag_custom_page_level_css":"","_monsterinsights_skip_tracking":false,"_monsterinsights_sitenote_active":false,"_monsterinsights_sitenote_note":"","_monsterinsights_sitenote_category":0,"site-sidebar-layout":"default","site-content-layout":"","ast-site-content-layout":"default","site-content-style":"default","site-sidebar-style":"default","ast-global-header-display":"","ast-banner-title-visibility":"","ast-main-header-display":"","ast-hfb-above-header-display":"","ast-hfb-below-header-display":"","ast-hfb-mobile-header-display":"","site-post-title":"","ast-breadcrumbs-content":"","ast-featured-img":"","footer-sml-layout":"","ast-disable-related-posts":"","theme-transparent-header-meta":"default","adv-header-id-meta":"","stick-header-meta":"","header-above-stick-meta":"","header-main-stick-meta":"","header-below-stick-meta":"","astra-migrate-meta-layouts":"default","ast-page-background-enabled":"default","ast-page-background-meta":{"desktop":{"background-color":"","background-image":"","background-repeat":"repeat","background-position":"center center","background-size":"auto","background-attachment":"scroll","background-type":"","background-media":"","overlay-type":"","overlay-color":"","overlay-opacity":"","overlay-gradient":""},"tablet":{"background-color":"","background-image":"","background-repeat":"repeat","background-position":"center center","background-size":"auto","background-attachment":"scroll","background-type":"","background-media":"","overlay-type":"","overlay-color":"","overlay-opacity":"","overlay-gradient":""},"mobile":{"background-color":"","background-image":"","background-repeat":"repeat","background-position":"center center","background-size":"auto","background-attachment":"scroll","background-type":"","background-media":"","overlay-type":"","overlay-color":"","overlay-opacity":"","overlay-gradient":""}},"ast-content-background-meta":{"desktop":{"background-color":"var(--ast-global-color-5)","background-image":"","background-repeat":"repeat","background-position":"center center","background-size":"auto","background-attachment":"scroll","background-type":"","background-media":"","overlay-type":"","overlay-color":"","overlay-opacity":"","overlay-gradient":""},"tablet":{"background-color":"var(--ast-global-color-5)","background-image":"","background-repeat":"repeat","background-position":"center center","background-size":"auto","background-attachment":"scroll","background-type":"","background-media":"","overlay-type":"","overlay-color":"","overlay-opacity":"","overlay-gradient":""},"mobile":{"background-color":"var(--ast-global-color-5)","background-image":"","background-repeat":"repeat","background-position":"center center","background-size":"auto","background-attachment":"scroll","background-type":"","background-media":"","overlay-type":"","overlay-color":"","overlay-opacity":"","overlay-gradient":""}}},"product_brand":[],"product_cat":[84],"product_tag":[],"class_list":{"0":"post-6008","1":"product","2":"type-product","3":"status-publish","4":"has-post-thumbnail","6":"product_cat-lifevac-komplektid","7":"desktop-align-left","8":"tablet-align-left","9":"mobile-align-left","11":"first","12":"instock","13":"sale","14":"featured","15":"taxable","16":"shipping-taxable","17":"purchasable","18":"product-type-simple"},"aioseo_notices":[],"uagb_featured_image_src":{"full":["https:\/\/lifevac.lt\/wp-content\/uploads\/2024\/11\/LifeVac-kelioninis-rinkinys.jpg",2500,2500,false],"thumbnail":["https:\/\/lifevac.lt\/wp-content\/uploads\/2024\/11\/LifeVac-kelioninis-rinkinys-150x150.jpg",150,150,true],"medium":["https:\/\/lifevac.lt\/wp-content\/uploads\/2024\/11\/LifeVac-kelioninis-rinkinys-300x300.jpg",300,300,true],"medium_large":["https:\/\/lifevac.lt\/wp-content\/uploads\/2024\/11\/LifeVac-kelioninis-rinkinys-768x768.jpg",768,768,true],"large":["https:\/\/lifevac.lt\/wp-content\/uploads\/2024\/11\/LifeVac-kelioninis-rinkinys-1024x1024.jpg",1024,1024,true],"1536x1536":["https:\/\/lifevac.lt\/wp-content\/uploads\/2024\/11\/LifeVac-kelioninis-rinkinys-1536x1536.jpg",1536,1536,true],"2048x2048":["https:\/\/lifevac.lt\/wp-content\/uploads\/2024\/11\/LifeVac-kelioninis-rinkinys-2048x2048.jpg",2048,2048,true],"woocommerce_thumbnail":["https:\/\/lifevac.lt\/wp-content\/uploads\/2024\/11\/LifeVac-kelioninis-rinkinys-300x300.jpg",300,300,true],"woocommerce_single":["https:\/\/lifevac.lt\/wp-content\/uploads\/2024\/11\/LifeVac-kelioninis-rinkinys-600x600.jpg",600,600,true],"woocommerce_gallery_thumbnail":["https:\/\/lifevac.lt\/wp-content\/uploads\/2024\/11\/LifeVac-kelioninis-rinkinys-100x100.jpg",100,100,true]},"uagb_author_info":{"display_name":"sigitas@omvi.lt","author_link":"https:\/\/lifevac.lt\/et\/blog\/author\/"},"uagb_comment_info":0,"uagb_excerpt":"LifeVac Travel Kit on kompaktne, kaasaskantav ja elup\u00e4\u00e4stev lahendus l\u00e4mbumise korral reisil. See sobib ideaalselt reisimiseks, sest see mahub h\u00f5lpsasti kohvrisse, seljakotti v\u00f5i autosse, mist\u00f5ttu on see ideaalne perekondadele v\u00f5i k\u00f5igile, kes soovivad teel olles meelerahu. Olge turvaline, kuhu iganes te ka ei l\u00e4heksite. LifeVac on patenteeritud elup\u00e4\u00e4stevahend, mis on tunnustatud kui t\u00f5hus viis lapse&hellip;","_links":{"self":[{"href":"https:\/\/lifevac.lt\/et\/wp-json\/wp\/v2\/product\/6008","targetHints":{"allow":["GET"]}}],"collection":[{"href":"https:\/\/lifevac.lt\/et\/wp-json\/wp\/v2\/product"}],"about":[{"href":"https:\/\/lifevac.lt\/et\/wp-json\/wp\/v2\/types\/product"}],"replies":[{"embeddable":true,"href":"https:\/\/lifevac.lt\/et\/wp-json\/wp\/v2\/comments?post=6008"}],"wp:featuredmedia":[{"embeddable":true,"href":"https:\/\/lifevac.lt\/et\/wp-json\/wp\/v2\/media\/6009"}],"wp:attachment":[{"href":"https:\/\/lifevac.lt\/et\/wp-json\/wp\/v2\/media?parent=6008"}],"wp:term":[{"taxonomy":"product_brand","embeddable":true,"href":"https:\/\/lifevac.lt\/et\/wp-json\/wp\/v2\/product_brand?post=6008"},{"taxonomy":"product_cat","embeddable":true,"href":"https:\/\/lifevac.lt\/et\/wp-json\/wp\/v2\/product_cat?post=6008"},{"taxonomy":"product_tag","embeddable":true,"href":"https:\/\/lifevac.lt\/et\/wp-json\/wp\/v2\/product_tag?post=6008"}],"curies":[{"name":"wp","href":"https:\/\/api.w.org\/{rel}","templated":true}]}}