{"id":5995,"date":"2024-11-25T12:34:49","date_gmt":"2024-11-25T12:34:49","guid":{"rendered":"https:\/\/lifevac.lt\/produktai\/lifevac-komplekt-esmareageerijatele\/"},"modified":"2025-09-15T16:10:01","modified_gmt":"2025-09-15T16:10:01","slug":"lifevac-komplekt-esmareageerijatele","status":"publish","type":"product","link":"https:\/\/lifevac.lt\/et\/tooteid\/lifevac-komplekt-esmareageerijatele\/","title":{"rendered":"LifeVac komplekt esmareageerijatele"},"content":{"rendered":"<h2>LifeVac &#8211; elup\u00e4\u00e4stev l\u00e4mbumisseade<\/h2>\n<h2>Mis on LifeVac-komplekt esmareageerijatele?<\/h2>\n<p>LifeVac esmaabikomplekt on m\u00f5eldud spetsiaalselt professionaalsetele p\u00e4\u00e4steteenistujatele, nagu politseinikud, tulet\u00f5rjujad, kiirabi ja parameedikud. Komplekt sisaldab uuenduslikku LifeVac hingamisteede vabastamisvahendit, mis on v\u00e4lja t\u00f6\u00f6tatud l\u00e4mbumisolukordade t\u00f5husaks lahendamiseks. Komplekt on kompaktne ja kergesti k\u00e4ttesaadav, v\u00f5imaldades kiiret reageerimist kriitilistes olukordades, kus iga sekund v\u00f5ib olla otsustav.  <\/p>\n<p>LifeVac seade t\u00f6\u00f6tab lihtsal ja t\u00f5husal viisil: see tekitab negatiivse r\u00f5hu, mis t\u00f5mbab obstruktsiooni hingamisteedest v\u00e4lja. Komplektis on t\u00e4iskasvanute ja laste maskid, et seadet saaks kasutada eri vanuses patsiendid. Need maskid on valmistatud kvaliteetsetest materjalidest ning tagavad kindla ja turvalise istuvuse n\u00e4ole, mis v\u00f5imaldab LifeVac&#8217;i maksimaalset t\u00f5husust maksimeerida.  <\/p>\n<section id=\"shopify-section-template--16653711769820__16617174305670894b\" class=\"shopify-section section\">\n<div class=\"color-background-1 gradient\">\n<div class=\"video-section isolate page-width section-template--16653711769820__16617174305670894b-padding\">\n<div class=\"title-wrapper title-wrapper--no-top-margin\">\n<p><span style=\"color: #0000ff\"><strong><em><a style=\"color: #0000ff\" href=\"https:\/\/lifevac.lt\/et\/edulood\/\">Lugege lugusid sellest, kuidas LifeVac on p\u00e4\u00e4stnud elusid.<\/a><\/em><\/strong><\/span><\/p>\n<\/div>\n<\/div>\n<\/div>\n<\/section>\n<h2>Mis on LifeVac?<\/h2>\n<h2 style=\"font-style: normal\"><img loading=\"lazy\" decoding=\"async\" class=\"alignright wp-image-2953 size-medium\" src=\"https:\/\/lifevac.lt\/wp-content\/uploads\/2024\/11\/LifeVac02.png-189x300.png\" alt=\"\" width=\"189\" height=\"300\" srcset=\"https:\/\/lifevac.lt\/wp-content\/uploads\/2024\/11\/LifeVac02.png-189x300.png 189w, https:\/\/lifevac.lt\/wp-content\/uploads\/2024\/11\/LifeVac02.png.png 427w\" sizes=\"auto, (max-width: 189px) 100vw, 189px\" \/><\/h2>\n<p>LifeVac on uuenduslik, patenteeritud seade, mis on m\u00f5eldud l\u00e4mbuvate inimeste p\u00e4\u00e4stmiseks. See t\u00f6\u00f6tab lihtsal, kuid t\u00f5husal p\u00f5him\u00f5ttel &#8211; see tekitab vaakumi, mis t\u00f5mbab v\u00f5\u00f5rkehad hingamisteedest v\u00e4lja. See seade on eriti kasulik h\u00e4daolukordades, kus hingamine on takistatud ja kiire sekkumine v\u00f5ib p\u00e4\u00e4sta elusid.  <\/p>\n<p>LifeVac&#8217;i puhul asetatakse seade k\u00f5igepealt patsiendi suhu. Tekib vaakum, mis t\u00f5mbab objekti sisse. T\u00e4nu sellele toimemehhanismile saavad LifeVac&#8217;i kasutada igas vanuses inimesed &#8211; nii lapsed kui ka t\u00e4iskasvanud. Eriti oluline on asjaolu, et seadet on lihtne kasutada, nii et isegi meditsiinilise v\u00e4lja\u00f5ppeta inimesed saavad kiiresti ja t\u00f5husalt reageerida l\u00e4mbumisjuhtumitele.   <\/p>\n<p>Seadmel on spetsiaalne \u00fchesuunaline klapp, mis <strong>takistab sekundaarset aspiratsiooni, tagades, et seade ei vigasta patsienti v\u00f5\u00f5rkeha eemaldamisel.<\/strong> LifeVac on mugav, sest see on kompaktne ja kaasaskantav, nii et seda saab kaasas kanda nii kodus kui ka s\u00f5idukites. Pikaajalised uuringud n\u00e4itavad, et LifeVac on v\u00e4ga t\u00f5hus ja selle kasutamine v\u00f5ib t\u00e4nu kiirele reageerimisele m\u00e4rkimisv\u00e4\u00e4rselt pikendada elulemust l\u00e4mbumisjuhtumite korral. <\/p>\n<p>Selle seadme eelised on ilmselged, eriti h\u00e4daolukordades. LifeVac pakub kiiret abi l\u00e4mbumise korral ja peaks olema olemas k\u00f5ikides kodudes ja avalikes kohtades, kus sellised katastroofid v\u00f5ivad toimuda. <\/p>\n<h2 style=\"text-align: center\">Kuidas LifeVac t\u00f6\u00f6tab?<\/h2>\n<p>Kui tavap\u00e4rased elustamisprotokollid ei toimi, p\u00e4\u00e4stab LifeVac elusid.<\/p>\n<p><img loading=\"lazy\" decoding=\"async\" class=\"wp-image-3424 size-full aligncenter\" src=\"https:\/\/lifevac.lt\/wp-content\/uploads\/2024\/11\/uzdek-spausk-trauk.jpg\" alt=\"\" width=\"1316\" height=\"814\" srcset=\"https:\/\/lifevac.lt\/wp-content\/uploads\/2024\/11\/uzdek-spausk-trauk.jpg 1316w, https:\/\/lifevac.lt\/wp-content\/uploads\/2024\/11\/uzdek-spausk-trauk-300x186.jpg 300w, https:\/\/lifevac.lt\/wp-content\/uploads\/2024\/11\/uzdek-spausk-trauk-1024x633.jpg 1024w, https:\/\/lifevac.lt\/wp-content\/uploads\/2024\/11\/uzdek-spausk-trauk-768x475.jpg 768w, https:\/\/lifevac.lt\/wp-content\/uploads\/2024\/11\/uzdek-spausk-trauk-600x371.jpg 600w\" sizes=\"auto, (max-width: 1316px) 100vw, 1316px\" \/><\/p>\n<ol>\n<li>LifeVac&#8217;i kasutamiseks asetage mask ohvri suu ja nina kohale. Hoidke maski kindlalt kinni, kasutades oma v\u00e4hem domineerivat k\u00e4tt, tagades, et kannatanu pea on selili. <\/li>\n<li>Hoidke LifeVac&#8217;i k\u00e4epidet domineeriva k\u00e4ega, vajutage, et luua vaakum. Ei ole oluline, kui tugevalt te vajutate, sest \u00f5hk lihtsalt v\u00e4ljub klapi kaudu, mis takistab \u00f5hu sattumist l\u00e4mbuva inimese hingamisteedesse. <\/li>\n<li>Seej\u00e4rel t\u00f5mmake \u00e4kki k\u00e4epidemest \u00fclespoole. Takistus t\u00f5mmatakse ohvri kurgust v\u00e4lja. Imemise aeg on minimaalne, mis teeb LifeVac&#8217;i ohutuks ja t\u00f5husaks. Kui takistust ei eemaldata kohe, korrake kuni viis korda.   <\/li>\n<\/ol>\n<div class=\"ast-oembed-container \" style=\"height: 100%;\"><iframe loading=\"lazy\" title=\"How LifeVac Works\" width=\"500\" height=\"281\" src=\"https:\/\/www.youtube.com\/embed\/_Z_SN6D4rqE?feature=oembed\" frameborder=\"0\" allow=\"accelerometer; autoplay; clipboard-write; encrypted-media; gyroscope; picture-in-picture; web-share\" referrerpolicy=\"strict-origin-when-cross-origin\" allowfullscreen><\/iframe><\/div>\n","protected":false},"excerpt":{"rendered":"<p>LifeVac esmaabikomplekt on lahutamatu osa esmareageerijate, n\u00e4iteks politsei, tulet\u00f5rjujate, kiirabi ja parameedikute varustusest. See komplekt on m\u00f5eldud kiireks ja t\u00f5husaks reageerimiseks l\u00e4mbumise korral ja v\u00f5ib p\u00e4\u00e4sta elusid, kui iga sekund loeb. Olge valmis tegutsema ja aitama &#8211; LifeVaciga on teie meeskond alati valmis!  <\/p>\n<p><img loading=\"lazy\" decoding=\"async\" class=\"alignnone wp-image-3929\" src=\"https:\/\/lifevac.lt\/wp-content\/uploads\/2024\/11\/ce-mark-300x211.webp\" alt=\"\" width=\"184\" height=\"130\" srcset=\"https:\/\/lifevac.lt\/wp-content\/uploads\/2024\/11\/ce-mark-300x211.webp 300w, https:\/\/lifevac.lt\/wp-content\/uploads\/2024\/11\/ce-mark-1024x722.webp 1024w, https:\/\/lifevac.lt\/wp-content\/uploads\/2024\/11\/ce-mark-768x541.webp 768w, https:\/\/lifevac.lt\/wp-content\/uploads\/2024\/11\/ce-mark-600x423.webp 600w, https:\/\/lifevac.lt\/wp-content\/uploads\/2024\/11\/ce-mark.webp 1192w\" sizes=\"auto, (max-width: 184px) 100vw, 184px\" \/><img loading=\"lazy\" decoding=\"async\" class=\"alignnone wp-image-3666\" src=\"https:\/\/lifevac.lt\/wp-content\/uploads\/2024\/11\/isocred-300x212.jpg\" alt=\"\" width=\"184\" height=\"130\" srcset=\"https:\/\/lifevac.lt\/wp-content\/uploads\/2024\/11\/isocred-300x212.jpg 300w, https:\/\/lifevac.lt\/wp-content\/uploads\/2024\/11\/isocred-1024x724.jpg 1024w, https:\/\/lifevac.lt\/wp-content\/uploads\/2024\/11\/isocred-768x543.jpg 768w, https:\/\/lifevac.lt\/wp-content\/uploads\/2024\/11\/isocred-1536x1086.jpg 1536w, https:\/\/lifevac.lt\/wp-content\/uploads\/2024\/11\/isocred-2048x1448.jpg 2048w, https:\/\/lifevac.lt\/wp-content\/uploads\/2024\/11\/isocred-600x424.jpg 600w\" sizes=\"auto, (max-width: 184px) 100vw, 184px\" \/><img loading=\"lazy\" decoding=\"async\" class=\"alignnone wp-image-3930\" src=\"https:\/\/lifevac.lt\/wp-content\/uploads\/2024\/11\/mib-300x100.webp\" alt=\"\" width=\"184\" height=\"62\" srcset=\"https:\/\/lifevac.lt\/wp-content\/uploads\/2024\/11\/mib-300x100.webp 300w, https:\/\/lifevac.lt\/wp-content\/uploads\/2024\/11\/mib-1024x343.webp 1024w, https:\/\/lifevac.lt\/wp-content\/uploads\/2024\/11\/mib-768x257.webp 768w, https:\/\/lifevac.lt\/wp-content\/uploads\/2024\/11\/mib-1536x514.webp 1536w, https:\/\/lifevac.lt\/wp-content\/uploads\/2024\/11\/mib-2048x686.webp 2048w, https:\/\/lifevac.lt\/wp-content\/uploads\/2024\/11\/mib-600x201.webp 600w\" sizes=\"auto, (max-width: 184px) 100vw, 184px\" \/><\/p>\n<p><strong>Komplektis:<\/strong><\/p>\n<ul>\n<li><strong>LifeVac hingamisteede puhastusseade<\/strong><\/li>\n<li><strong>1 x lastemask<\/strong><\/li>\n<li><strong>1 x mask suurus S &#8211; v\u00e4ikestele t\u00e4iskasvanutele v\u00f5i lastele<\/strong><\/li>\n<li><strong>1 x mask suurus M  <\/strong><\/li>\n<li><strong>1 x mask suurus L<\/strong><\/li>\n<li><strong>1 x mask suurus XL<\/strong><\/li>\n<li><strong>1 x testmask<\/strong><\/li>\n<li><strong>1 x kasutusjuhend<\/strong><\/li>\n<li><strong>1 x akna\/ukse kleebis &#8211; teavitamaks teid sellest, et teil on LifeVac.<\/strong><\/li>\n<\/ul>\n","protected":false},"featured_media":5996,"comment_status":"closed","ping_status":"closed","template":"","meta":{"_uag_custom_page_level_css":"","_monsterinsights_skip_tracking":false,"_monsterinsights_sitenote_active":false,"_monsterinsights_sitenote_note":"","_monsterinsights_sitenote_category":0,"site-sidebar-layout":"default","site-content-layout":"","ast-site-content-layout":"default","site-content-style":"default","site-sidebar-style":"default","ast-global-header-display":"","ast-banner-title-visibility":"","ast-main-header-display":"","ast-hfb-above-header-display":"","ast-hfb-below-header-display":"","ast-hfb-mobile-header-display":"","site-post-title":"","ast-breadcrumbs-content":"","ast-featured-img":"","footer-sml-layout":"","ast-disable-related-posts":"","theme-transparent-header-meta":"default","adv-header-id-meta":"","stick-header-meta":"","header-above-stick-meta":"","header-main-stick-meta":"","header-below-stick-meta":"","astra-migrate-meta-layouts":"default","ast-page-background-enabled":"default","ast-page-background-meta":{"desktop":{"background-color":"","background-image":"","background-repeat":"repeat","background-position":"center center","background-size":"auto","background-attachment":"scroll","background-type":"","background-media":"","overlay-type":"","overlay-color":"","overlay-opacity":"","overlay-gradient":""},"tablet":{"background-color":"","background-image":"","background-repeat":"repeat","background-position":"center center","background-size":"auto","background-attachment":"scroll","background-type":"","background-media":"","overlay-type":"","overlay-color":"","overlay-opacity":"","overlay-gradient":""},"mobile":{"background-color":"","background-image":"","background-repeat":"repeat","background-position":"center center","background-size":"auto","background-attachment":"scroll","background-type":"","background-media":"","overlay-type":"","overlay-color":"","overlay-opacity":"","overlay-gradient":""}},"ast-content-background-meta":{"desktop":{"background-color":"var(--ast-global-color-5)","background-image":"","background-repeat":"repeat","background-position":"center center","background-size":"auto","background-attachment":"scroll","background-type":"","background-media":"","overlay-type":"","overlay-color":"","overlay-opacity":"","overlay-gradient":""},"tablet":{"background-color":"var(--ast-global-color-5)","background-image":"","background-repeat":"repeat","background-position":"center center","background-size":"auto","background-attachment":"scroll","background-type":"","background-media":"","overlay-type":"","overlay-color":"","overlay-opacity":"","overlay-gradient":""},"mobile":{"background-color":"var(--ast-global-color-5)","background-image":"","background-repeat":"repeat","background-position":"center center","background-size":"auto","background-attachment":"scroll","background-type":"","background-media":"","overlay-type":"","overlay-color":"","overlay-opacity":"","overlay-gradient":""}}},"product_brand":[],"product_cat":[84],"product_tag":[],"class_list":{"0":"post-5995","1":"product","2":"type-product","3":"status-publish","4":"has-post-thumbnail","6":"product_cat-lifevac-komplektid","7":"desktop-align-left","8":"tablet-align-left","9":"mobile-align-left","11":"first","12":"instock","13":"featured","14":"taxable","15":"shipping-taxable","16":"purchasable","17":"product-type-simple"},"aioseo_notices":[],"uagb_featured_image_src":{"full":["https:\/\/lifevac.lt\/wp-content\/uploads\/2024\/11\/EMS-Kit.jpg",2000,2000,false],"thumbnail":["https:\/\/lifevac.lt\/wp-content\/uploads\/2024\/11\/EMS-Kit-150x150.jpg",150,150,true],"medium":["https:\/\/lifevac.lt\/wp-content\/uploads\/2024\/11\/EMS-Kit-300x300.jpg",300,300,true],"medium_large":["https:\/\/lifevac.lt\/wp-content\/uploads\/2024\/11\/EMS-Kit-768x768.jpg",768,768,true],"large":["https:\/\/lifevac.lt\/wp-content\/uploads\/2024\/11\/EMS-Kit-1024x1024.jpg",1024,1024,true],"1536x1536":["https:\/\/lifevac.lt\/wp-content\/uploads\/2024\/11\/EMS-Kit-1536x1536.jpg",1536,1536,true],"2048x2048":["https:\/\/lifevac.lt\/wp-content\/uploads\/2024\/11\/EMS-Kit.jpg",2000,2000,false],"woocommerce_thumbnail":["https:\/\/lifevac.lt\/wp-content\/uploads\/2024\/11\/EMS-Kit-300x300.jpg",300,300,true],"woocommerce_single":["https:\/\/lifevac.lt\/wp-content\/uploads\/2024\/11\/EMS-Kit-600x600.jpg",600,600,true],"woocommerce_gallery_thumbnail":["https:\/\/lifevac.lt\/wp-content\/uploads\/2024\/11\/EMS-Kit-100x100.jpg",100,100,true]},"uagb_author_info":{"display_name":"sigitas@omvi.lt","author_link":"https:\/\/lifevac.lt\/et\/blog\/author\/"},"uagb_comment_info":0,"uagb_excerpt":"LifeVac esmaabikomplekt on lahutamatu osa esmareageerijate, n\u00e4iteks politsei, tulet\u00f5rjujate, kiirabi ja parameedikute varustusest. See komplekt on m\u00f5eldud kiireks ja t\u00f5husaks reageerimiseks l\u00e4mbumise korral ja v\u00f5ib p\u00e4\u00e4sta elusid, kui iga sekund loeb. Olge valmis tegutsema ja aitama - LifeVaciga on teie meeskond alati valmis! Komplektis: LifeVac hingamisteede puhastusseade 1 x lastemask 1 x mask suurus S&hellip;","_links":{"self":[{"href":"https:\/\/lifevac.lt\/et\/wp-json\/wp\/v2\/product\/5995","targetHints":{"allow":["GET"]}}],"collection":[{"href":"https:\/\/lifevac.lt\/et\/wp-json\/wp\/v2\/product"}],"about":[{"href":"https:\/\/lifevac.lt\/et\/wp-json\/wp\/v2\/types\/product"}],"replies":[{"embeddable":true,"href":"https:\/\/lifevac.lt\/et\/wp-json\/wp\/v2\/comments?post=5995"}],"wp:featuredmedia":[{"embeddable":true,"href":"https:\/\/lifevac.lt\/et\/wp-json\/wp\/v2\/media\/5996"}],"wp:attachment":[{"href":"https:\/\/lifevac.lt\/et\/wp-json\/wp\/v2\/media?parent=5995"}],"wp:term":[{"taxonomy":"product_brand","embeddable":true,"href":"https:\/\/lifevac.lt\/et\/wp-json\/wp\/v2\/product_brand?post=5995"},{"taxonomy":"product_cat","embeddable":true,"href":"https:\/\/lifevac.lt\/et\/wp-json\/wp\/v2\/product_cat?post=5995"},{"taxonomy":"product_tag","embeddable":true,"href":"https:\/\/lifevac.lt\/et\/wp-json\/wp\/v2\/product_tag?post=5995"}],"curies":[{"name":"wp","href":"https:\/\/api.w.org\/{rel}","templated":true}]}}