{"id":5984,"date":"2024-11-25T10:19:54","date_gmt":"2024-11-25T10:19:54","guid":{"rendered":"https:\/\/lifevac.lt\/produktai\/lifevac-seinakinnituskomplekt\/"},"modified":"2025-09-15T16:21:57","modified_gmt":"2025-09-15T16:21:57","slug":"lifevac-seinakinnituskomplekt","status":"publish","type":"product","link":"https:\/\/lifevac.lt\/et\/tooteid\/lifevac-seinakinnituskomplekt\/","title":{"rendered":"LifeVac seinakinnituskomplekt"},"content":{"rendered":"<h2>LifeVac &#8211; elup\u00e4\u00e4stev l\u00e4mbumisseade<\/h2>\n<h2>Mis on LifeVac seinakinnituskomplekt?<\/h2>\n<p><img loading=\"lazy\" decoding=\"async\" class=\"wp-image-3442 size-medium alignleft\" src=\"https:\/\/lifevac.lt\/wp-content\/uploads\/2024\/11\/pro-fRd3bv7T-scaled-e1732537038585-160x300.jpeg\" alt=\"\" width=\"160\" height=\"300\" srcset=\"https:\/\/lifevac.lt\/wp-content\/uploads\/2024\/11\/pro-fRd3bv7T-scaled-e1732537038585-160x300.jpeg 160w, https:\/\/lifevac.lt\/wp-content\/uploads\/2024\/11\/pro-fRd3bv7T-scaled-e1732537038585-548x1024.jpeg 548w, https:\/\/lifevac.lt\/wp-content\/uploads\/2024\/11\/pro-fRd3bv7T-scaled-e1732537038585-768x1436.jpeg 768w, https:\/\/lifevac.lt\/wp-content\/uploads\/2024\/11\/pro-fRd3bv7T-scaled-e1732537038585-821x1536.jpeg 821w, https:\/\/lifevac.lt\/wp-content\/uploads\/2024\/11\/pro-fRd3bv7T-scaled-e1732537038585-1095x2048.jpeg 1095w, https:\/\/lifevac.lt\/wp-content\/uploads\/2024\/11\/pro-fRd3bv7T-scaled-e1732537038585-600x1122.jpeg 600w, https:\/\/lifevac.lt\/wp-content\/uploads\/2024\/11\/pro-fRd3bv7T-scaled-e1732537038585.jpeg 1369w\" sizes=\"auto, (max-width: 160px) 100vw, 160px\" \/>LifeVac seinale paigaldatav komplekt on kaasaegne, usaldusv\u00e4\u00e4rne ja elup\u00e4\u00e4stev lahendus, mis on m\u00f5eldud kiireks ja t\u00f5husaks reageerimiseks l\u00e4mbumisjuhtumitele avalikes ruumides, koolides, tervishoiuasutustes ja t\u00f6\u00f6kohtadel. See komplekt on loodud spetsiaalselt selleks, et v\u00f5imaldada teil tegutseda kiiresti, kui iga sekund loeb. <\/p>\n<p>Praktiline seinale paigaldatav hoiutaldrik tagab, et LifeVac on alati kergesti n\u00e4htav ja k\u00e4ttesaadav. See on ideaalne lahendus kiireks juurdep\u00e4\u00e4suks nii kontorites kui ka t\u00f6\u00f6kohtades, kus v\u00f5ib esineda l\u00e4mbumisoht. <\/p>\n<h2>Komplekti koosseis<\/h2>\n<p><img loading=\"lazy\" decoding=\"async\" class=\"size-medium wp-image-3443 alignright\" src=\"https:\/\/lifevac.lt\/wp-content\/uploads\/2024\/11\/MC2-300x225.png\" alt=\"\" width=\"300\" height=\"225\" srcset=\"https:\/\/lifevac.lt\/wp-content\/uploads\/2024\/11\/MC2-300x225.png 300w, https:\/\/lifevac.lt\/wp-content\/uploads\/2024\/11\/MC2.png 329w\" sizes=\"auto, (max-width: 300px) 100vw, 300px\" \/>LifeVac seinakinnituskomplekt on hoolikalt l\u00e4bi m\u00f5eldud, et tagada maksimaalne ohutus paljudes asutustes v\u00f5i koolides. Komplekt koosneb mitmest olulisest komponendist. <\/p>\n<p>Esiteks LifeVac-seade, mis on kogu paketi p\u00f5hiline osa. See on t\u00f5hus vahend l\u00e4mbumise kiireks ja ohutuks k\u00f5rvaldamiseks nii t\u00e4iskasvanutele kui ka lastele. <\/p>\n<p>Seadme k\u00f5rval on viis erineva suurusega maski. Komplekti kuuluvad lapse mask, v\u00e4ike, keskmine, suur ja proovimask, mis tagavad sobiva sobivuse eri vanuses ja suurusega inimestele. Iga mask on disainitud nii, et optimeerida imemise t\u00f5husust ja tagada mugavus kriisi ajal.  <\/p>\n<p>Komplektiga on kaasas seinale paigaldatav salv, mis v\u00f5imaldab LifeVac-seadet ja maske mugavalt hoiustada. See kandik on valmistatud tugevast materjalist, et tagada pikaajaline kasutamine ja lihtne juurdep\u00e4\u00e4s kriitilisel hetkel. Selle komplekti paigaldamisel on oluline hoolikalt j\u00e4rgida juhiseid. Komplektiga on kaasas mitut t\u00fc\u00fcpi tihvtid ja kruvid, mis aitavad salve kindlalt seinale kinnitada. Kui LifeVac-komplekt on korralikult seinale riputatud, tagab see kiire juurdep\u00e4\u00e4su LifeVac-seadmele ja maskidele, eriti olukordades, kus aeg on kriitiline.    <\/p>\n<section id=\"shopify-section-template--16653711769820__16617174305670894b\" class=\"shopify-section section\">\n<div class=\"color-background-1 gradient\">\n<div class=\"video-section isolate page-width section-template--16653711769820__16617174305670894b-padding\">\n<div class=\"title-wrapper title-wrapper--no-top-margin\">\n<p><span style=\"color: #0000ff\"><strong><em><a style=\"color: #0000ff\" href=\"https:\/\/lifevac.lt\/et\/edulood\/\">Lugege lugusid sellest, kuidas LifeVac on p\u00e4\u00e4stnud elusid.<\/a><\/em><\/strong><\/span><\/p>\n<\/div>\n<\/div>\n<\/div>\n<\/section>\n<h2>Mis on LifeVac?<\/h2>\n<h2 style=\"font-style: normal\"><img loading=\"lazy\" decoding=\"async\" class=\"alignright wp-image-2953 size-medium\" src=\"https:\/\/lifevac.lt\/wp-content\/uploads\/2024\/11\/LifeVac02.png-189x300.png\" alt=\"\" width=\"189\" height=\"300\" srcset=\"https:\/\/lifevac.lt\/wp-content\/uploads\/2024\/11\/LifeVac02.png-189x300.png 189w, https:\/\/lifevac.lt\/wp-content\/uploads\/2024\/11\/LifeVac02.png.png 427w\" sizes=\"auto, (max-width: 189px) 100vw, 189px\" \/><\/h2>\n<p>LifeVac on uuenduslik, patenteeritud seade, mis on m\u00f5eldud l\u00e4mbuvate inimeste p\u00e4\u00e4stmiseks. See t\u00f6\u00f6tab lihtsal, kuid t\u00f5husal p\u00f5him\u00f5ttel, luues vaakumi, mis t\u00f5mbab v\u00f5\u00f5rkehad hingamisteedest v\u00e4lja. Seade on eriti kasulik h\u00e4daolukordades, kus hingamine on takistatud ja kiire sekkumine v\u00f5ib p\u00e4\u00e4sta elu.  <\/p>\n<p>LifeVac&#8217;i puhul asetatakse seade k\u00f5igepealt patsiendi suhu. Tekib vaakum, mis t\u00f5mbab objekti sisse. T\u00e4nu sellele toimemehhanismile saavad LifeVac&#8217;i kasutada igas vanuses inimesed &#8211; nii lapsed kui ka t\u00e4iskasvanud. Eriti oluline on asjaolu, et seadet on lihtne kasutada, nii et isegi meditsiinilise v\u00e4lja\u00f5ppeta inimesed saavad kiiresti ja t\u00f5husalt reageerida l\u00e4mbumisjuhtumitele.   <\/p>\n<p>Seadmel on spetsiaalne \u00fchesuunaline klapp, mis <strong>takistab sekundaarset aspiratsiooni, tagades, et seade ei vigasta patsienti p\u00e4rast v\u00f5\u00f5rkeha v\u00e4ljat\u00f5mbamist.<\/strong> LifeVac on mugav, sest see on kompaktne ja kaasaskantav, nii et seda saab kaasas kanda nii kodus kui ka s\u00f5idukites. Pikaajalised uuringud n\u00e4itavad, et LifeVac on v\u00e4ga t\u00f5hus ja selle kasutamine v\u00f5ib t\u00e4nu kiirele reageerimisele m\u00e4rkimisv\u00e4\u00e4rselt pikendada elulemust l\u00e4mbumisjuhtumite korral. <\/p>\n<p>Selle seadme eelised on ilmselged, eriti h\u00e4daolukordades. LifeVac pakub kiiret abi l\u00e4mbumise korral ja peaks olema olemas k\u00f5ikides kodudes ja avalikes kohtades, kus sellised katastroofid v\u00f5ivad toimuda. <\/p>\n<h2 style=\"text-align: center\">Kuidas LifeVac t\u00f6\u00f6tab?<\/h2>\n<p>Kui tavap\u00e4rased elustamisprotokollid ei toimi, p\u00e4\u00e4stab LifeVac elusid.<\/p>\n<p><img loading=\"lazy\" decoding=\"async\" class=\"wp-image-3424 size-full aligncenter\" src=\"https:\/\/lifevac.lt\/wp-content\/uploads\/2024\/11\/uzdek-spausk-trauk.jpg\" alt=\"\" width=\"1316\" height=\"814\" srcset=\"https:\/\/lifevac.lt\/wp-content\/uploads\/2024\/11\/uzdek-spausk-trauk.jpg 1316w, https:\/\/lifevac.lt\/wp-content\/uploads\/2024\/11\/uzdek-spausk-trauk-300x186.jpg 300w, https:\/\/lifevac.lt\/wp-content\/uploads\/2024\/11\/uzdek-spausk-trauk-1024x633.jpg 1024w, https:\/\/lifevac.lt\/wp-content\/uploads\/2024\/11\/uzdek-spausk-trauk-768x475.jpg 768w, https:\/\/lifevac.lt\/wp-content\/uploads\/2024\/11\/uzdek-spausk-trauk-600x371.jpg 600w\" sizes=\"auto, (max-width: 1316px) 100vw, 1316px\" \/><\/p>\n<ol>\n<li>LifeVac&#8217;i kasutamiseks asetage mask ohvri suu ja nina kohale. Hoidke maski kindlalt kinni, kasutades oma v\u00e4hem domineerivat k\u00e4tt, tagades, et kannatanu pea on selili. <\/li>\n<li>Hoidke LifeVac&#8217;i k\u00e4epidet domineeriva k\u00e4ega, vajutage, et luua vaakum. Ei ole oluline, kui tugevalt te vajutate, sest \u00f5hk lihtsalt v\u00e4ljub klapi kaudu, mis takistab \u00f5hu sattumist l\u00e4mbuva inimese hingamisteedesse. <\/li>\n<li>Seej\u00e4rel t\u00f5mmake \u00e4kki k\u00e4epidemest \u00fclespoole. Takistus t\u00f5mmatakse ohvri kurgust v\u00e4lja. Imemise aeg on minimaalne, mis teeb LifeVac&#8217;i ohutuks ja t\u00f5husaks. Kui takistust ei eemaldata kohe, korrake kuni viis korda.   <\/li>\n<\/ol>\n<div class=\"ast-oembed-container \" style=\"height: 100%;\"><iframe loading=\"lazy\" title=\"How LifeVac Works\" width=\"500\" height=\"281\" src=\"https:\/\/www.youtube.com\/embed\/_Z_SN6D4rqE?feature=oembed\" frameborder=\"0\" allow=\"accelerometer; autoplay; clipboard-write; encrypted-media; gyroscope; picture-in-picture; web-share\" referrerpolicy=\"strict-origin-when-cross-origin\" allowfullscreen><\/iframe><\/div>\n","protected":false},"excerpt":{"rendered":"<p>LifeVac seinakomplekt on kaasaegne, elup\u00e4\u00e4stev lahendus avalikes ruumides, koolides, tervishoiuasutustes, kaubanduskeskustes ja t\u00f6\u00f6kohtades. See komplekt v\u00f5imaldab kiiret ja lihtsat juurdep\u00e4\u00e4su seadmele \u00fcldkasutatavates ruumides. K\u00f5igil komplektis olevatel maskidel on v\u00e4rvi- ja tekstitunnus, mis v\u00f5imaldab h\u00f5lpsasti tuvastada, milline mask on ohvrile k\u00f5ige sobivam. Kaitske ennast, kolleege ja kliente. Olge valmis tegutsema, kui iga sekund loeb.    <\/p>\n<p><img loading=\"lazy\" decoding=\"async\" class=\"aligncenter wp-image-4088 size-full\" src=\"https:\/\/lifevac.lt\/wp-content\/uploads\/2024\/11\/CE-ISO-UKAS-BRITAIN.png\" alt=\"\" width=\"552\" height=\"143\" srcset=\"https:\/\/lifevac.lt\/wp-content\/uploads\/2024\/11\/CE-ISO-UKAS-BRITAIN.png 552w, https:\/\/lifevac.lt\/wp-content\/uploads\/2024\/11\/CE-ISO-UKAS-BRITAIN-300x78.png 300w\" sizes=\"auto, (max-width: 552px) 100vw, 552px\" \/><\/p>\n<p>Komplektis:<\/p>\n<ul>\n<li>LifeVac hingamisteede puhastusseade<\/li>\n<li>1 x lastemask<\/li>\n<li>1 x mask suurus S &#8211; v\u00e4ikestele t\u00e4iskasvanutele v\u00f5i lastele<\/li>\n<li>1 x mask suurus M &#8211; v\u00e4ikestele t\u00e4iskasvanutele v\u00f5i lastele<\/li>\n<li>1 x mask suurus L- t\u00e4iskasvanu<\/li>\n<li>1 x testmask<\/li>\n<li>1 x kasutusjuhend<\/li>\n<li>1 x akna\/ukse kleebis &#8211; teavitamaks teid sellest, et teil on LifeVac.<\/li>\n<li>1 x seinale paigaldatav salv<\/li>\n<\/ul>\n","protected":false},"featured_media":5985,"comment_status":"closed","ping_status":"closed","template":"","meta":{"_uag_custom_page_level_css":"","_monsterinsights_skip_tracking":false,"_monsterinsights_sitenote_active":false,"_monsterinsights_sitenote_note":"","_monsterinsights_sitenote_category":0,"site-sidebar-layout":"default","site-content-layout":"","ast-site-content-layout":"default","site-content-style":"default","site-sidebar-style":"default","ast-global-header-display":"","ast-banner-title-visibility":"","ast-main-header-display":"","ast-hfb-above-header-display":"","ast-hfb-below-header-display":"","ast-hfb-mobile-header-display":"","site-post-title":"","ast-breadcrumbs-content":"","ast-featured-img":"","footer-sml-layout":"","ast-disable-related-posts":"","theme-transparent-header-meta":"default","adv-header-id-meta":"","stick-header-meta":"","header-above-stick-meta":"","header-main-stick-meta":"","header-below-stick-meta":"","astra-migrate-meta-layouts":"default","ast-page-background-enabled":"default","ast-page-background-meta":{"desktop":{"background-color":"","background-image":"","background-repeat":"repeat","background-position":"center center","background-size":"auto","background-attachment":"scroll","background-type":"","background-media":"","overlay-type":"","overlay-color":"","overlay-opacity":"","overlay-gradient":""},"tablet":{"background-color":"","background-image":"","background-repeat":"repeat","background-position":"center center","background-size":"auto","background-attachment":"scroll","background-type":"","background-media":"","overlay-type":"","overlay-color":"","overlay-opacity":"","overlay-gradient":""},"mobile":{"background-color":"","background-image":"","background-repeat":"repeat","background-position":"center center","background-size":"auto","background-attachment":"scroll","background-type":"","background-media":"","overlay-type":"","overlay-color":"","overlay-opacity":"","overlay-gradient":""}},"ast-content-background-meta":{"desktop":{"background-color":"var(--ast-global-color-5)","background-image":"","background-repeat":"repeat","background-position":"center center","background-size":"auto","background-attachment":"scroll","background-type":"","background-media":"","overlay-type":"","overlay-color":"","overlay-opacity":"","overlay-gradient":""},"tablet":{"background-color":"var(--ast-global-color-5)","background-image":"","background-repeat":"repeat","background-position":"center center","background-size":"auto","background-attachment":"scroll","background-type":"","background-media":"","overlay-type":"","overlay-color":"","overlay-opacity":"","overlay-gradient":""},"mobile":{"background-color":"var(--ast-global-color-5)","background-image":"","background-repeat":"repeat","background-position":"center center","background-size":"auto","background-attachment":"scroll","background-type":"","background-media":"","overlay-type":"","overlay-color":"","overlay-opacity":"","overlay-gradient":""}}},"product_brand":[],"product_cat":[84],"product_tag":[],"class_list":{"0":"post-5984","1":"product","2":"type-product","3":"status-publish","4":"has-post-thumbnail","6":"product_cat-lifevac-komplektid","7":"desktop-align-left","8":"tablet-align-left","9":"mobile-align-left","11":"first","12":"instock","13":"featured","14":"taxable","15":"shipping-taxable","16":"purchasable","17":"product-type-simple"},"aioseo_notices":[],"uagb_featured_image_src":{"full":["https:\/\/lifevac.lt\/wp-content\/uploads\/2024\/11\/LifeVac-sieninis-montavimo-rinkinys-LV08.jpg",2500,2500,false],"thumbnail":["https:\/\/lifevac.lt\/wp-content\/uploads\/2024\/11\/LifeVac-sieninis-montavimo-rinkinys-LV08-150x150.jpg",150,150,true],"medium":["https:\/\/lifevac.lt\/wp-content\/uploads\/2024\/11\/LifeVac-sieninis-montavimo-rinkinys-LV08-300x300.jpg",300,300,true],"medium_large":["https:\/\/lifevac.lt\/wp-content\/uploads\/2024\/11\/LifeVac-sieninis-montavimo-rinkinys-LV08-768x768.jpg",768,768,true],"large":["https:\/\/lifevac.lt\/wp-content\/uploads\/2024\/11\/LifeVac-sieninis-montavimo-rinkinys-LV08-1024x1024.jpg",1024,1024,true],"1536x1536":["https:\/\/lifevac.lt\/wp-content\/uploads\/2024\/11\/LifeVac-sieninis-montavimo-rinkinys-LV08-1536x1536.jpg",1536,1536,true],"2048x2048":["https:\/\/lifevac.lt\/wp-content\/uploads\/2024\/11\/LifeVac-sieninis-montavimo-rinkinys-LV08-2048x2048.jpg",2048,2048,true],"woocommerce_thumbnail":["https:\/\/lifevac.lt\/wp-content\/uploads\/2024\/11\/LifeVac-sieninis-montavimo-rinkinys-LV08-300x300.jpg",300,300,true],"woocommerce_single":["https:\/\/lifevac.lt\/wp-content\/uploads\/2024\/11\/LifeVac-sieninis-montavimo-rinkinys-LV08-600x600.jpg",600,600,true],"woocommerce_gallery_thumbnail":["https:\/\/lifevac.lt\/wp-content\/uploads\/2024\/11\/LifeVac-sieninis-montavimo-rinkinys-LV08-100x100.jpg",100,100,true]},"uagb_author_info":{"display_name":"sigitas@omvi.lt","author_link":"https:\/\/lifevac.lt\/et\/blog\/author\/"},"uagb_comment_info":0,"uagb_excerpt":"LifeVac seinakomplekt on kaasaegne, elup\u00e4\u00e4stev lahendus avalikes ruumides, koolides, tervishoiuasutustes, kaubanduskeskustes ja t\u00f6\u00f6kohtades. See komplekt v\u00f5imaldab kiiret ja lihtsat juurdep\u00e4\u00e4su seadmele \u00fcldkasutatavates ruumides. K\u00f5igil komplektis olevatel maskidel on v\u00e4rvi- ja tekstitunnus, mis v\u00f5imaldab h\u00f5lpsasti tuvastada, milline mask on ohvrile k\u00f5ige sobivam. Kaitske ennast, kolleege ja kliente. Olge valmis tegutsema, kui iga sekund loeb. Komplektis: LifeVac&hellip;","_links":{"self":[{"href":"https:\/\/lifevac.lt\/et\/wp-json\/wp\/v2\/product\/5984","targetHints":{"allow":["GET"]}}],"collection":[{"href":"https:\/\/lifevac.lt\/et\/wp-json\/wp\/v2\/product"}],"about":[{"href":"https:\/\/lifevac.lt\/et\/wp-json\/wp\/v2\/types\/product"}],"replies":[{"embeddable":true,"href":"https:\/\/lifevac.lt\/et\/wp-json\/wp\/v2\/comments?post=5984"}],"wp:featuredmedia":[{"embeddable":true,"href":"https:\/\/lifevac.lt\/et\/wp-json\/wp\/v2\/media\/5985"}],"wp:attachment":[{"href":"https:\/\/lifevac.lt\/et\/wp-json\/wp\/v2\/media?parent=5984"}],"wp:term":[{"taxonomy":"product_brand","embeddable":true,"href":"https:\/\/lifevac.lt\/et\/wp-json\/wp\/v2\/product_brand?post=5984"},{"taxonomy":"product_cat","embeddable":true,"href":"https:\/\/lifevac.lt\/et\/wp-json\/wp\/v2\/product_cat?post=5984"},{"taxonomy":"product_tag","embeddable":true,"href":"https:\/\/lifevac.lt\/et\/wp-json\/wp\/v2\/product_tag?post=5984"}],"curies":[{"name":"wp","href":"https:\/\/api.w.org\/{rel}","templated":true}]}}