{"id":5849,"date":"2024-11-25T08:40:25","date_gmt":"2024-11-25T08:40:25","guid":{"rendered":"https:\/\/lifevac.lt\/produktai\/lifevac-home-kit\/"},"modified":"2026-01-23T09:41:47","modified_gmt":"2026-01-23T09:41:47","slug":"lifevac-kodukomplekt","status":"publish","type":"product","link":"https:\/\/lifevac.lt\/et\/tooteid\/lifevac-kodukomplekt\/","title":{"rendered":"LifeVac kodukomplekt"},"content":{"rendered":"<h2>LifeVac &#8211; elup\u00e4\u00e4stev l\u00e4mbumisseade<\/h2>\n<h2>Mis on LifeVac?<\/h2>\n<h2 style=\"font-style: normal;\"><img loading=\"lazy\" decoding=\"async\" class=\"alignright wp-image-2953 size-medium\" src=\"https:\/\/lifevac.lt\/wp-content\/uploads\/2024\/11\/LifeVac02.png-189x300.png\" alt=\"\" width=\"189\" height=\"300\" srcset=\"https:\/\/lifevac.lt\/wp-content\/uploads\/2024\/11\/LifeVac02.png-189x300.png 189w, https:\/\/lifevac.lt\/wp-content\/uploads\/2024\/11\/LifeVac02.png.png 427w\" sizes=\"auto, (max-width: 189px) 100vw, 189px\" \/><\/h2>\n<p style=\"text-align: left;\">LifeVac on uuenduslik, patenteeritud seade, mis on m\u00f5eldud l\u00e4mbuvate inimeste p\u00e4\u00e4stmiseks. See t\u00f6\u00f6tab lihtsal, kuid t\u00f5husal p\u00f5him\u00f5ttel, luues vaakumi, mis t\u00f5mbab v\u00f5\u00f5rkehad hingamisteedest v\u00e4lja. Seade on eriti kasulik h\u00e4daolukordades, kus hingamine on takistatud ja kiire sekkumine v\u00f5ib p\u00e4\u00e4sta elu.  <\/p>\n<p style=\"text-align: left;\">LifeVac&#8217;i puhul asetatakse seade k\u00f5igepealt patsiendi suhu. Tekib vaakum, mis t\u00f5mbab objekti sisse. T\u00e4nu sellele toimemehhanismile saavad LifeVac&#8217;i kasutada igas vanuses inimesed &#8211; nii lapsed kui ka t\u00e4iskasvanud. Eriti oluline on asjaolu, et seadet on lihtne kasutada, nii et isegi meditsiinilise v\u00e4lja\u00f5ppeta inimesed saavad kiiresti ja t\u00f5husalt reageerida l\u00e4mbumisjuhtumitele.   <\/p>\n<p style=\"text-align: left;\">Seadmel on spetsiaalne \u00fchesuunaline klapp, mis <strong>takistab sekundaarset aspiratsiooni, tagades, et seade ei vigasta patsienti p\u00e4rast v\u00f5\u00f5rkeha v\u00e4ljat\u00f5mbamist.<\/strong> LifeVac on mugav, sest see on kompaktne ja kaasaskantav, nii et seda saab kaasas kanda nii kodus kui ka s\u00f5idukites. Pikaajalised uuringud n\u00e4itavad, et LifeVac on v\u00e4ga t\u00f5hus ja selle kasutamine v\u00f5ib t\u00e4nu kiirele reageerimisele m\u00e4rkimisv\u00e4\u00e4rselt pikendada elulemust l\u00e4mbumisjuhtumite korral. <\/p>\n<p style=\"text-align: left;\">Selle seadme eelised on ilmselged, eriti h\u00e4daolukordades. LifeVac pakub kiiret abi l\u00e4mbumise korral ja peaks olema olemas k\u00f5ikides kodudes ja avalikes kohtades, kus sellised katastroofid v\u00f5ivad toimuda. <\/p>\n<h2 style=\"text-align: center;\">Kuidas LifeVac t\u00f6\u00f6tab?<\/h2>\n<p>Kui tavap\u00e4rased elustamisprotokollid ei toimi, p\u00e4\u00e4stab LifeVac elusid.<\/p>\n<p><img loading=\"lazy\" decoding=\"async\" class=\"wp-image-3424 size-full aligncenter\" src=\"https:\/\/lifevac.lt\/wp-content\/uploads\/2024\/11\/uzdek-spausk-trauk.jpg\" alt=\"\" width=\"1316\" height=\"814\" srcset=\"https:\/\/lifevac.lt\/wp-content\/uploads\/2024\/11\/uzdek-spausk-trauk.jpg 1316w, https:\/\/lifevac.lt\/wp-content\/uploads\/2024\/11\/uzdek-spausk-trauk-300x186.jpg 300w, https:\/\/lifevac.lt\/wp-content\/uploads\/2024\/11\/uzdek-spausk-trauk-1024x633.jpg 1024w, https:\/\/lifevac.lt\/wp-content\/uploads\/2024\/11\/uzdek-spausk-trauk-768x475.jpg 768w, https:\/\/lifevac.lt\/wp-content\/uploads\/2024\/11\/uzdek-spausk-trauk-600x371.jpg 600w\" sizes=\"auto, (max-width: 1316px) 100vw, 1316px\" \/><\/p>\n<ol>\n<li>LifeVac&#8217;i kasutamiseks asetage mask ohvri suu ja nina kohale. Hoidke maski kindlalt kinni, kasutades oma v\u00e4hem domineerivat k\u00e4tt, tagades, et kannatanu pea on selili. <\/li>\n<li>Hoidke LifeVac&#8217;i k\u00e4epidet domineeriva k\u00e4ega, vajutage, et luua vaakum. Ei ole oluline, kui tugevalt te vajutate, sest \u00f5hk lihtsalt v\u00e4ljub klapi kaudu, mis takistab \u00f5hu sattumist l\u00e4mbuva inimese hingamisteedesse. <\/li>\n<li>Seej\u00e4rel t\u00f5mmake \u00e4kki k\u00e4epidemest \u00fclespoole. Takistus t\u00f5mmatakse ohvri kurgust v\u00e4lja. Imemise aeg on minimaalne, mis teeb LifeVac&#8217;i ohutuks ja t\u00f5husaks. Kui takistust ei eemaldata kohe, korrake kuni viis korda.   <\/li>\n<\/ol>\n<div class=\"ast-oembed-container \" style=\"height: 100%;\"><iframe loading=\"lazy\" title=\"How LifeVac Works\" width=\"500\" height=\"281\" src=\"https:\/\/www.youtube.com\/embed\/_Z_SN6D4rqE?feature=oembed\" frameborder=\"0\" allow=\"accelerometer; autoplay; clipboard-write; encrypted-media; gyroscope; picture-in-picture; web-share\" referrerpolicy=\"strict-origin-when-cross-origin\" allowfullscreen><\/iframe><\/div>\n<h2><\/h2>\n<h2>LifeVac kodukomplekt &#8211; t\u00e4ielik varustus ja kasutusjuhend<\/h2>\n<p>LifeVac kodukomplekt on spetsiaalselt loodud selleks, et aidata kodustes l\u00e4mbumisolukordades h\u00e4daolukorras. On oluline, et kodus oleks usaldusv\u00e4\u00e4rne ja t\u00f5hus seade, mis suudab h\u00e4daolukorras kiiresti reageerida. Komplekt sisaldab mitmeid olulisi esemeid, mis on m\u00f5eldud kiire ja t\u00f5husa h\u00e4daolukorra lahendamise tagamiseks. Leiad neli erineva suurusega maski: lastele, v\u00e4ikestele ja suurtele t\u00e4iskasvanutele, samuti testmaski. Need maskid v\u00f5imaldavad seadet kohandada vastavalt inimese vanusele ja f\u00fcsioloogiale, tagades seega t\u00f5husa imemisprotsessi.    <\/p>\n<p style=\"font-size: 16px; font-style: normal;\"><img loading=\"lazy\" decoding=\"async\" class=\"alignleft wp-image-3425 size-medium\" src=\"https:\/\/lifevac.lt\/wp-content\/uploads\/2024\/11\/LifeVac-pirmosios-pagalbos-namu-dezuteje-264x300.jpg\" alt=\"\" width=\"264\" height=\"300\" srcset=\"https:\/\/lifevac.lt\/wp-content\/uploads\/2024\/11\/LifeVac-pirmosios-pagalbos-namu-dezuteje-264x300.jpg 264w, https:\/\/lifevac.lt\/wp-content\/uploads\/2024\/11\/LifeVac-pirmosios-pagalbos-namu-dezuteje-899x1024.jpg 899w, https:\/\/lifevac.lt\/wp-content\/uploads\/2024\/11\/LifeVac-pirmosios-pagalbos-namu-dezuteje-768x874.jpg 768w, https:\/\/lifevac.lt\/wp-content\/uploads\/2024\/11\/LifeVac-pirmosios-pagalbos-namu-dezuteje-1349x1536.jpg 1349w, https:\/\/lifevac.lt\/wp-content\/uploads\/2024\/11\/LifeVac-pirmosios-pagalbos-namu-dezuteje-1799x2048.jpg 1799w, https:\/\/lifevac.lt\/wp-content\/uploads\/2024\/11\/LifeVac-pirmosios-pagalbos-namu-dezuteje-600x683.jpg 600w\" sizes=\"auto, (max-width: 264px) 100vw, 264px\" \/><\/p>\n<p>Lisaks sisaldab komplekt p\u00f5hilist hingamisteede vabastamist v\u00f5imaldavat seadet, mida on lihtne ja intuitiivne kasutada. Iga komplektiga on kaasas selge kasutusjuhend, milles kirjeldatakse samm-sammult k\u00f5iki samme LifeVac-seadme \u00f5igeks kasutamiseks. <\/p>\n<p>Ohutusaspektid on olulised, seega on soovitatav oma LifeVac-seadet regulaarselt kontrollida ja hooldada. See ennetav hooldus tagab, et seade on alati heas korras ja valmis h\u00e4daolukordadeks. Niipea, kui olete seadme k\u00e4tte saanud, \u00f5ppige selle kasutamist ja testige seda testmaskiga. Veenduge, et seadet hoitakse <strong>kergesti ligip\u00e4\u00e4setavas<\/strong> kohas, et saaksite sellele vajaduse korral kiiresti ligi. <span style=\"font-size: 16px; font-style: normal;\">Pidage meeles, et maske on soovitatav vahetada iga kahe aasta tagant. <\/span><span style=\"font-size: 16px;\">N\u00f5uetekohane hooldus ja teadmised LifeVac&#8217;i kasutamise kohta suurendavad oluliselt teie kodu turvalisust.<\/span>   <\/p>\n<section id=\"shopify-section-template--16653711769820__16617174305670894b\" class=\"shopify-section section\">\n<div class=\"color-background-1 gradient\">\n<div class=\"video-section isolate page-width section-template--16653711769820__16617174305670894b-padding\">\n<div class=\"title-wrapper title-wrapper--no-top-margin\">\n<p><strong><em><a title=\"Edulood\" href=\"https:\/\/lifevac.lt\/et\/edulood\/\"><span style=\"color: #0000ff;\">LifeVac p\u00e4\u00e4stab elusid &#8211; loe l\u00e4hemalt.<\/span><\/a><\/em><\/strong><\/p>\n<\/div>\n<\/div>\n<\/div>\n<\/section>\n","protected":false},"excerpt":{"rendered":"<p>LifeVac on patenteeritud elup\u00e4\u00e4stevahend, mis on tunnustatud kui t\u00f5hus viis lapse v\u00f5i t\u00e4iskasvanu abistamiseks l\u00e4mbumise korral. Tunnustatud kui<span style=\"font-size: 16px; font-style: normal;\">maailma<\/span> nr. 1<span style=\"font-size: 16px;\"> l\u00e4mbumisaparaat.<\/span> <\/p>\n<p><img loading=\"lazy\" decoding=\"async\" class=\"alignnone wp-image-4529 size-full\" src=\"https:\/\/lifevac.lt\/wp-content\/uploads\/2024\/11\/patikimas.png\" alt=\"\" width=\"552\" height=\"100\" srcset=\"https:\/\/lifevac.lt\/wp-content\/uploads\/2024\/11\/patikimas.png 552w, https:\/\/lifevac.lt\/wp-content\/uploads\/2024\/11\/patikimas-300x54.png 300w\" sizes=\"auto, (max-width: 552px) 100vw, 552px\" \/><\/p>\n<p>Komplektis:<\/p>\n<ul>\n<li>LifeVac hingamisteede puhastusseade<\/li>\n<li>1x mask suurus L- t\u00e4iskasvanu<\/li>\n<li>1 x mask suurus S &#8211; v\u00e4ikestele t\u00e4iskasvanutele v\u00f5i lastele<\/li>\n<li>1 x lastemask<\/li>\n<li>1 x testmask<\/li>\n<li>1 x kasutusjuhend<\/li>\n<li>1 akna\/ukse kleebis &#8211; et teaksite, et teil on LifeVac.<\/li>\n<\/ul>\n<p>Pange t\u00e4hele: selle mudeli tarneaeg v\u00f5ib praegu olla kuni paar n\u00e4dalat. Vabandame v\u00f5imalike ebamugavuste p\u00e4rast ja t\u00e4name teid kannatlikkuse eest. <\/p>\n","protected":false},"featured_media":5850,"comment_status":"closed","ping_status":"closed","template":"","meta":{"_uag_custom_page_level_css":"","_monsterinsights_skip_tracking":false,"_monsterinsights_sitenote_active":false,"_monsterinsights_sitenote_note":"","_monsterinsights_sitenote_category":0,"site-sidebar-layout":"default","site-content-layout":"","ast-site-content-layout":"default","site-content-style":"default","site-sidebar-style":"default","ast-global-header-display":"","ast-banner-title-visibility":"","ast-main-header-display":"","ast-hfb-above-header-display":"","ast-hfb-below-header-display":"","ast-hfb-mobile-header-display":"","site-post-title":"","ast-breadcrumbs-content":"","ast-featured-img":"","footer-sml-layout":"","ast-disable-related-posts":"","theme-transparent-header-meta":"default","adv-header-id-meta":"","stick-header-meta":"","header-above-stick-meta":"","header-main-stick-meta":"","header-below-stick-meta":"","astra-migrate-meta-layouts":"set","ast-page-background-enabled":"default","ast-page-background-meta":{"desktop":{"background-color":"","background-image":"","background-repeat":"repeat","background-position":"center center","background-size":"auto","background-attachment":"scroll","background-type":"","background-media":"","overlay-type":"","overlay-color":"","overlay-opacity":"","overlay-gradient":""},"tablet":{"background-color":"","background-image":"","background-repeat":"repeat","background-position":"center center","background-size":"auto","background-attachment":"scroll","background-type":"","background-media":"","overlay-type":"","overlay-color":"","overlay-opacity":"","overlay-gradient":""},"mobile":{"background-color":"","background-image":"","background-repeat":"repeat","background-position":"center center","background-size":"auto","background-attachment":"scroll","background-type":"","background-media":"","overlay-type":"","overlay-color":"","overlay-opacity":"","overlay-gradient":""}},"ast-content-background-meta":{"desktop":{"background-color":"var(--ast-global-color-5)","background-image":"","background-repeat":"repeat","background-position":"center center","background-size":"auto","background-attachment":"scroll","background-type":"","background-media":"","overlay-type":"","overlay-color":"","overlay-opacity":"","overlay-gradient":""},"tablet":{"background-color":"var(--ast-global-color-5)","background-image":"","background-repeat":"repeat","background-position":"center center","background-size":"auto","background-attachment":"scroll","background-type":"","background-media":"","overlay-type":"","overlay-color":"","overlay-opacity":"","overlay-gradient":""},"mobile":{"background-color":"var(--ast-global-color-5)","background-image":"","background-repeat":"repeat","background-position":"center center","background-size":"auto","background-attachment":"scroll","background-type":"","background-media":"","overlay-type":"","overlay-color":"","overlay-opacity":"","overlay-gradient":""}}},"product_brand":[],"product_cat":[84],"product_tag":[],"class_list":{"0":"post-5849","1":"product","2":"type-product","3":"status-publish","4":"has-post-thumbnail","6":"product_cat-lifevac-komplektid","7":"desktop-align-left","8":"tablet-align-left","9":"mobile-align-left","11":"first","12":"instock","13":"sale","14":"featured","15":"taxable","16":"shipping-taxable","17":"purchasable","18":"product-type-simple"},"aioseo_notices":[],"uagb_featured_image_src":{"full":["https:\/\/lifevac.lt\/wp-content\/uploads\/2024\/11\/LifeVac-namu-rinkinys-01.jpeg",2500,2500,false],"thumbnail":["https:\/\/lifevac.lt\/wp-content\/uploads\/2024\/11\/LifeVac-namu-rinkinys-01-150x150.jpeg",150,150,true],"medium":["https:\/\/lifevac.lt\/wp-content\/uploads\/2024\/11\/LifeVac-namu-rinkinys-01-300x300.jpeg",300,300,true],"medium_large":["https:\/\/lifevac.lt\/wp-content\/uploads\/2024\/11\/LifeVac-namu-rinkinys-01-768x768.jpeg",768,768,true],"large":["https:\/\/lifevac.lt\/wp-content\/uploads\/2024\/11\/LifeVac-namu-rinkinys-01-1024x1024.jpeg",1024,1024,true],"1536x1536":["https:\/\/lifevac.lt\/wp-content\/uploads\/2024\/11\/LifeVac-namu-rinkinys-01-1536x1536.jpeg",1536,1536,true],"2048x2048":["https:\/\/lifevac.lt\/wp-content\/uploads\/2024\/11\/LifeVac-namu-rinkinys-01-2048x2048.jpeg",2048,2048,true],"woocommerce_thumbnail":["https:\/\/lifevac.lt\/wp-content\/uploads\/2024\/11\/LifeVac-namu-rinkinys-01-300x300.jpeg",300,300,true],"woocommerce_single":["https:\/\/lifevac.lt\/wp-content\/uploads\/2024\/11\/LifeVac-namu-rinkinys-01-600x600.jpeg",600,600,true],"woocommerce_gallery_thumbnail":["https:\/\/lifevac.lt\/wp-content\/uploads\/2024\/11\/LifeVac-namu-rinkinys-01-100x100.jpeg",100,100,true]},"uagb_author_info":{"display_name":"sigitas@omvi.lt","author_link":"https:\/\/lifevac.lt\/et\/blog\/author\/"},"uagb_comment_info":0,"uagb_excerpt":"LifeVac on patenteeritud elup\u00e4\u00e4stevahend, mis on tunnustatud kui t\u00f5hus viis lapse v\u00f5i t\u00e4iskasvanu abistamiseks l\u00e4mbumise korral. Tunnustatud kuimaailma nr. 1 l\u00e4mbumisaparaat. Komplektis: LifeVac hingamisteede puhastusseade 1x mask suurus L- t\u00e4iskasvanu 1 x mask suurus S - v\u00e4ikestele t\u00e4iskasvanutele v\u00f5i lastele 1 x lastemask 1 x testmask 1 x kasutusjuhend 1 akna\/ukse kleebis - et teaksite,&hellip;","_links":{"self":[{"href":"https:\/\/lifevac.lt\/et\/wp-json\/wp\/v2\/product\/5849","targetHints":{"allow":["GET"]}}],"collection":[{"href":"https:\/\/lifevac.lt\/et\/wp-json\/wp\/v2\/product"}],"about":[{"href":"https:\/\/lifevac.lt\/et\/wp-json\/wp\/v2\/types\/product"}],"replies":[{"embeddable":true,"href":"https:\/\/lifevac.lt\/et\/wp-json\/wp\/v2\/comments?post=5849"}],"wp:featuredmedia":[{"embeddable":true,"href":"https:\/\/lifevac.lt\/et\/wp-json\/wp\/v2\/media\/5850"}],"wp:attachment":[{"href":"https:\/\/lifevac.lt\/et\/wp-json\/wp\/v2\/media?parent=5849"}],"wp:term":[{"taxonomy":"product_brand","embeddable":true,"href":"https:\/\/lifevac.lt\/et\/wp-json\/wp\/v2\/product_brand?post=5849"},{"taxonomy":"product_cat","embeddable":true,"href":"https:\/\/lifevac.lt\/et\/wp-json\/wp\/v2\/product_cat?post=5849"},{"taxonomy":"product_tag","embeddable":true,"href":"https:\/\/lifevac.lt\/et\/wp-json\/wp\/v2\/product_tag?post=5849"}],"curies":[{"name":"wp","href":"https:\/\/api.w.org\/{rel}","templated":true}]}}