{"id":5820,"date":"2024-11-27T15:21:16","date_gmt":"2024-11-27T15:21:16","guid":{"rendered":"https:\/\/lifevac.lt\/kohaletoimetamine\/"},"modified":"2025-03-12T10:07:28","modified_gmt":"2025-03-12T10:07:28","slug":"kohaletoimetamine","status":"publish","type":"page","link":"https:\/\/lifevac.lt\/et\/kohaletoimetamine\/","title":{"rendered":"Kohaletoimetamine"},"content":{"rendered":"\n<div class=\"wp-block-uagb-container uagb-block-8b41988d alignfull uagb-is-root-container\"><div class=\"uagb-container-inner-blocks-wrap\">\n<h2 class=\"wp-block-heading\">Tarnetingimused<\/h2>\n\n\n\n<div class=\"wp-block-columns is-layout-flex wp-container-core-columns-is-layout-1 wp-block-columns-is-layout-flex\">\n<div class=\"wp-block-column is-layout-flow wp-block-column-is-layout-flow\" style=\"flex-basis:50%\">\n<div class=\"wp-block-uagb-info-box uagb-block-1f06c722 uagb-infobox__content-wrap  uagb-infobox-icon-above-title uagb-infobox-image-valign-top\"><div class=\"uagb-ifb-content\"><div class=\"uagb-ifb-title-wrap\"><h3 class=\"uagb-ifb-title\">Kohaletoimetamine<\/h3><\/div><p class=\"uagb-ifb-desc\">Niipea, kui oleme saanud teie makse, alustame kohe saadetise ettevalmistamist, et LifeVac j\u00f5uaks teieni nii kiiresti kui v\u00f5imalik. Kohaletoimetamise tagab *Venipak*. <br\/>K\u00f5ik \u00fcle 100 euro suurused tellimused toimetatakse kohale tasuta.<\/p><\/div><\/div>\n\n\n\n<figure class=\"wp-block-table\"><table class=\"has-fixed-layout\"><thead><tr><th><strong>Tarneviis<\/strong><\/th><th><strong>Tarneaeg<\/strong><\/th><th><strong>Hind*<\/strong><\/th><\/tr><\/thead><tbody><tr><td><strong>Venipaki kulleriga kohaletoimetamine<\/strong><\/td><td>1-3 t\u00f6\u00f6p\u00e4eva<\/td><td>3,99 EUR<\/td><\/tr><tr><td><strong>Kohaletoimetamine Venipaki postkontorite kaudu<\/strong><\/td><td>1-3 t\u00f6\u00f6p\u00e4eva<\/td><td>2,69 EUR<\/td><\/tr><\/tbody><\/table><figcaption class=\"wp-element-caption\">*Kuradi v\u00e4inale tarnimise eest tuleb maksta 30eur lisatasu.<\/figcaption><\/figure>\n<\/div>\n\n\n\n<div class=\"wp-block-column is-vertically-aligned-center is-layout-flow wp-block-column-is-layout-flow\" style=\"flex-basis:50%\">\n<figure class=\"wp-block-image aligncenter size-full\"><img loading=\"lazy\" decoding=\"async\" width=\"622\" height=\"350\" src=\"https:\/\/lifevac.lt\/wp-content\/uploads\/2024\/11\/pexels-photo-5025647-5025647.jpg\" alt=\"Kuller kirjutab klambril kuhjatud pappkastide k&#xF5;rval kaubikusse.\" class=\"wp-image-3812\" srcset=\"https:\/\/lifevac.lt\/wp-content\/uploads\/2024\/11\/pexels-photo-5025647-5025647.jpg 622w, https:\/\/lifevac.lt\/wp-content\/uploads\/2024\/11\/pexels-photo-5025647-5025647-300x169.jpg 300w, https:\/\/lifevac.lt\/wp-content\/uploads\/2024\/11\/pexels-photo-5025647-5025647-600x338.jpg 600w\" sizes=\"auto, (max-width: 622px) 100vw, 622px\" \/><\/figure>\n<\/div>\n<\/div>\n<\/div><\/div>\n","protected":false},"excerpt":{"rendered":"<p>Tarnetingimused Tarneviis Tarneaeg Hind* Venipaki kulleriga kohaletoimetamine 1-3 t\u00f6\u00f6p\u00e4eva 3,99 EUR Kohaletoimetamine Venipaki postkontorite kaudu 1-3 t\u00f6\u00f6p\u00e4eva 2,69 EUR *Kuradi v\u00e4inale tarnimise eest tuleb maksta 30eur lisatasu.<\/p>\n","protected":false},"author":1,"featured_media":0,"parent":0,"menu_order":0,"comment_status":"closed","ping_status":"closed","template":"","meta":{"_uag_custom_page_level_css":"","_monsterinsights_skip_tracking":false,"_monsterinsights_sitenote_active":false,"_monsterinsights_sitenote_note":"","_monsterinsights_sitenote_category":0,"site-sidebar-layout":"default","site-content-layout":"","ast-site-content-layout":"default","site-content-style":"default","site-sidebar-style":"default","ast-global-header-display":"","ast-banner-title-visibility":"","ast-main-header-display":"","ast-hfb-above-header-display":"","ast-hfb-below-header-display":"","ast-hfb-mobile-header-display":"","site-post-title":"disabled","ast-breadcrumbs-content":"","ast-featured-img":"","footer-sml-layout":"","ast-disable-related-posts":"","theme-transparent-header-meta":"","adv-header-id-meta":"","stick-header-meta":"","header-above-stick-meta":"","header-main-stick-meta":"","header-below-stick-meta":"","astra-migrate-meta-layouts":"default","ast-page-background-enabled":"default","ast-page-background-meta":{"desktop":{"background-color":"","background-image":"","background-repeat":"repeat","background-position":"center center","background-size":"auto","background-attachment":"scroll","background-type":"","background-media":"","overlay-type":"","overlay-color":"","overlay-opacity":"","overlay-gradient":""},"tablet":{"background-color":"","background-image":"","background-repeat":"repeat","background-position":"center center","background-size":"auto","background-attachment":"scroll","background-type":"","background-media":"","overlay-type":"","overlay-color":"","overlay-opacity":"","overlay-gradient":""},"mobile":{"background-color":"","background-image":"","background-repeat":"repeat","background-position":"center center","background-size":"auto","background-attachment":"scroll","background-type":"","background-media":"","overlay-type":"","overlay-color":"","overlay-opacity":"","overlay-gradient":""}},"ast-content-background-meta":{"desktop":{"background-color":"var(--ast-global-color-5)","background-image":"","background-repeat":"repeat","background-position":"center center","background-size":"auto","background-attachment":"scroll","background-type":"","background-media":"","overlay-type":"","overlay-color":"","overlay-opacity":"","overlay-gradient":""},"tablet":{"background-color":"var(--ast-global-color-5)","background-image":"","background-repeat":"repeat","background-position":"center center","background-size":"auto","background-attachment":"scroll","background-type":"","background-media":"","overlay-type":"","overlay-color":"","overlay-opacity":"","overlay-gradient":""},"mobile":{"background-color":"var(--ast-global-color-5)","background-image":"","background-repeat":"repeat","background-position":"center center","background-size":"auto","background-attachment":"scroll","background-type":"","background-media":"","overlay-type":"","overlay-color":"","overlay-opacity":"","overlay-gradient":""}},"footnotes":""},"class_list":["post-5820","page","type-page","status-publish","hentry"],"aioseo_notices":[],"uagb_featured_image_src":{"full":false,"thumbnail":false,"medium":false,"medium_large":false,"large":false,"1536x1536":false,"2048x2048":false,"woocommerce_thumbnail":false,"woocommerce_single":false,"woocommerce_gallery_thumbnail":false},"uagb_author_info":{"display_name":"sigitas@omvi.lt","author_link":"https:\/\/lifevac.lt\/et\/blog\/author\/sigitasomvi-lt\/"},"uagb_comment_info":0,"uagb_excerpt":"Tarnetingimused Tarneviis Tarneaeg Hind* Venipaki kulleriga kohaletoimetamine 1-3 t\u00f6\u00f6p\u00e4eva 3,99 EUR Kohaletoimetamine Venipaki postkontorite kaudu 1-3 t\u00f6\u00f6p\u00e4eva 2,69 EUR *Kuradi v\u00e4inale tarnimise eest tuleb maksta 30eur lisatasu.","_links":{"self":[{"href":"https:\/\/lifevac.lt\/et\/wp-json\/wp\/v2\/pages\/5820","targetHints":{"allow":["GET"]}}],"collection":[{"href":"https:\/\/lifevac.lt\/et\/wp-json\/wp\/v2\/pages"}],"about":[{"href":"https:\/\/lifevac.lt\/et\/wp-json\/wp\/v2\/types\/page"}],"author":[{"embeddable":true,"href":"https:\/\/lifevac.lt\/et\/wp-json\/wp\/v2\/users\/1"}],"replies":[{"embeddable":true,"href":"https:\/\/lifevac.lt\/et\/wp-json\/wp\/v2\/comments?post=5820"}],"version-history":[{"count":1,"href":"https:\/\/lifevac.lt\/et\/wp-json\/wp\/v2\/pages\/5820\/revisions"}],"predecessor-version":[{"id":5822,"href":"https:\/\/lifevac.lt\/et\/wp-json\/wp\/v2\/pages\/5820\/revisions\/5822"}],"wp:attachment":[{"href":"https:\/\/lifevac.lt\/et\/wp-json\/wp\/v2\/media?parent=5820"}],"curies":[{"name":"wp","href":"https:\/\/api.w.org\/{rel}","templated":true}]}}