{"id":5817,"date":"2024-11-27T13:31:16","date_gmt":"2024-11-27T13:31:16","guid":{"rendered":"https:\/\/lifevac.lt\/tukastumise-ennetamine\/"},"modified":"2025-03-12T09:50:23","modified_gmt":"2025-03-12T09:50:23","slug":"tukastumise-ennetamine","status":"publish","type":"page","link":"https:\/\/lifevac.lt\/et\/tukastumise-ennetamine\/","title":{"rendered":"Tukastumise ennetamine"},"content":{"rendered":"\n<div class=\"wp-block-uagb-container uagb-block-d30f145e alignfull uagb-is-root-container\"><div class=\"uagb-container-inner-blocks-wrap\">\n<h2 class=\"wp-block-heading has-text-align-left has-ast-global-color-8-background-color has-background\">l\u00e4mbumisoht<\/h2>\n\n\n\n<p><strong>Me k\u00f5ik oleme haavatavad!<\/strong><\/p>\n\n\n\n<p>Kuigi enamik l\u00e4mbumisjuhtumeid esineb v\u00e4ga noortel ja eakatel, ei ole keegi t\u00e4iesti immuunne, isegi mitte terved noored t\u00e4iskasvanud.<\/p>\n\n\n\n<p>Neelamine on keeruline protsess, mida enamik meist peab enesestm\u00f5istetavaks. Kui aga j\u00e4rsku sisse hingata, v\u00f5ib hingamisteedesse sattuda v\u00f5\u00f5rkeha. Midagi ei saa pidada enesestm\u00f5istetavaks!  <\/p>\n\n\n\n<p>Neid fakte kinnitavad ja dokumenteerivad paljud s\u00f5ltumatud rahvusvahelised organisatsioonid ja asutused kogu maailmas.<\/p>\n\n\n\n<p>Maailma Terviseorganisatsiooni (WHO) andmetel on l\u00e4mbumine \u00fcks viiest peamisest tahtmatu surma p\u00f5hjusest.<\/p>\n\n\n\n<p>ELi andmed n\u00e4itavad, et:<\/p>\n\n\n\n<ul class=\"wp-block-list\">\n<li><strong>60% lastel esinevatest haigestumistest<\/strong> on p\u00f5hjustatud toiduga seotud ohtudest, samas kui t\u00e4iskasvanute seas on see n\u00e4itaja <strong>umbes 85%<\/strong>.<\/li>\n\n\n\n<li>Toiduainetega mitteseotud ohud, nagu plastmassid, v\u00e4ikesed metallosad, m\u00fcndid ja m\u00e4nguasjad, moodustavad <strong>30% laste puhul<\/strong>, samas kui t\u00e4iskasvanute <strong>puhul on see n\u00e4itaja ligikaudu 10%<\/strong>.<\/li>\n\n\n\n<li><strong>Lastel on 10% juhtudest<\/strong> p\u00f5hjustatud muudest p\u00f5hjustest, samas kui t\u00e4iskasvanutel on see n\u00e4itaja <strong>umbes 5%<\/strong>.<\/li>\n<\/ul>\n\n\n\n<p>Hinnanguliselt on igal aastal:<\/p>\n\n\n\n<ul class=\"wp-block-list\">\n<li><strong>400 last<\/strong> (14-aastased v\u00f5i nooremad) sureb l\u00e4mbumise t\u00f5ttu.<\/li>\n\n\n\n<li><strong>50 000 last<\/strong> (14-aastased v\u00f5i nooremad) kannatavad l\u00e4mbumise t\u00f5ttu.<\/li>\n\n\n\n<li><strong>3 000 t\u00e4iskasvanut<\/strong> sureb toidu l\u00e4mbumise t\u00f5ttu.<\/li>\n\n\n\n<li><strong>280 000 t\u00e4iskasvanut<\/strong> kannatab l\u00e4mbumise all.<\/li>\n<\/ul>\n<\/div><\/div>\n\n<div class=\"wp-block-uagb-container uagb-block-b2a449ca alignfull uagb-is-root-container\"><div class=\"uagb-container-inner-blocks-wrap\">\n<h2 class=\"wp-block-heading has-ast-global-color-8-background-color has-background\">K\u00f5ige tavalisem l\u00e4mbumise p\u00f5hjus<\/h2>\n\n\n\n<p>Ameerika Lastearstide Akadeemia tunnistas 2010. aastal teaduslikus uuringus, et need toidud ja esemed kujutavad endast suurt l\u00e4mbumisohtu: <\/p>\n\n\n\n<figure class=\"wp-block-table\"><table class=\"has-fixed-layout\"><thead><tr><th>Toiduained<\/th><th>Artiklid<\/th><\/tr><\/thead><tbody><tr><td>Vorsti<\/td><td>M\u00fcndid<\/td><\/tr><tr><td>Karmid kommid<\/td><td>Nupud<\/td><\/tr><tr><td>N\u00e4rimiskummi<\/td><td>Marmor marmor<\/td><\/tr><tr><td>P\u00e4hklid ja seemned<\/td><td>V\u00e4ikesed pallid<\/td><\/tr><tr><td>Liha- ja juustut\u00fckid<\/td><td>Lateks \u00f5hupallid<\/td><\/tr><tr><td>Viinamarjad<\/td><td>Kellapatareid ja \u00fcmmargused patareid<\/td><\/tr><tr><td>Sprague<\/td><td>Juuksen\u00f5elad ja helmed<\/td><\/tr><tr><td>Maap\u00e4hkliv\u00f5i t\u00fckid<\/td><td>Pliiatsi v\u00f5i markeri korgid<\/td><\/tr><tr><td>Toores k\u00f6\u00f6givili<\/td><td>V\u00e4ikesed m\u00e4nguasjad<\/td><\/tr><tr><td>Rosinad<\/td><td>V\u00e4ikeste osadega m\u00e4nguasjad<\/td><\/tr><\/tbody><\/table><\/figure>\n\n\n\n<p>Samal ajal on Ameerika haiguste kontrolli ja ennetamise keskus (C.D.C.) avaldanud aruande eakate, eriti \u00fcle 60-aastaste kohta. Selles m\u00e4rgitakse, et l\u00e4mbumisoht on selles vanuser\u00fchmas k\u00f5ige t\u00f5sisem: <\/p>\n\n\n\n<figure class=\"wp-block-table\"><table class=\"has-fixed-layout\"><thead><tr><th><strong>Toiduained<\/strong><\/th><th><strong>M\u00e4rkused<\/strong><\/th><\/tr><\/thead><tbody><tr><td>Vesi<\/td><td>Vedelik on nii vedel, et vanemad inimesed v\u00f5ivad selle sisse l\u00e4mbuda.<\/td><\/tr><tr><td>Vorstid<\/td><td>Kui peate neid serveerima, koorige nahk maha (see on ohtlik) ja l\u00f5igake need \u00f5hukesteks viiludeks.<\/td><\/tr><tr><td>Steigid v\u00f5i suured lihat\u00fckid<\/td><td><\/td><\/tr><tr><td>Luudega kana<\/td><td><\/td><\/tr><tr><td>Sprague<\/td><td><\/td><\/tr><tr><td>Pizza<\/td><td>Eriti kui on k\u00fclm<\/td><\/tr><tr><td>Karmid kommid<\/td><td><\/td><\/tr><tr><td>Leib<\/td><td>Eriti valge leib. Kui vanemad inimesed joovad vett, v\u00f5ib leib paisuda nagu k\u00e4sn ja blokeerida hingamisteed. <\/td><\/tr><tr><td>Kook piimaga<\/td><td>Eespool esitatud p\u00f5hjustel.<\/td><\/tr><tr><td>Kuivad kreekerid, riisikr\u00f5psud<\/td><td><\/td><\/tr><tr><td>Valge leib maap\u00e4hkliv\u00f5iga<\/td><td>V\u00f5ib kasutada liimina. Maap\u00e4hkliv\u00f5iga serveerimisel parem lisada palju moosi. <\/td><\/tr><tr><td>Suured puuviljat\u00fckid, nagu ananass v\u00f5i \u00f5unad.<\/td><td><\/td><\/tr><\/tbody><\/table><\/figure>\n<\/div><\/div>\n\n<div class=\"wp-block-uagb-container uagb-block-78c5003b alignfull uagb-is-root-container\"><div class=\"uagb-container-inner-blocks-wrap\">\n<h2 class=\"wp-block-heading has-ast-global-color-8-background-color has-background\">Kevade ennetamine  <\/h2>\n\n\n\n<p><strong>Lastele:<\/strong> l\u00e4mbumisjuhtumite v\u00e4ltimiseks hoidke lapsed eespool loetletud esemetest ja toiduainetest eemal. Samuti: <\/p>\n\n\n\n<ul class=\"wp-block-list\">\n<li>J\u00e4lgige oma lapsi s\u00f6\u00f6mise ja m\u00e4ngimise ajal.<\/li>\n\n\n\n<li>Looge ohutu m\u00e4ngukeskkond, eemaldades k\u00f5ik v\u00e4ikesed m\u00e4nguasjad ja esemed.<\/li>\n\n\n\n<li>L\u00f5ika toit v\u00e4ga v\u00e4ikesteks t\u00fckkideks.<\/li>\n\n\n\n<li>J\u00e4lgige vanemaid lapsi, et nad ei annaks noorematele lastele toitu v\u00f5i muid esemeid.<\/li>\n\n\n\n<li>\u00d5petage lapsi s\u00f6\u00f6ma p\u00fcsti istudes.<\/li>\n\n\n\n<li>\u00d5ppige elustamist ja Heimlichi man\u00f6\u00f6vrit.<\/li>\n<\/ul>\n\n\n\n<p><strong>Eakatele ja teistele haavatavatele r\u00fchmadele:<\/strong> valige kergemini neelatavaid toiduaineid, n\u00e4iteks fileeritud kala, hakkliha, supid, \u0161okolaad (kui see j\u00e4\u00e4b kinni, siis sulab), \u00f5unakaste, puding, tarretis, kergelt r\u00f6stitud leib v\u00f5iga v\u00f5i moosiga. Samuti:<\/p>\n\n\n\n<ul class=\"wp-block-list\">\n<li>Kui pakute \u00f5unu, siis veenduge, et need on kooritud.<\/li>\n\n\n\n<li>Looge rahulik keskkond, et toitu s\u00fc\u00fcakse aeglaselt.<\/li>\n\n\n\n<li>\u00c4rge tarbige toitu k\u00f5ndimise v\u00f5i jooksmise ajal.<\/li>\n\n\n\n<li>\u00d5ppige elustamist ja Heimlichi man\u00f6\u00f6vrit.<\/li>\n<\/ul>\n<\/div><\/div>\n\n<p><\/p>\n\n<div class=\"wp-block-uagb-container uagb-block-2e3ea3d7 alignfull uagb-is-root-container\"><div class=\"uagb-container-inner-blocks-wrap\">\n<div class=\"wp-block-uagb-container uagb-block-25728d20 alignfull uagb-is-root-container\"><div class=\"uagb-container-inner-blocks-wrap\">\n<div class=\"wp-block-cover alignfull has-custom-content-position is-position-top-left\" style=\"margin-top:0;padding-top:5vw;padding-right:5vw;padding-bottom:5vw;padding-left:5vw;min-height:50vh;aspect-ratio:unset;\"><span aria-hidden=\"true\" class=\"wp-block-cover__background has-background-dim-30 has-background-dim\" style=\"background-color:#141414\"><\/span><img loading=\"lazy\" decoding=\"async\" width=\"2048\" height=\"1600\" class=\"wp-block-cover__image-background wp-image-3757\" alt=\"\" src=\"https:\/\/lifevac.lt\/wp-content\/uploads\/2024\/11\/Springimas.png\" style=\"object-position:50% 38%\" data-object-fit=\"cover\" data-object-position=\"50% 38%\" srcset=\"https:\/\/lifevac.lt\/wp-content\/uploads\/2024\/11\/Springimas.png 2048w, https:\/\/lifevac.lt\/wp-content\/uploads\/2024\/11\/Springimas-300x234.png 300w, https:\/\/lifevac.lt\/wp-content\/uploads\/2024\/11\/Springimas-1024x800.png 1024w, https:\/\/lifevac.lt\/wp-content\/uploads\/2024\/11\/Springimas-768x600.png 768w, https:\/\/lifevac.lt\/wp-content\/uploads\/2024\/11\/Springimas-1536x1200.png 1536w, https:\/\/lifevac.lt\/wp-content\/uploads\/2024\/11\/Springimas-600x469.png 600w\" sizes=\"auto, (max-width: 2048px) 100vw, 2048px\" \/><div class=\"wp-block-cover__inner-container is-layout-flow wp-block-cover-is-layout-flow\">\n<div class=\"wp-block-columns is-layout-flex wp-container-core-columns-is-layout-1 wp-block-columns-is-layout-flex\">\n<div class=\"wp-block-column is-vertically-aligned-center has-x-large-font-size is-layout-flow wp-block-column-is-layout-flow\">\n<div class=\"wp-block-uagb-info-box uagb-block-95ac242a uagb-infobox__content-wrap  uagb-infobox-icon-above-title uagb-infobox-image-valign-top\"><div class=\"uagb-ifb-content\"><div class=\"uagb-ifb-title-wrap\"><\/div><p class=\"uagb-ifb-desc\">Mida teha ja mida mitte teha l\u00e4mbumise korral<\/p><div class=\"uagb-ifb-button-wrapper wp-block-button\"><a href=\"https:\/\/lifevac.lt\/et\/mida-teha-ja-mida-mitte-teha-lambumise-korral\/\" class=\"uagb-infobox-cta-link wp-block-button__link\" target=\"_self\" rel=\"noopener noreferrer\"><span class=\"uagb-inline-editing\">Loe edasi<\/span><\/a><\/div><\/div><\/div>\n<\/div>\n<\/div>\n<\/div><\/div>\n<\/div><\/div>\n<\/div><\/div>\n\n<div class=\"wp-block-uagb-container uagb-block-42ba787f alignfull uagb-is-root-container\"><div class=\"uagb-container-inner-blocks-wrap\">\n<h2 class=\"wp-block-heading\">Osta LifeVac komplekt n\u00fc\u00fcd<\/h2>\n\n\n<div class=\"woocommerce columns-4 \"><ul class=\"products columns-4\">\n<li class=\"desktop-align-left tablet-align-left mobile-align-left product type-product post-5849 status-publish first instock product_cat-lifevac-komplektid has-post-thumbnail sale featured taxable shipping-taxable purchasable product-type-simple\">\n\t<a href=\"https:\/\/lifevac.lt\/et\/tooteid\/lifevac-kodukomplekt\/\" class=\"woocommerce-LoopProduct-link woocommerce-loop-product__link\">\n\t<span  class=\"onsale\" data-notification=\"default\">Sale!<\/span>\n\t<img loading=\"lazy\" decoding=\"async\" width=\"300\" height=\"300\" src=\"https:\/\/lifevac.lt\/wp-content\/uploads\/2024\/11\/LifeVac-namu-rinkinys-01-300x300.jpeg\" class=\"attachment-woocommerce_thumbnail size-woocommerce_thumbnail\" alt=\"LifeVac kodukomplekt\" srcset=\"https:\/\/lifevac.lt\/wp-content\/uploads\/2024\/11\/LifeVac-namu-rinkinys-01-300x300.jpeg 300w, https:\/\/lifevac.lt\/wp-content\/uploads\/2024\/11\/LifeVac-namu-rinkinys-01-1024x1024.jpeg 1024w, https:\/\/lifevac.lt\/wp-content\/uploads\/2024\/11\/LifeVac-namu-rinkinys-01-150x150.jpeg 150w, https:\/\/lifevac.lt\/wp-content\/uploads\/2024\/11\/LifeVac-namu-rinkinys-01-768x768.jpeg 768w, https:\/\/lifevac.lt\/wp-content\/uploads\/2024\/11\/LifeVac-namu-rinkinys-01-1536x1536.jpeg 1536w, https:\/\/lifevac.lt\/wp-content\/uploads\/2024\/11\/LifeVac-namu-rinkinys-01-2048x2048.jpeg 2048w, https:\/\/lifevac.lt\/wp-content\/uploads\/2024\/11\/LifeVac-namu-rinkinys-01-600x600.jpeg 600w, https:\/\/lifevac.lt\/wp-content\/uploads\/2024\/11\/LifeVac-namu-rinkinys-01-100x100.jpeg 100w\" sizes=\"auto, (max-width: 300px) 100vw, 300px\" \/><h2 class=\"woocommerce-loop-product__title\">LifeVac kodukomplekt<\/h2>\n\t<span class=\"price\"><del aria-hidden=\"true\"><span class=\"woocommerce-Price-amount amount\"><bdi><span class=\"woocommerce-Price-currencySymbol\">&euro;<\/span>89,99<\/bdi><\/span><\/del> <span class=\"screen-reader-text\">Algne hind oli: &euro;89,99.<\/span><ins aria-hidden=\"true\"><span class=\"woocommerce-Price-amount amount\"><bdi><span class=\"woocommerce-Price-currencySymbol\">&euro;<\/span>80,99<\/bdi><\/span><\/ins><span class=\"screen-reader-text\">Current price is: &euro;80,99.<\/span><\/span>\n<\/a><a href=\"\/et\/wp-json\/wp\/v2\/pages\/5817?add-to-cart=5849\" aria-describedby=\"woocommerce_loop_add_to_cart_link_describedby_5849\" data-quantity=\"1\" class=\"button product_type_simple add_to_cart_button ajax_add_to_cart\" data-product_id=\"5849\" data-product_sku=\"LV01\" aria-label=\"Add to cart: &ldquo;LifeVac kodukomplekt&rdquo;\" rel=\"nofollow\" data-success_message=\"&ldquo;LifeVac kodukomplekt&rdquo; has been added to your cart\">Lisa korvi<\/a>\t<span id=\"woocommerce_loop_add_to_cart_link_describedby_5849\" class=\"screen-reader-text\">\n\t\t\t<\/span>\n<\/li>\n<li class=\"desktop-align-left tablet-align-left mobile-align-left product type-product post-6008 status-publish instock product_cat-lifevac-komplektid has-post-thumbnail sale featured taxable shipping-taxable purchasable product-type-simple\">\n\t<a href=\"https:\/\/lifevac.lt\/et\/tooteid\/lifevac-reisikomplekt\/\" class=\"woocommerce-LoopProduct-link woocommerce-loop-product__link\">\n\t<span  class=\"onsale\" data-notification=\"default\">Sale!<\/span>\n\t<img loading=\"lazy\" decoding=\"async\" width=\"300\" height=\"300\" src=\"https:\/\/lifevac.lt\/wp-content\/uploads\/2024\/11\/LifeVac-kelioninis-rinkinys-300x300.jpg\" class=\"attachment-woocommerce_thumbnail size-woocommerce_thumbnail\" alt=\"LifeVac reisikomplekt\" srcset=\"https:\/\/lifevac.lt\/wp-content\/uploads\/2024\/11\/LifeVac-kelioninis-rinkinys-300x300.jpg 300w, https:\/\/lifevac.lt\/wp-content\/uploads\/2024\/11\/LifeVac-kelioninis-rinkinys-1024x1024.jpg 1024w, https:\/\/lifevac.lt\/wp-content\/uploads\/2024\/11\/LifeVac-kelioninis-rinkinys-150x150.jpg 150w, https:\/\/lifevac.lt\/wp-content\/uploads\/2024\/11\/LifeVac-kelioninis-rinkinys-768x768.jpg 768w, https:\/\/lifevac.lt\/wp-content\/uploads\/2024\/11\/LifeVac-kelioninis-rinkinys-1536x1536.jpg 1536w, https:\/\/lifevac.lt\/wp-content\/uploads\/2024\/11\/LifeVac-kelioninis-rinkinys-2048x2048.jpg 2048w, https:\/\/lifevac.lt\/wp-content\/uploads\/2024\/11\/LifeVac-kelioninis-rinkinys-600x600.jpg 600w, https:\/\/lifevac.lt\/wp-content\/uploads\/2024\/11\/LifeVac-kelioninis-rinkinys-100x100.jpg 100w\" sizes=\"auto, (max-width: 300px) 100vw, 300px\" \/><h2 class=\"woocommerce-loop-product__title\">LifeVac reisikomplekt<\/h2>\n\t<span class=\"price\"><del aria-hidden=\"true\"><span class=\"woocommerce-Price-amount amount\"><bdi><span class=\"woocommerce-Price-currencySymbol\">&euro;<\/span>99,95<\/bdi><\/span><\/del> <span class=\"screen-reader-text\">Algne hind oli: &euro;99,95.<\/span><ins aria-hidden=\"true\"><span class=\"woocommerce-Price-amount amount\"><bdi><span class=\"woocommerce-Price-currencySymbol\">&euro;<\/span>89,95<\/bdi><\/span><\/ins><span class=\"screen-reader-text\">Current price is: &euro;89,95.<\/span><\/span>\n<\/a><a href=\"\/et\/wp-json\/wp\/v2\/pages\/5817?add-to-cart=6008\" aria-describedby=\"woocommerce_loop_add_to_cart_link_describedby_6008\" data-quantity=\"1\" class=\"button product_type_simple add_to_cart_button ajax_add_to_cart\" data-product_id=\"6008\" data-product_sku=\"LV14\" aria-label=\"Add to cart: &ldquo;LifeVac reisikomplekt&rdquo;\" rel=\"nofollow\" data-success_message=\"&ldquo;LifeVac reisikomplekt&rdquo; has been added to your cart\">Lisa korvi<\/a>\t<span id=\"woocommerce_loop_add_to_cart_link_describedby_6008\" class=\"screen-reader-text\">\n\t\t\t<\/span>\n<\/li>\n<li class=\"desktop-align-left tablet-align-left mobile-align-left product type-product post-5995 status-publish instock product_cat-lifevac-komplektid has-post-thumbnail featured taxable shipping-taxable purchasable product-type-simple\">\n\t<a href=\"https:\/\/lifevac.lt\/et\/tooteid\/lifevac-komplekt-esmareageerijatele\/\" class=\"woocommerce-LoopProduct-link woocommerce-loop-product__link\"><img loading=\"lazy\" decoding=\"async\" width=\"300\" height=\"300\" src=\"https:\/\/lifevac.lt\/wp-content\/uploads\/2024\/11\/EMS-Kit-300x300.jpg\" class=\"attachment-woocommerce_thumbnail size-woocommerce_thumbnail\" alt=\"LifeVac komplekt esmareageerijatele\" srcset=\"https:\/\/lifevac.lt\/wp-content\/uploads\/2024\/11\/EMS-Kit-300x300.jpg 300w, https:\/\/lifevac.lt\/wp-content\/uploads\/2024\/11\/EMS-Kit-1024x1024.jpg 1024w, https:\/\/lifevac.lt\/wp-content\/uploads\/2024\/11\/EMS-Kit-150x150.jpg 150w, https:\/\/lifevac.lt\/wp-content\/uploads\/2024\/11\/EMS-Kit-768x768.jpg 768w, https:\/\/lifevac.lt\/wp-content\/uploads\/2024\/11\/EMS-Kit-1536x1536.jpg 1536w, https:\/\/lifevac.lt\/wp-content\/uploads\/2024\/11\/EMS-Kit-600x600.jpg 600w, https:\/\/lifevac.lt\/wp-content\/uploads\/2024\/11\/EMS-Kit-100x100.jpg 100w, https:\/\/lifevac.lt\/wp-content\/uploads\/2024\/11\/EMS-Kit.jpg 2000w\" sizes=\"auto, (max-width: 300px) 100vw, 300px\" \/><h2 class=\"woocommerce-loop-product__title\">LifeVac komplekt esmareageerijatele<\/h2>\n\t<span class=\"price\"><span class=\"woocommerce-Price-amount amount\"><bdi><span class=\"woocommerce-Price-currencySymbol\">&euro;<\/span>109,99<\/bdi><\/span><\/span>\n<\/a><a href=\"\/et\/wp-json\/wp\/v2\/pages\/5817?add-to-cart=5995\" aria-describedby=\"woocommerce_loop_add_to_cart_link_describedby_5995\" data-quantity=\"1\" class=\"button product_type_simple add_to_cart_button ajax_add_to_cart\" data-product_id=\"5995\" data-product_sku=\"LV07\" aria-label=\"Add to cart: &ldquo;LifeVac komplekt esmareageerijatele&rdquo;\" rel=\"nofollow\" data-success_message=\"&ldquo;LifeVac komplekt esmareageerijatele&rdquo; has been added to your cart\">Lisa korvi<\/a>\t<span id=\"woocommerce_loop_add_to_cart_link_describedby_5995\" class=\"screen-reader-text\">\n\t\t\t<\/span>\n<\/li>\n<li class=\"desktop-align-left tablet-align-left mobile-align-left product type-product post-5984 status-publish last instock product_cat-lifevac-komplektid has-post-thumbnail featured taxable shipping-taxable purchasable product-type-simple\">\n\t<a href=\"https:\/\/lifevac.lt\/et\/tooteid\/lifevac-seinakinnituskomplekt\/\" class=\"woocommerce-LoopProduct-link woocommerce-loop-product__link\"><img loading=\"lazy\" decoding=\"async\" width=\"300\" height=\"300\" src=\"https:\/\/lifevac.lt\/wp-content\/uploads\/2024\/11\/LifeVac-sieninis-montavimo-rinkinys-LV08-300x300.jpg\" class=\"attachment-woocommerce_thumbnail size-woocommerce_thumbnail\" alt=\"LifeVac seinakinnituskomplekt\" srcset=\"https:\/\/lifevac.lt\/wp-content\/uploads\/2024\/11\/LifeVac-sieninis-montavimo-rinkinys-LV08-300x300.jpg 300w, https:\/\/lifevac.lt\/wp-content\/uploads\/2024\/11\/LifeVac-sieninis-montavimo-rinkinys-LV08-1024x1024.jpg 1024w, https:\/\/lifevac.lt\/wp-content\/uploads\/2024\/11\/LifeVac-sieninis-montavimo-rinkinys-LV08-150x150.jpg 150w, https:\/\/lifevac.lt\/wp-content\/uploads\/2024\/11\/LifeVac-sieninis-montavimo-rinkinys-LV08-768x768.jpg 768w, https:\/\/lifevac.lt\/wp-content\/uploads\/2024\/11\/LifeVac-sieninis-montavimo-rinkinys-LV08-1536x1536.jpg 1536w, https:\/\/lifevac.lt\/wp-content\/uploads\/2024\/11\/LifeVac-sieninis-montavimo-rinkinys-LV08-2048x2048.jpg 2048w, https:\/\/lifevac.lt\/wp-content\/uploads\/2024\/11\/LifeVac-sieninis-montavimo-rinkinys-LV08-600x600.jpg 600w, https:\/\/lifevac.lt\/wp-content\/uploads\/2024\/11\/LifeVac-sieninis-montavimo-rinkinys-LV08-100x100.jpg 100w\" sizes=\"auto, (max-width: 300px) 100vw, 300px\" \/><h2 class=\"woocommerce-loop-product__title\">LifeVac seinakinnituskomplekt<\/h2>\n\t<span class=\"price\"><span class=\"woocommerce-Price-amount amount\"><bdi><span class=\"woocommerce-Price-currencySymbol\">&euro;<\/span>139,99<\/bdi><\/span><\/span>\n<\/a><a href=\"\/et\/wp-json\/wp\/v2\/pages\/5817?add-to-cart=5984\" aria-describedby=\"woocommerce_loop_add_to_cart_link_describedby_5984\" data-quantity=\"1\" class=\"button product_type_simple add_to_cart_button ajax_add_to_cart\" data-product_id=\"5984\" data-product_sku=\"LV08\" aria-label=\"Add to cart: &ldquo;LifeVac seinakinnituskomplekt&rdquo;\" rel=\"nofollow\" data-success_message=\"&ldquo;LifeVac seinakinnituskomplekt&rdquo; has been added to your cart\">Lisa korvi<\/a>\t<span id=\"woocommerce_loop_add_to_cart_link_describedby_5984\" class=\"screen-reader-text\">\n\t\t\t<\/span>\n<\/li>\n<\/ul>\n<\/div>\n<\/div><\/div>\n","protected":false},"excerpt":{"rendered":"<p>l\u00e4mbumisoht Me k\u00f5ik oleme haavatavad! Kuigi enamik l\u00e4mbumisjuhtumeid esineb v\u00e4ga noortel ja eakatel, ei ole keegi t\u00e4iesti immuunne, isegi mitte terved noored t\u00e4iskasvanud. Neelamine on keeruline protsess, mida enamik meist peab enesestm\u00f5istetavaks. Kui aga j\u00e4rsku sisse hingata, v\u00f5ib hingamisteedesse sattuda v\u00f5\u00f5rkeha. Midagi ei saa pidada enesestm\u00f5istetavaks! Neid fakte kinnitavad ja dokumenteerivad paljud s\u00f5ltumatud rahvusvahelised organisatsioonid [&hellip;]<\/p>\n","protected":false},"author":1,"featured_media":0,"parent":0,"menu_order":0,"comment_status":"closed","ping_status":"closed","template":"","meta":{"_uag_custom_page_level_css":"","_monsterinsights_skip_tracking":false,"_monsterinsights_sitenote_active":false,"_monsterinsights_sitenote_note":"","_monsterinsights_sitenote_category":0,"site-sidebar-layout":"default","site-content-layout":"","ast-site-content-layout":"default","site-content-style":"default","site-sidebar-style":"default","ast-global-header-display":"","ast-banner-title-visibility":"","ast-main-header-display":"","ast-hfb-above-header-display":"","ast-hfb-below-header-display":"","ast-hfb-mobile-header-display":"","site-post-title":"disabled","ast-breadcrumbs-content":"","ast-featured-img":"","footer-sml-layout":"","ast-disable-related-posts":"","theme-transparent-header-meta":"","adv-header-id-meta":"","stick-header-meta":"","header-above-stick-meta":"","header-main-stick-meta":"","header-below-stick-meta":"","astra-migrate-meta-layouts":"default","ast-page-background-enabled":"default","ast-page-background-meta":{"desktop":{"background-color":"","background-image":"","background-repeat":"repeat","background-position":"center center","background-size":"auto","background-attachment":"scroll","background-type":"","background-media":"","overlay-type":"","overlay-color":"","overlay-opacity":"","overlay-gradient":""},"tablet":{"background-color":"","background-image":"","background-repeat":"repeat","background-position":"center center","background-size":"auto","background-attachment":"scroll","background-type":"","background-media":"","overlay-type":"","overlay-color":"","overlay-opacity":"","overlay-gradient":""},"mobile":{"background-color":"","background-image":"","background-repeat":"repeat","background-position":"center center","background-size":"auto","background-attachment":"scroll","background-type":"","background-media":"","overlay-type":"","overlay-color":"","overlay-opacity":"","overlay-gradient":""}},"ast-content-background-meta":{"desktop":{"background-color":"var(--ast-global-color-5)","background-image":"","background-repeat":"repeat","background-position":"center center","background-size":"auto","background-attachment":"scroll","background-type":"","background-media":"","overlay-type":"","overlay-color":"","overlay-opacity":"","overlay-gradient":""},"tablet":{"background-color":"var(--ast-global-color-5)","background-image":"","background-repeat":"repeat","background-position":"center center","background-size":"auto","background-attachment":"scroll","background-type":"","background-media":"","overlay-type":"","overlay-color":"","overlay-opacity":"","overlay-gradient":""},"mobile":{"background-color":"var(--ast-global-color-5)","background-image":"","background-repeat":"repeat","background-position":"center center","background-size":"auto","background-attachment":"scroll","background-type":"","background-media":"","overlay-type":"","overlay-color":"","overlay-opacity":"","overlay-gradient":""}},"footnotes":""},"class_list":["post-5817","page","type-page","status-publish","hentry"],"aioseo_notices":[],"uagb_featured_image_src":{"full":false,"thumbnail":false,"medium":false,"medium_large":false,"large":false,"1536x1536":false,"2048x2048":false,"woocommerce_thumbnail":false,"woocommerce_single":false,"woocommerce_gallery_thumbnail":false},"uagb_author_info":{"display_name":"sigitas@omvi.lt","author_link":"https:\/\/lifevac.lt\/et\/blog\/author\/sigitasomvi-lt\/"},"uagb_comment_info":0,"uagb_excerpt":"l\u00e4mbumisoht Me k\u00f5ik oleme haavatavad! Kuigi enamik l\u00e4mbumisjuhtumeid esineb v\u00e4ga noortel ja eakatel, ei ole keegi t\u00e4iesti immuunne, isegi mitte terved noored t\u00e4iskasvanud. Neelamine on keeruline protsess, mida enamik meist peab enesestm\u00f5istetavaks. Kui aga j\u00e4rsku sisse hingata, v\u00f5ib hingamisteedesse sattuda v\u00f5\u00f5rkeha. Midagi ei saa pidada enesestm\u00f5istetavaks! Neid fakte kinnitavad ja dokumenteerivad paljud s\u00f5ltumatud rahvusvahelised organisatsioonid&hellip;","_links":{"self":[{"href":"https:\/\/lifevac.lt\/et\/wp-json\/wp\/v2\/pages\/5817","targetHints":{"allow":["GET"]}}],"collection":[{"href":"https:\/\/lifevac.lt\/et\/wp-json\/wp\/v2\/pages"}],"about":[{"href":"https:\/\/lifevac.lt\/et\/wp-json\/wp\/v2\/types\/page"}],"author":[{"embeddable":true,"href":"https:\/\/lifevac.lt\/et\/wp-json\/wp\/v2\/users\/1"}],"replies":[{"embeddable":true,"href":"https:\/\/lifevac.lt\/et\/wp-json\/wp\/v2\/comments?post=5817"}],"version-history":[{"count":1,"href":"https:\/\/lifevac.lt\/et\/wp-json\/wp\/v2\/pages\/5817\/revisions"}],"predecessor-version":[{"id":5819,"href":"https:\/\/lifevac.lt\/et\/wp-json\/wp\/v2\/pages\/5817\/revisions\/5819"}],"wp:attachment":[{"href":"https:\/\/lifevac.lt\/et\/wp-json\/wp\/v2\/media?parent=5817"}],"curies":[{"name":"wp","href":"https:\/\/api.w.org\/{rel}","templated":true}]}}