{"id":5804,"date":"2024-11-27T12:34:43","date_gmt":"2024-11-27T12:34:43","guid":{"rendered":"https:\/\/lifevac.lt\/mida-teha-ja-mida-mitte-teha-lambumise-korral\/"},"modified":"2025-03-12T09:45:44","modified_gmt":"2025-03-12T09:45:44","slug":"mida-teha-ja-mida-mitte-teha-lambumise-korral","status":"publish","type":"page","link":"https:\/\/lifevac.lt\/et\/mida-teha-ja-mida-mitte-teha-lambumise-korral\/","title":{"rendered":"Mida teha ja mida mitte teha l\u00e4mbumise korral"},"content":{"rendered":"\n<div class=\"wp-block-uagb-container uagb-block-25728d20 alignfull uagb-is-root-container\"><div class=\"uagb-container-inner-blocks-wrap\">\n<div class=\"wp-block-cover alignfull has-custom-content-position is-position-top-left\" style=\"margin-top:0;padding-top:5vw;padding-right:5vw;padding-bottom:5vw;padding-left:5vw;min-height:50vh;aspect-ratio:unset;\"><span aria-hidden=\"true\" class=\"wp-block-cover__background has-background-dim-30 has-background-dim\" style=\"background-color:#141414\"><\/span><img loading=\"lazy\" decoding=\"async\" width=\"2048\" height=\"1600\" class=\"wp-block-cover__image-background wp-image-3757\" alt=\"\" src=\"https:\/\/lifevac.lt\/wp-content\/uploads\/2024\/11\/Springimas.png\" style=\"object-position:50% 38%\" data-object-fit=\"cover\" data-object-position=\"50% 38%\" srcset=\"https:\/\/lifevac.lt\/wp-content\/uploads\/2024\/11\/Springimas.png 2048w, https:\/\/lifevac.lt\/wp-content\/uploads\/2024\/11\/Springimas-300x234.png 300w, https:\/\/lifevac.lt\/wp-content\/uploads\/2024\/11\/Springimas-1024x800.png 1024w, https:\/\/lifevac.lt\/wp-content\/uploads\/2024\/11\/Springimas-768x600.png 768w, https:\/\/lifevac.lt\/wp-content\/uploads\/2024\/11\/Springimas-1536x1200.png 1536w, https:\/\/lifevac.lt\/wp-content\/uploads\/2024\/11\/Springimas-600x469.png 600w\" sizes=\"auto, (max-width: 2048px) 100vw, 2048px\" \/><div class=\"wp-block-cover__inner-container is-layout-flow wp-block-cover-is-layout-flow\">\n<div class=\"wp-block-columns is-layout-flex wp-container-core-columns-is-layout-1 wp-block-columns-is-layout-flex\">\n<div class=\"wp-block-column is-layout-flow wp-block-column-is-layout-flow\">\n<div class=\"wp-block-uagb-info-box uagb-block-95ac242a uagb-infobox__content-wrap  uagb-infobox-icon-above-title uagb-infobox-image-valign-top\"><div class=\"uagb-ifb-content\"><div class=\"uagb-ifb-title-wrap\"><h3 class=\"uagb-ifb-title\">Mida teha ja mida mitte teha l\u00e4mbumise korral<\/h3><\/div><p class=\"uagb-ifb-desc\"><strong>Lisa Brody MD FACG<\/strong><br\/><strong>Autorist<\/strong><br\/>Dr. Lisa Brody on praktiseerinud gastroenteroloogina \u00fcle 30 aasta, spetsialiseerunud s\u00f6\u00f6gitoru liikuvuse ja neelamish\u00e4iretele.<\/p><\/div><\/div>\n<\/div>\n\n\n\n<div class=\"wp-block-column is-layout-flow wp-block-column-is-layout-flow\"><\/div>\n<\/div>\n<\/div><\/div>\n<\/div><\/div>\n\n<div class=\"wp-block-uagb-container uagb-block-34e29188 alignfull uagb-is-root-container\"><div class=\"uagb-container-inner-blocks-wrap\">\n<p><strong>Oled peol, k\u00f5ik naeravad, s\u00f6\u00f6vad ja naudivad, kui \u00e4kki h\u00fcppab su s\u00f5ber laua pealt \u00fcles, kurgust kinni hoides, ja hakkab siniseks muutuma, EI K\u00d5RVUSTATAKSE! Mida sa teed? <\/strong><br\/>Paljud inimesed on n\u00e4inud v\u00f5i kogenud l\u00e4mbumist, kuid kui paljud inimesed teavad tegelikult, mida teha? Selles artiklis arutame l\u00e4mbumisega seotud k\u00e4itumisjuhiseid ja keelde &#8211; olulised teadmised juhul, kui sarnane olukord juhtub teie l\u00e4heduses. <\/p>\n\n\n\n<figure class=\"wp-block-image aligncenter size-large is-style-default\"><img loading=\"lazy\" decoding=\"async\" width=\"1024\" height=\"683\" src=\"https:\/\/lifevac.lt\/wp-content\/uploads\/2024\/11\/pexels-photo-3184195-3184195-1024x683.jpg\" alt=\"Erinevate t&#xE4;iskasvanute r&#xFC;hm, kes naudib &#xFC;hist s&#xF6;&#xF6;ki siseruumides, &#xFC;lalt vaadatuna.\" class=\"wp-image-3752\" srcset=\"https:\/\/lifevac.lt\/wp-content\/uploads\/2024\/11\/pexels-photo-3184195-3184195-1024x683.jpg 1024w, https:\/\/lifevac.lt\/wp-content\/uploads\/2024\/11\/pexels-photo-3184195-3184195-300x200.jpg 300w, https:\/\/lifevac.lt\/wp-content\/uploads\/2024\/11\/pexels-photo-3184195-3184195-768x513.jpg 768w, https:\/\/lifevac.lt\/wp-content\/uploads\/2024\/11\/pexels-photo-3184195-3184195-1536x1025.jpg 1536w, https:\/\/lifevac.lt\/wp-content\/uploads\/2024\/11\/pexels-photo-3184195-3184195-2048x1367.jpg 2048w, https:\/\/lifevac.lt\/wp-content\/uploads\/2024\/11\/pexels-photo-3184195-3184195-600x400.jpg 600w\" sizes=\"auto, (max-width: 1024px) 100vw, 1024px\" \/><\/figure>\n\n\n\n<p>Tukastumine on \u00fcks juhtivaid \u00f5nnetusjuhtumite surma p\u00f5hjuseid kogu maailmas[1]. Ameerika \u00dchendriikides sureb iga viie p\u00e4eva tagant \u00fcks laps l\u00e4mbumise t\u00f5ttu, mis on \u0161okeeriv statistika[2]. Neelamisprotsess h\u00f5lmab n\u00e4rvide poolt kontrollitavate skeletilihaste kiiret ja keerulist koordineerimist, mist\u00f5ttu v\u00f5ivad erinevad neuroloogilised ja luu- ja lihaskonna haigused, sealhulgas insult, Parkinsoni t\u00f5bi ja sclerosis multiplex p\u00f5hjustada orofar\u00fcngeaalset d\u00fcsfaagiat. Samamoodi v\u00f5ivad ka paljud muud h\u00e4ired, vanusega seotud omadused, mille puhul koordinatsioon ei ole veel v\u00e4lja kujunenud, ja isegi lihtne t\u00e4helepanu k\u00f5rvalejuhtimine s\u00f6\u00f6mise ajal olla riskiteguriteks isegi tervetel inimestel. Kahjuks on ajastus v\u00e4ga oluline, sest ajukahjustus tekib 5 minuti jooksul p\u00e4rast t\u00e4ielikku hingamisteede sulgemist ja surm v\u00f5ib saabuda seitsme minuti jooksul[3]. 2015. aastal registreeriti 5 051 l\u00e4mbumisjuhtumit[4].     <\/p>\n<\/div><\/div>\n\n<div class=\"wp-block-uagb-container uagb-block-d5cf3572 alignfull uagb-is-root-container\"><div class=\"uagb-container-inner-blocks-wrap\">\n<h2 class=\"wp-block-heading\">Mida teha l\u00e4mbumise korral?<\/h2>\n\n\n\n<p>Esimene samm on ennetamine.<\/p>\n\n\n\n<p>K\u00f5ige suurem l\u00e4mbumisoht on alla viieaastastel lastel. Oluline on t\u00fckeldada toit v\u00e4ikesteks t\u00fckkideks ja tagada, et lapsed oleksid s\u00f6\u00f6mise ajal rahulikud ja h\u00e4ireteta. \u00c4RGE lubage lastel s\u00fc\u00fca autoistmel. On oluline, et k\u00f5ik, sealhulgas vanavanemad, abilised ja lapsehoidjad, teaksid l\u00e4mbumisprotokolli. Kui teil siiski tekib l\u00e4mbumine, <strong>\u00e4rge sattuge paanikasse<\/strong>!    <\/p>\n\n\n\n<p>K\u00f5igepealt hinnake, kas inimene on v\u00e4hemalt m\u00f5nev\u00f5rra inspireeriv v\u00f5i mitte. Kui ta vilistab, k\u00f6hib v\u00f5i aevastab, j\u00e4\u00e4ge rahulikuks ja laske tal ise takistus k\u00f5rvaldada. Helistage kohe h\u00e4daabinumbrile. Kui inimene ei suuda hingata ja muutub purpurpunaseks, lillaks v\u00f5i siniseks, algab l\u00e4mbumisvastase p\u00e4\u00e4stmise protokoll viie l\u00f6\u00f6giga seljale ja j\u00e4tkub Heimlichi man\u00f6\u00f6vriga. Heimlichi man\u00f6\u00f6ver p\u00f5hineb takistuse v\u00e4ljat\u00f5rjumisel hingamisteedest j\u00f5udu rakendades[5]. Seiske kannatanu selja taga, k\u00e4ed \u00fcmber kannatanu ja asetage oma rusikas naba \u00fclak\u00f5hule naban\u00f5lva ja rinnaku alumise osa vahele. Vajutage rusikaga vastu teise k\u00e4e peopesa ja suruge j\u00e4rsu tugeva liigutusega m\u00f5lema k\u00e4ega alla ja \u00fcles. Ameerika S\u00fcdame\u00fching soovitab vaheldumisi viis l\u00f6\u00f6ki seljale ja viis k\u00f5hut\u00f5mmet. Kui see ei aita, siis soovitatakse esmaabi elustamist kuni abi saabumiseni [6].        <\/p>\n<\/div><\/div>\n\n<div class=\"wp-block-uagb-container uagb-block-27b0f387 alignfull uagb-is-root-container\"><div class=\"uagb-container-inner-blocks-wrap\">\n<p>Ohver ei reageeri l\u00f6\u00f6kidele seljale ja k\u00f5hupressidele. Kiirabi ei ole veel saabunud. Mida teha? Ohver lamab n\u00fc\u00fcd p\u00f5randal ja on teadvuseta.   <\/p>\n\n\n\n<p>Elustamisalgoritmid n\u00e4evad ette elustamist, kuid rinnakupressioonid ja kunstlik hingamine ei aita, kui hingamisteed on blokeeritud. Siinkohal l\u00f5ppevad standardprotokollid! Kuni viimase ajani ei olnud l\u00e4mbuva inimese abistamiseks muud vahendit kui hingetoru punktsioon, kuid n\u00fc\u00fcd on v\u00e4lja tulnud uus seade nimega LifeVac. LifeVac on mitteinvasiivne, h\u00f5lpsasti kasutatav ja kantav seade, mis on m\u00f5eldud l\u00e4mbuva inimese elustamiseks, kui tavap\u00e4rased meetmed ei aita[7].   <\/p>\n\n\n\n<p>Nii et \u00f5nneks oli teie peo v\u00f5\u00f5rustajal see LifeVac seade oma k\u00f6\u00f6gis olemas. See on mask, mis katab nina ja suu ja on \u00fchendatud \u00fchesuunalise klapiga seadmega. Kui vajutate k\u00e4epidemele, surutakse \u00f5hk v\u00e4lja k\u00fclgmiste ventilatsiooniavade kaudu, mitte ohvrile, ja kui t\u00f5mbate tagasi, tekib negatiivne r\u00f5hk, mis t\u00f5mbab obstruktsiooni hingamisteedest v\u00e4lja. V\u00f5tate selle seadme, asetate maski ohvri nina ja suu kohale, et luua tihend, vajutate tugevalt alla ja t\u00f5mbate tagasi ning see ongi k\u00f5ik! H\u00e4ireid p\u00f5hjustanud praadit\u00fckk lendab maski sisse ja ohver hakkab taas hingama!!! See stsenaarium on selle uuendusliku seadme abil saanud reaalsuseks.    <\/p>\n\n\n\n<p>Seadme leiutas \u00fcks isa, kes kuulis lugu lapsest, kes toodi haigla erakorralise meditsiini osakonda juba surnuna, kuna ta oli viinamarjadest l\u00e4mbunud. Kuna tal oli ise laps, oli ta v\u00e4ga mures, et see v\u00f5ib juhtuda kellegagi, nii et ta l\u00e4ks oma garaa\u017ei ja hakkas katsetama kolbidega. Ta sai aru, et lihtsa imemisega saab hingamisteede ummistuse eemaldada, sest ummistus ei olnud ilmselt nii kinni, et seda ei saaks v\u00e4ikese j\u00f5uga eemaldada. K\u00fcmme aastat hiljem saab LifeVac iga p\u00e4ev teateid selle edukast kasutamisest l\u00e4mbumisolukordades &#8211; t\u00f5eliselt h\u00e4mmastav leiutis. Loodame, et \u00fchel p\u00e4eval ei sure keegi enam l\u00e4mbumisse.    <\/p>\n<\/div><\/div>\n\n<div class=\"wp-block-uagb-container uagb-block-ca251966 alignfull uagb-is-root-container\"><div class=\"uagb-container-inner-blocks-wrap\">\n<h3 class=\"wp-block-heading\">Lingid<\/h3>\n\n\n\n<ol class=\"wp-block-list\">\n<li>  Riikliku ohutusn\u00f5ukogu vigastuste faktid, 2019 <a href=\"http:\/\/nsc.org\/\">www.nsc.org<\/a><\/li>\n\n\n\n<li>Laste l\u00e4mbumise ennetamine New Yorgi osariigi tervishoiuministeerium <a href=\"https:\/\/www.health.ny.gov\/\">www.health.ny.gov<\/a><\/li>\n\n\n\n<li>Singh N, Sharma G, Mishra V. H\u00fcpoksia indutseeritav faktor-1: selle v\u00f5imalik roll aju isheemias.  <em>Cell Mol Neurobiol.  <\/em>{2012}  32:491-507. Doi 10.1044\/sasd17.4.143 <\/li>\n\n\n\n<li>N\u00f5ukogu NS. <em>N\u00e4pun\u00e4iteid l\u00e4mbumise ennetamiseks ja p\u00e4\u00e4stmiseks. <\/em>K\u00e4ttesaadav internetis aadressil: <a href=\"https:\/\/www.nsc.org\/home-safety\/safety-topics\/choking-suffocation\">https:\/\/www.nsc.org\/home-safety\/safety-topics\/choking-suffocation<\/a> {accessed veebruar 19, 2020}<\/li>\n\n\n\n<li>Heimlich HJ, Hoffman KA, Canestri FR. V\u00e4lise subdiafragmaatilise kompressiooniga v\u00e4lditud toidupuhastus- ja uppumissurmad. F\u00fcsioloogilised alused.    <em>Ann Thorac Surg.  <\/em>{1975}  20:188-95. Doi: 10.1016\/S0003-4975{10}63874-X. <\/li>\n\n\n\n<li>Ameerika S\u00fcdameassotsiatsiooni 2020. aasta juhised elustamisk\u00f5lblikuks elustamiseks ja elustamisk\u00f5lblikuks taastamiseks <em>cpr.heart.org <\/em><a href=\"https:\/\/www.cpr.heart.org\/en\/resuscitation-science\/cpr-and-ecc-guidelines\">https:\/\/www.cpr.heart.org\/en\/resuscitation-science\/cpr-and-ecc-guidelines<\/a><\/li>\n\n\n\n<li>Saperstein DM, Pugliesi PR, Ulteig C, Schreiber N. Lifevac-nimelise uudse seadme edukas kasutamine l\u00e4mbumisohvrite taaselustamiseks &#8211; \u00fclemaailmsed tulemused <em>Int J Clin Skills {2018} 12:217-9.doi:10.4172\/CLINICAL-SKILLS<\/em>.1000136.<\/li>\n<\/ol>\n<\/div><\/div>\n\n<p><\/p>\n\n<div class=\"wp-block-uagb-container uagb-block-a6a9ce96 alignfull uagb-is-root-container\"><div class=\"uagb-container-inner-blocks-wrap\"><\/div><\/div>\n","protected":false},"excerpt":{"rendered":"<p>Oled peol, k\u00f5ik naeravad, s\u00f6\u00f6vad ja naudivad, kui \u00e4kki h\u00fcppab su s\u00f5ber laua pealt \u00fcles, kurgust kinni hoides, ja hakkab siniseks muutuma, EI K\u00d5RVUSTATAKSE! Mida sa teed? Paljud inimesed on n\u00e4inud v\u00f5i kogenud l\u00e4mbumist, kuid kui paljud inimesed teavad tegelikult, mida teha? Selles artiklis arutame l\u00e4mbumisega seotud k\u00e4itumisjuhiseid ja keelde &#8211; olulised teadmised juhul, kui [&hellip;]<\/p>\n","protected":false},"author":1,"featured_media":0,"parent":0,"menu_order":0,"comment_status":"closed","ping_status":"closed","template":"","meta":{"_uag_custom_page_level_css":"","_monsterinsights_skip_tracking":false,"_monsterinsights_sitenote_active":false,"_monsterinsights_sitenote_note":"","_monsterinsights_sitenote_category":0,"site-sidebar-layout":"default","site-content-layout":"","ast-site-content-layout":"default","site-content-style":"default","site-sidebar-style":"default","ast-global-header-display":"","ast-banner-title-visibility":"","ast-main-header-display":"","ast-hfb-above-header-display":"","ast-hfb-below-header-display":"","ast-hfb-mobile-header-display":"","site-post-title":"disabled","ast-breadcrumbs-content":"","ast-featured-img":"","footer-sml-layout":"","ast-disable-related-posts":"","theme-transparent-header-meta":"","adv-header-id-meta":"","stick-header-meta":"","header-above-stick-meta":"","header-main-stick-meta":"","header-below-stick-meta":"","astra-migrate-meta-layouts":"default","ast-page-background-enabled":"default","ast-page-background-meta":{"desktop":{"background-color":"","background-image":"","background-repeat":"repeat","background-position":"center center","background-size":"auto","background-attachment":"scroll","background-type":"","background-media":"","overlay-type":"","overlay-color":"","overlay-opacity":"","overlay-gradient":""},"tablet":{"background-color":"","background-image":"","background-repeat":"repeat","background-position":"center center","background-size":"auto","background-attachment":"scroll","background-type":"","background-media":"","overlay-type":"","overlay-color":"","overlay-opacity":"","overlay-gradient":""},"mobile":{"background-color":"","background-image":"","background-repeat":"repeat","background-position":"center center","background-size":"auto","background-attachment":"scroll","background-type":"","background-media":"","overlay-type":"","overlay-color":"","overlay-opacity":"","overlay-gradient":""}},"ast-content-background-meta":{"desktop":{"background-color":"var(--ast-global-color-5)","background-image":"","background-repeat":"repeat","background-position":"center center","background-size":"auto","background-attachment":"scroll","background-type":"","background-media":"","overlay-type":"","overlay-color":"","overlay-opacity":"","overlay-gradient":""},"tablet":{"background-color":"var(--ast-global-color-5)","background-image":"","background-repeat":"repeat","background-position":"center center","background-size":"auto","background-attachment":"scroll","background-type":"","background-media":"","overlay-type":"","overlay-color":"","overlay-opacity":"","overlay-gradient":""},"mobile":{"background-color":"var(--ast-global-color-5)","background-image":"","background-repeat":"repeat","background-position":"center center","background-size":"auto","background-attachment":"scroll","background-type":"","background-media":"","overlay-type":"","overlay-color":"","overlay-opacity":"","overlay-gradient":""}},"footnotes":""},"class_list":["post-5804","page","type-page","status-publish","hentry"],"aioseo_notices":[],"uagb_featured_image_src":{"full":false,"thumbnail":false,"medium":false,"medium_large":false,"large":false,"1536x1536":false,"2048x2048":false,"woocommerce_thumbnail":false,"woocommerce_single":false,"woocommerce_gallery_thumbnail":false},"uagb_author_info":{"display_name":"sigitas@omvi.lt","author_link":"https:\/\/lifevac.lt\/et\/blog\/author\/sigitasomvi-lt\/"},"uagb_comment_info":0,"uagb_excerpt":"Oled peol, k\u00f5ik naeravad, s\u00f6\u00f6vad ja naudivad, kui \u00e4kki h\u00fcppab su s\u00f5ber laua pealt \u00fcles, kurgust kinni hoides, ja hakkab siniseks muutuma, EI K\u00d5RVUSTATAKSE! Mida sa teed? Paljud inimesed on n\u00e4inud v\u00f5i kogenud l\u00e4mbumist, kuid kui paljud inimesed teavad tegelikult, mida teha? Selles artiklis arutame l\u00e4mbumisega seotud k\u00e4itumisjuhiseid ja keelde &#8211; olulised teadmised juhul, kui&hellip;","_links":{"self":[{"href":"https:\/\/lifevac.lt\/et\/wp-json\/wp\/v2\/pages\/5804","targetHints":{"allow":["GET"]}}],"collection":[{"href":"https:\/\/lifevac.lt\/et\/wp-json\/wp\/v2\/pages"}],"about":[{"href":"https:\/\/lifevac.lt\/et\/wp-json\/wp\/v2\/types\/page"}],"author":[{"embeddable":true,"href":"https:\/\/lifevac.lt\/et\/wp-json\/wp\/v2\/users\/1"}],"replies":[{"embeddable":true,"href":"https:\/\/lifevac.lt\/et\/wp-json\/wp\/v2\/comments?post=5804"}],"version-history":[{"count":1,"href":"https:\/\/lifevac.lt\/et\/wp-json\/wp\/v2\/pages\/5804\/revisions"}],"predecessor-version":[{"id":5807,"href":"https:\/\/lifevac.lt\/et\/wp-json\/wp\/v2\/pages\/5804\/revisions\/5807"}],"wp:attachment":[{"href":"https:\/\/lifevac.lt\/et\/wp-json\/wp\/v2\/media?parent=5804"}],"curies":[{"name":"wp","href":"https:\/\/api.w.org\/{rel}","templated":true}]}}