{"id":5728,"date":"2024-11-12T08:59:04","date_gmt":"2024-11-12T08:59:04","guid":{"rendered":"https:\/\/lifevac.lt\/privaatsuspoliitika\/"},"modified":"2025-03-12T09:42:45","modified_gmt":"2025-03-12T09:42:45","slug":"privaatsuspoliitika","status":"publish","type":"page","link":"https:\/\/lifevac.lt\/et\/privaatsuspoliitika\/","title":{"rendered":"Privaatsuspoliitika"},"content":{"rendered":"\n<h2 class=\"wp-block-heading\"><strong>Privaatsuspoliitika<\/strong><\/h2>\n\n<h4 class=\"wp-block-heading\">Me hoolime teie isikuandmete turvalisusest ja privaatsusest.<\/h4>\n\n<h3 class=\"wp-block-heading\"><strong>Kes me (vastutav t\u00f6\u00f6tleja) oleme?<\/strong><\/h3>\n\n<p>Teie isikuandmete vastutav t\u00f6\u00f6tleja on UAB &#8220;Omnia vincit&#8221;, juriidilise isiku kood 304214143, aadress Draugyst\u0117s g. 17-1 LT-51229, Kaunas, Leedu, kontakttelefon +37062033145, e-posti aadress: info@lifevac.lt (edaspidi &#8211; m\u00fc\u00fcja v\u00f5i meie).  <\/p>\n\n<hr class=\"wp-block-separator has-alpha-channel-opacity\"\/>\n\n<h3 class=\"wp-block-heading\"><strong>Milliseid isikuandmeid me kogume?<\/strong><\/h3>\n\n<p>Kui k\u00fclastate meie veebisaiti, j\u00e4lgime:<br\/> vaadatud objekte: see aitab meil n\u00e4iteks n\u00e4idata teile hiljuti vaadatud objekte.<br\/> teie asukohta, IP-aadressi ja brauseri t\u00fc\u00fcpi: kasutame seda n\u00e4iteks maksude ja tarnekulude arvutamiseks.<br\/> teie tarneaadressi: palume teil sisestada selle aadressi, et saaksime n\u00e4iteks enne tellimuse esitamist arvutada tarnekulu ja saata teile tellimuse.<\/p>\n\n<p>Samuti kasutame k\u00fcpsiseid, et salvestada teie ostukorvi sisu meie veebisaidi sirvimise ajal.<\/p>\n\n<p>Registreerimisandmed &#8211; palun esitage registreerimise k\u00e4igus oma e-posti aadress ja seej\u00e4rel esitage oma isiklikud andmed omal \u00e4ran\u00e4gemisel.<\/p>\n\n<p>Ostuandmed &#8211; tellimuse vormistamisel m\u00e4rkige palun oma nimi, ettev\u00f5tte nimi (juriidiliste isikute puhul), aadress, e-posti aadress, telefoninumber, makseviis ja makseandmed, tarneviis. Neid andmeid kogutakse m\u00fc\u00fcgilepingu alusel.   <\/p>\n\n<p>K\u00fcpsised &#8211; koguvad andmeid teie k\u00e4itumise kohta livevac.lt veebipoes. Lisateavet k\u00fcpsiste kohta leiate aadressil <a href=\"https:\/\/lifevac.lt\/et\/kupsiste-poliitika\/\" title=\"\"><strong>meie k\u00fcpsiste poliitika<\/strong><\/a>. Seda teavet kogutakse teie n\u00f5usoleku alusel.  <\/p>\n\n<p>Tagasiside ja p\u00e4ringud &#8211; kui teete p\u00e4ringu v\u00f5i j\u00e4tate tagasisidet toodete kohta, kogume selliseid andmeid nagu teie ees- ja perekonnanimi, telefoninumber ja e-posti aadress.<\/p>\n\n<p>Anal\u00fc\u00fctilised andmed &#8211; selleks, et h\u00f5lbustada meie veebipoe kasutamist ja parandada selle toimimist, kogume teavet teie ostuajaloo, sirvimisajaloo, maksmise ajaloo, teie ostude kohta antud tagasiside ning teie ja meie vahelise suhtluse, sealhulgas elektroonilise kirjavahetuse ajaloo kohta. Seda teavet kogutakse \u00f5igustatud huvi alusel. <\/p>\n\n<hr class=\"wp-block-separator has-alpha-channel-opacity\"\/>\n\n<h3 class=\"wp-block-heading\"><strong>Teistelt veebisaitidelt \u00fcleslaetud sisu.<\/strong><\/h3>\n\n<p>See veebisait v\u00f5ib sisaldada teiselt veebisaidilt \u00fcleslaetud sisu (n\u00e4iteks videod, pildid, tekst jne). Sellise \u00fcleslaetud sisu vaatamine ja sellega suhtlemine on v\u00f5rdne nende veebisaitide k\u00fclastamisega, kust sisu on \u00fcleslaetud. <\/p>\n\n<p>Need veebisaidid v\u00f5ivad koguda teie kohta andmeid, kasutada k\u00fcpsiseid ja kolmandate isikute j\u00e4lgimisteenuseid ning j\u00e4lgida teie suhtlemist \u00fcleslaetud sisuga, sealhulgas juhul, kui teil on konto ja olete nendele veebisaitidele sisse logitud.<\/p>\n\n<hr class=\"wp-block-separator has-alpha-channel-opacity\"\/>\n\n<h3 class=\"wp-block-heading\"><strong>Millised on isikuandmete t\u00f6\u00f6tlemise eesm\u00e4rgid?<\/strong><\/h3>\n\n<p>Me kogume teie isikuandmeid ainult kindlaksm\u00e4\u00e4ratud, selgetel ja seaduslikel eesm\u00e4rkidel:<\/p>\n\n<ul class=\"wp-block-list\">\n<li>Et v\u00f5imaldada juurdep\u00e4\u00e4su veebipoele lifevac.lt (registreerimisandmed)<\/li>\n\n\n\n<li>M\u00fc\u00fcgi ja p\u00e4ringute haldamine (registreerimised, ostuandmed, tagasiside ja p\u00e4ringud).<\/li>\n\n\n\n<li>Selleks, et muuta lifevac.lt kasutamine mugavaks ja lihtsaks, teostame oma veebilehel anal\u00fc\u00fctikat (k\u00fcpsised, anal\u00fc\u00fctilised andmed, tagasiside ja p\u00e4ringud).<\/li>\n<\/ul>\n\n<div class=\"wp-block-uagb-container uagb-layout-grid uagb-block-27716ae4 alignfull uagb-is-root-container\"><div class=\"uagb-container-inner-blocks-wrap\">\n<p style=\"margin-top:0;margin-bottom:0\">Me kasutame kogutud teavet n\u00e4iteks j\u00e4rgmistel eesm\u00e4rkidel:  <\/p>\n\n\n\n<ul style=\"margin-top:0;margin-bottom:0\" class=\"wp-block-list\">\n<li>Et saata teile teavet teie konto ja tellimuse kohta<\/li>\n\n\n\n<li>Vastata teie p\u00e4ringutele,<strong> <\/strong>, sealhulgas tagasimaksetele ja kaebustele.<\/li>\n\n\n\n<li>T\u00f6\u00f6tlema makseid ja ennetama pettusi<\/li>\n\n\n\n<li>Loo oma konto meie poes<\/li>\n\n\n\n<li>\u00f5iguslikud kohustused, n\u00e4iteks maksude m\u00e4\u00e4ramine<\/li>\n\n\n\n<li>Parandada meie poes pakutavat toodet<\/li>\n\n\n\n<li>saata teile turunduss\u00f5numeid, kui te soovite neid saada.<\/li>\n<\/ul>\n<\/div><\/div>\n\n<p>Teil on \u00f5igus igal ajal esitada vastuv\u00e4iteid oma isikuandmete t\u00f6\u00f6tlemisele teie n\u00f5usoleku alusel. Kui soovite oma isikuandmete t\u00f6\u00f6tlemiseks antud n\u00f5usolekut tagasi v\u00f5tta, v\u00f5tke meiega \u00fchendust e-posti aadressil <a href=\"mailto:info@omvi.lt\">info@lifevac.lt.<\/a> Ilma kohustuslike andmeteta ei ole meil siiski v\u00f5imalik teie ostu v\u00f5i p\u00e4ringuid t\u00e4ita.   <\/p>\n\n<p>Samuti saate oma isikuandmeid parandada, logides sisse oma profiili.<\/p>\n\n<hr class=\"wp-block-separator has-alpha-channel-opacity\"\/>\n\n<h3 class=\"wp-block-heading\"><strong>Kellele me teie isikuandmeid edastame?<\/strong><\/h3>\n\n<p>Me v\u00f5ime edastada teie isikuandmeid kolmandatele isikutele teie tellimuse t\u00e4itmiseks. Edastame teie isikuandmeid ainult siis, kui see on vajalik teie tellimuse n\u00f5uetekohaseks t\u00e4itmiseks. Teie isikuandmeid edastatakse teenusepakkujatele, n\u00e4iteks tarneettev\u00f5tetele, maksete kogumise ettev\u00f5tetele v\u00f5i muudele ettev\u00f5tetele, kes pakuvad m\u00fc\u00fcjale teenuseid.  <\/p>\n\n<p>Kohtumenetluse korral v\u00f5idakse teie isikuandmeid edastada kolmandatele isikutele, riiklikele institutsioonidele Leedu Vabariigi \u00f5igusaktidega kehtestatud korras. Selleks, et j\u00e4rgida oma \u00f5igustatud huvi \u00f5iguslike n\u00f5uete esitamisel, esitamisel ja kaitsmisel, v\u00f5ime edastada teie isikuandmeid \u00f5iguskaitseasutustele, riiklikele ja kohalikele asutustele. <\/p>\n\n<hr class=\"wp-block-separator has-alpha-channel-opacity\"\/>\n\n<h3 class=\"wp-block-heading\"><strong>Kui kaua me teie isikuandmeid s\u00e4ilitame?<\/strong><\/h3>\n\n<p>Teie isikuandmeid s\u00e4ilitatakse nii kaua, kui see on vajalik kauba ostulepingu t\u00e4itmiseks, kuid mitte v\u00e4hem kui aja jooksul, mille jooksul me oleme kohustatud seda tegema vastavalt meie tegevust reguleerivatele \u00f5igusaktidele. Teie isikuandmeid, mida t\u00f6\u00f6deldakse p\u00e4rast teie n\u00f5usoleku andmist, t\u00f6\u00f6deldakse ja s\u00e4ilitatakse kuni teie n\u00f5usoleku t\u00fchistamise kuup\u00e4evani. <\/p>\n\n<p>Kui taotlete parooli l\u00e4htestamist, lisatakse teie IP-aadress l\u00e4htestamise e-kirjale. <\/p>\n\n<p>Kui registreerute meie veebisaidil ja saate kasutajaks, salvestame k\u00f5ik teie poolt esitatud isikuandmed teie kontole. Iga kasutaja saab oma isikuandmeid (v\u00e4lja arvatud kasutajanime) igal ajal vaadata, muuta ja kustutada. Saidi administraatorid saavad neid andmeid samuti vaadata ja muuta.  <\/p>\n","protected":false},"excerpt":{"rendered":"<p>Privaatsuspoliitika Me hoolime teie isikuandmete turvalisusest ja privaatsusest. Kes me (vastutav t\u00f6\u00f6tleja) oleme? Teie isikuandmete vastutav t\u00f6\u00f6tleja on UAB &#8220;Omnia vincit&#8221;, juriidilise isiku kood 304214143, aadress Draugyst\u0117s g. 17-1 LT-51229, Kaunas, Leedu, kontakttelefon +37062033145, e-posti aadress: info@lifevac.lt (edaspidi &#8211; m\u00fc\u00fcja v\u00f5i meie). Milliseid isikuandmeid me kogume? Kui k\u00fclastate meie veebisaiti, j\u00e4lgime: vaadatud objekte: see aitab [&hellip;]<\/p>\n","protected":false},"author":1,"featured_media":0,"parent":0,"menu_order":0,"comment_status":"closed","ping_status":"closed","template":"","meta":{"_uag_custom_page_level_css":"","_monsterinsights_skip_tracking":false,"_monsterinsights_sitenote_active":false,"_monsterinsights_sitenote_note":"","_monsterinsights_sitenote_category":0,"site-sidebar-layout":"default","site-content-layout":"","ast-site-content-layout":"default","site-content-style":"default","site-sidebar-style":"default","ast-global-header-display":"","ast-banner-title-visibility":"","ast-main-header-display":"","ast-hfb-above-header-display":"","ast-hfb-below-header-display":"","ast-hfb-mobile-header-display":"","site-post-title":"disabled","ast-breadcrumbs-content":"","ast-featured-img":"","footer-sml-layout":"","ast-disable-related-posts":"","theme-transparent-header-meta":"","adv-header-id-meta":"","stick-header-meta":"","header-above-stick-meta":"","header-main-stick-meta":"","header-below-stick-meta":"","astra-migrate-meta-layouts":"default","ast-page-background-enabled":"default","ast-page-background-meta":{"desktop":{"background-color":"","background-image":"","background-repeat":"repeat","background-position":"center center","background-size":"auto","background-attachment":"scroll","background-type":"","background-media":"","overlay-type":"","overlay-color":"","overlay-opacity":"","overlay-gradient":""},"tablet":{"background-color":"","background-image":"","background-repeat":"repeat","background-position":"center center","background-size":"auto","background-attachment":"scroll","background-type":"","background-media":"","overlay-type":"","overlay-color":"","overlay-opacity":"","overlay-gradient":""},"mobile":{"background-color":"","background-image":"","background-repeat":"repeat","background-position":"center center","background-size":"auto","background-attachment":"scroll","background-type":"","background-media":"","overlay-type":"","overlay-color":"","overlay-opacity":"","overlay-gradient":""}},"ast-content-background-meta":{"desktop":{"background-color":"var(--ast-global-color-5)","background-image":"","background-repeat":"repeat","background-position":"center center","background-size":"auto","background-attachment":"scroll","background-type":"","background-media":"","overlay-type":"","overlay-color":"","overlay-opacity":"","overlay-gradient":""},"tablet":{"background-color":"var(--ast-global-color-5)","background-image":"","background-repeat":"repeat","background-position":"center center","background-size":"auto","background-attachment":"scroll","background-type":"","background-media":"","overlay-type":"","overlay-color":"","overlay-opacity":"","overlay-gradient":""},"mobile":{"background-color":"var(--ast-global-color-5)","background-image":"","background-repeat":"repeat","background-position":"center center","background-size":"auto","background-attachment":"scroll","background-type":"","background-media":"","overlay-type":"","overlay-color":"","overlay-opacity":"","overlay-gradient":""}},"footnotes":""},"class_list":["post-5728","page","type-page","status-publish","hentry"],"aioseo_notices":[],"uagb_featured_image_src":{"full":false,"thumbnail":false,"medium":false,"medium_large":false,"large":false,"1536x1536":false,"2048x2048":false,"woocommerce_thumbnail":false,"woocommerce_single":false,"woocommerce_gallery_thumbnail":false},"uagb_author_info":{"display_name":"sigitas@omvi.lt","author_link":"https:\/\/lifevac.lt\/et\/blog\/author\/sigitasomvi-lt\/"},"uagb_comment_info":0,"uagb_excerpt":"Privaatsuspoliitika Me hoolime teie isikuandmete turvalisusest ja privaatsusest. Kes me (vastutav t\u00f6\u00f6tleja) oleme? Teie isikuandmete vastutav t\u00f6\u00f6tleja on UAB &#8220;Omnia vincit&#8221;, juriidilise isiku kood 304214143, aadress Draugyst\u0117s g. 17-1 LT-51229, Kaunas, Leedu, kontakttelefon +37062033145, e-posti aadress: info@lifevac.lt (edaspidi &#8211; m\u00fc\u00fcja v\u00f5i meie). Milliseid isikuandmeid me kogume? Kui k\u00fclastate meie veebisaiti, j\u00e4lgime: vaadatud objekte: see aitab&hellip;","_links":{"self":[{"href":"https:\/\/lifevac.lt\/et\/wp-json\/wp\/v2\/pages\/5728","targetHints":{"allow":["GET"]}}],"collection":[{"href":"https:\/\/lifevac.lt\/et\/wp-json\/wp\/v2\/pages"}],"about":[{"href":"https:\/\/lifevac.lt\/et\/wp-json\/wp\/v2\/types\/page"}],"author":[{"embeddable":true,"href":"https:\/\/lifevac.lt\/et\/wp-json\/wp\/v2\/users\/1"}],"replies":[{"embeddable":true,"href":"https:\/\/lifevac.lt\/et\/wp-json\/wp\/v2\/comments?post=5728"}],"version-history":[{"count":1,"href":"https:\/\/lifevac.lt\/et\/wp-json\/wp\/v2\/pages\/5728\/revisions"}],"predecessor-version":[{"id":5730,"href":"https:\/\/lifevac.lt\/et\/wp-json\/wp\/v2\/pages\/5728\/revisions\/5730"}],"wp:attachment":[{"href":"https:\/\/lifevac.lt\/et\/wp-json\/wp\/v2\/media?parent=5728"}],"curies":[{"name":"wp","href":"https:\/\/api.w.org\/{rel}","templated":true}]}}