{"id":5684,"date":"2024-11-20T10:42:51","date_gmt":"2024-11-20T10:42:51","guid":{"rendered":"https:\/\/lifevac.lt\/tagastab\/"},"modified":"2025-03-12T09:40:16","modified_gmt":"2025-03-12T09:40:16","slug":"tagastab","status":"publish","type":"page","link":"https:\/\/lifevac.lt\/et\/tagastab\/","title":{"rendered":"Tagastab"},"content":{"rendered":"\n<div class=\"wp-block-uagb-container uagb-block-be818e7d alignfull uagb-is-root-container\"><div class=\"uagb-container-inner-blocks-wrap\">\n<h2 class=\"wp-block-heading\">Tagastamistingimused<\/h2>\n\n\n\n<div class=\"wp-block-uagb-info-box uagb-block-147a915c uagb-infobox__content-wrap  uagb-infobox-icon-above-title uagb-infobox-image-valign-top\"><div class=\"uagb-ifb-content\"><div class=\"uagb-ifb-title-wrap\"><\/div><p class=\"uagb-ifb-desc\">Meie jaoks on k\u00f5ige t\u00e4htsam, et te oleksite oma ostuga LifeVac.lt rahul. Kui mingil p\u00f5hjusel ei ole teie ootused t\u00e4itunud, \u00e4rge muretsege &#8211; saate toote h\u00f5lpsasti tagastada v\u00f5i \u00fcmber vahetada. <\/p><\/div><\/div>\n\n\n\n<h3 class=\"wp-block-heading\"><strong>Kuidas toimivad tagasimaksed?<\/strong><\/h3>\n\n\n\n<ol class=\"wp-block-list\">\n<li><strong>Tingimused:<\/strong> Teil on toote tagastamiseks v\u00f5i vahetamiseks aega 14 p\u00e4eva alates selle k\u00e4ttesaamise kuup\u00e4evast.<\/li>\n\n\n\n<li><strong>Tingimus:<\/strong> Tagastatud toode peab olema <strong>kasutamata, koos k\u00f5igi tarvikutega ja originaalpakendis<\/strong>. <strong>Samuti peab pakendil olev kaitsekleebis (kontrollitud kvaliteet) olema puutumata.<\/strong><\/li>\n\n\n\n<li><strong>Dokumentatsioon:<\/strong> esitage ostut\u00f5end (arve, tellimuse number v\u00f5i tellimuse kinnitus).<\/li>\n<\/ol>\n\n\n\n<h3 class=\"wp-block-heading\"><strong>Kuidas alustada tagasimaksmist?<\/strong><\/h3>\n\n\n\n<ol class=\"wp-block-list\">\n<li><strong>Kontakt:<\/strong> kirjuta meile aadressil<a> info@lifevac.lt.<\/a> <\/li>\n\n\n\n<li><strong>Valmistage saadetis ette:<\/strong> pakendage kaup kindlalt ja lisage ostudokumendid.<\/li>\n\n\n\n<li><strong>Tagastamine:<\/strong> J\u00e4rgige meie meeskonna juhiseid tagastamisaadressi kohta.<\/li>\n<\/ol>\n\n\n\n<h3 class=\"wp-block-heading\"><strong>Mida peaksin tegema defektse v\u00f5i kahjustatud kauba puhul?<\/strong><\/h3>\n\n\n\n<p>Kui toode on kahjustatud v\u00f5i defektne, v\u00f5tke meiega viivitamatult \u00fchendust. Me hoolitseme selle eest, et teie probleem lahendatakse kiiresti &#8211; tavaliselt vahetame toote v\u00e4lja ilma lisakuludeta. <\/p>\n\n\n\n<h3 class=\"wp-block-heading\"><strong>Mis saab edasi?<\/strong><\/h3>\n\n\n\n<ul class=\"wp-block-list\">\n<li><strong>Tagasimaksed:<\/strong> Kui oleme teie toote k\u00e4tte saanud ja kontrollinud, tagastame teie raha teie algsele maksekontole 3 t\u00f6\u00f6p\u00e4eva jooksul.<\/li>\n\n\n\n<li><strong>Vahetused:<\/strong> Kui soovite toodet vahetada, saadame teile soovitud variandi, kui see on laos olemas.<\/li>\n<\/ul>\n<\/div><\/div>\n","protected":false},"excerpt":{"rendered":"<p>Tagastamistingimused Kuidas toimivad tagasimaksed? Kuidas alustada tagasimaksmist? Mida peaksin tegema defektse v\u00f5i kahjustatud kauba puhul? Kui toode on kahjustatud v\u00f5i defektne, v\u00f5tke meiega viivitamatult \u00fchendust. Me hoolitseme selle eest, et teie probleem lahendatakse kiiresti &#8211; tavaliselt vahetame toote v\u00e4lja ilma lisakuludeta. Mis saab edasi?<\/p>\n","protected":false},"author":1,"featured_media":0,"parent":0,"menu_order":0,"comment_status":"closed","ping_status":"closed","template":"","meta":{"_uag_custom_page_level_css":"","_monsterinsights_skip_tracking":false,"_monsterinsights_sitenote_active":false,"_monsterinsights_sitenote_note":"","_monsterinsights_sitenote_category":0,"site-sidebar-layout":"default","site-content-layout":"","ast-site-content-layout":"default","site-content-style":"default","site-sidebar-style":"default","ast-global-header-display":"","ast-banner-title-visibility":"","ast-main-header-display":"","ast-hfb-above-header-display":"","ast-hfb-below-header-display":"","ast-hfb-mobile-header-display":"","site-post-title":"disabled","ast-breadcrumbs-content":"","ast-featured-img":"","footer-sml-layout":"","ast-disable-related-posts":"","theme-transparent-header-meta":"","adv-header-id-meta":"","stick-header-meta":"","header-above-stick-meta":"","header-main-stick-meta":"","header-below-stick-meta":"","astra-migrate-meta-layouts":"default","ast-page-background-enabled":"default","ast-page-background-meta":{"desktop":{"background-color":"","background-image":"","background-repeat":"repeat","background-position":"center center","background-size":"auto","background-attachment":"scroll","background-type":"","background-media":"","overlay-type":"","overlay-color":"","overlay-opacity":"","overlay-gradient":""},"tablet":{"background-color":"","background-image":"","background-repeat":"repeat","background-position":"center center","background-size":"auto","background-attachment":"scroll","background-type":"","background-media":"","overlay-type":"","overlay-color":"","overlay-opacity":"","overlay-gradient":""},"mobile":{"background-color":"","background-image":"","background-repeat":"repeat","background-position":"center center","background-size":"auto","background-attachment":"scroll","background-type":"","background-media":"","overlay-type":"","overlay-color":"","overlay-opacity":"","overlay-gradient":""}},"ast-content-background-meta":{"desktop":{"background-color":"var(--ast-global-color-5)","background-image":"","background-repeat":"repeat","background-position":"center center","background-size":"auto","background-attachment":"scroll","background-type":"","background-media":"","overlay-type":"","overlay-color":"","overlay-opacity":"","overlay-gradient":""},"tablet":{"background-color":"var(--ast-global-color-5)","background-image":"","background-repeat":"repeat","background-position":"center center","background-size":"auto","background-attachment":"scroll","background-type":"","background-media":"","overlay-type":"","overlay-color":"","overlay-opacity":"","overlay-gradient":""},"mobile":{"background-color":"var(--ast-global-color-5)","background-image":"","background-repeat":"repeat","background-position":"center center","background-size":"auto","background-attachment":"scroll","background-type":"","background-media":"","overlay-type":"","overlay-color":"","overlay-opacity":"","overlay-gradient":""}},"footnotes":""},"class_list":["post-5684","page","type-page","status-publish","hentry"],"aioseo_notices":[],"uagb_featured_image_src":{"full":false,"thumbnail":false,"medium":false,"medium_large":false,"large":false,"1536x1536":false,"2048x2048":false,"woocommerce_thumbnail":false,"woocommerce_single":false,"woocommerce_gallery_thumbnail":false},"uagb_author_info":{"display_name":"sigitas@omvi.lt","author_link":"https:\/\/lifevac.lt\/et\/blog\/author\/sigitasomvi-lt\/"},"uagb_comment_info":0,"uagb_excerpt":"Tagastamistingimused Kuidas toimivad tagasimaksed? Kuidas alustada tagasimaksmist? Mida peaksin tegema defektse v\u00f5i kahjustatud kauba puhul? Kui toode on kahjustatud v\u00f5i defektne, v\u00f5tke meiega viivitamatult \u00fchendust. Me hoolitseme selle eest, et teie probleem lahendatakse kiiresti &#8211; tavaliselt vahetame toote v\u00e4lja ilma lisakuludeta. Mis saab edasi?","_links":{"self":[{"href":"https:\/\/lifevac.lt\/et\/wp-json\/wp\/v2\/pages\/5684","targetHints":{"allow":["GET"]}}],"collection":[{"href":"https:\/\/lifevac.lt\/et\/wp-json\/wp\/v2\/pages"}],"about":[{"href":"https:\/\/lifevac.lt\/et\/wp-json\/wp\/v2\/types\/page"}],"author":[{"embeddable":true,"href":"https:\/\/lifevac.lt\/et\/wp-json\/wp\/v2\/users\/1"}],"replies":[{"embeddable":true,"href":"https:\/\/lifevac.lt\/et\/wp-json\/wp\/v2\/comments?post=5684"}],"version-history":[{"count":1,"href":"https:\/\/lifevac.lt\/et\/wp-json\/wp\/v2\/pages\/5684\/revisions"}],"predecessor-version":[{"id":5686,"href":"https:\/\/lifevac.lt\/et\/wp-json\/wp\/v2\/pages\/5684\/revisions\/5686"}],"wp:attachment":[{"href":"https:\/\/lifevac.lt\/et\/wp-json\/wp\/v2\/media?parent=5684"}],"curies":[{"name":"wp","href":"https:\/\/api.w.org\/{rel}","templated":true}]}}